{"id":42,"date":"2020-03-21T12:10:20","date_gmt":"2020-03-21T11:10:20","guid":{"rendered":"https:\/\/timammdouar.fr\/?page_id=42"},"modified":"2020-05-06T21:31:34","modified_gmt":"2020-05-06T19:31:34","slug":"produits-laitiers-de-chevre","status":"publish","type":"page","link":"https:\/\/timammdouar.fr\/en\/nos-produits\/produits-laitiers-de-chevre\/","title":{"rendered":"Produits laitiers de ch\u00e8vre"},"content":{"rendered":"<div class=\"wp-block-getwid-banner page_banner_img has-animation-style4 has-text-animation-opacity-bottom has-foreground-0 alignfull\"><a href=\"#\" class=\"wp-block-getwid-banner__link\"><div class=\"wp-block-getwid-banner__wrapper\"><img loading=\"lazy\" decoding=\"async\" width=\"2000\" height=\"331\" src=\"https:\/\/timammdouar.fr\/wp-content\/uploads\/2020\/05\/banner-produits-laitiers-min.jpg\" alt=\"\" class=\"wp-block-getwid-banner__image wp-block-getwid-banner__source wp-image-1454\" srcset=\"https:\/\/timammdouar.fr\/wp-content\/uploads\/2020\/05\/banner-produits-laitiers-min.jpg 2000w, https:\/\/timammdouar.fr\/wp-content\/uploads\/2020\/05\/banner-produits-laitiers-min-300x50.jpg 300w, https:\/\/timammdouar.fr\/wp-content\/uploads\/2020\/05\/banner-produits-laitiers-min-1024x169.jpg 1024w, https:\/\/timammdouar.fr\/wp-content\/uploads\/2020\/05\/banner-produits-laitiers-min-768x127.jpg 768w, https:\/\/timammdouar.fr\/wp-content\/uploads\/2020\/05\/banner-produits-laitiers-min-1536x254.jpg 1536w, https:\/\/timammdouar.fr\/wp-content\/uploads\/2020\/05\/banner-produits-laitiers-min-600x99.jpg 600w\" sizes=\"auto, (max-width: 2000px) 100vw, 2000px\" \/><div class=\"wp-block-getwid-banner__caption\" style=\"min-height:300px\"><div class=\"wp-block-getwid-banner__caption-wrapper\"><\/div><\/div><\/div><\/a><\/div>\n\n\n\n<div class=\"wp-block-getwid-section alignfull getwid-anim fadeInUpShort getwid-margin-bottom-none getwid-section-content-full-width\" data-wow-duration=\"1500ms\" data-wow-delay=\"200ms\"><div class=\"wp-block-getwid-section__wrapper getwid-padding-bottom-none getwid-align-items-flex-start\"><div class=\"wp-block-getwid-section__inner-wrapper\"><div class=\"wp-block-getwid-section__background-holder\"><div class=\"wp-block-getwid-section__background\"><\/div><div class=\"wp-block-getwid-section__foreground\"><\/div><\/div><div class=\"wp-block-getwid-section__content\"><div class=\"wp-block-getwid-section__inner-content\">\n<div class=\"wp-block-ugb-container ugb-container ugb-57c81dd ugb-container--v2 ugb-container--design-plain ugb-container--width-small ugb-main-block\" id=\"\"><style>.ugb-57c81dd.ugb-container{margin-top:0px !important;margin-bottom:0px !important;padding-bottom:0px !important}<\/style><div class=\"ugb-inner-block\"><div class=\"ugb-block-content\"><div class=\"ugb-container__wrapper ugb-57c81dd-wrapper\"><div class=\"ugb-container__side\"><div class=\"ugb-container__content-wrapper ugb-57c81dd-content-wrapper\">\n<p class=\"has-drop-cap has-medium-font-size container_xmargin_10vw\">Nous vous proposons des produits laitiers de ch\u00e8vres poitevines (cette race, au lait de grande qualit\u00e9, fait l\u2019objet d\u2019un programme de r\u00e9introduction, et nous sommes, \u00e0 ce titre, membre de l\u2019ADDCP) qui gambadent toute l\u2019ann\u00e9e sur de belles p\u00e2tures aussi verdoyantes que vallonn\u00e9es et dont le cycle naturel de reproduction est respect\u00e9. Ici, la traite s\u2019effectue \u00e0 la main en tenant compte du caract\u00e8re et de la sensibilit\u00e9 de chacune de nos ch\u00e8vres qui portent un nom, sont soign\u00e9es naturellement et allaitent leurs chevreaux jusqu\u2019\u00e0 ce qu\u2019ils soient sevr\u00e9s. Gr\u00e2ce \u00e0 elles, vous pouvez d\u00e9guster :<\/p>\n\n\n\n<div class=\"wp-block-ugb-container ugb-container container_xmargin_10vw ugb-3845bf2 ugb-container--v2 ugb-container--design-plain ugb-container--width-small ugb-main-block\" id=\"galerie_produits_laitier\"><style>.ugb-3845bf2.ugb-container{margin-bottom:0px !important;padding-bottom:0px !important}<\/style><div class=\"ugb-inner-block\"><div class=\"ugb-block-content\"><div class=\"ugb-container__wrapper ugb-3845bf2-wrapper\"><div class=\"ugb-container__side\"><div class=\"ugb-container__content-wrapper ugb-3845bf2-content-wrapper\">\n<div class=\"wp-block-columns is-layout-flex wp-container-core-columns-is-layout-9d6595d7 wp-block-columns-is-layout-flex\">\n<div class=\"wp-block-column is-layout-flow wp-block-column-is-layout-flow\">\n<div class=\"wp-block-getwid-image-box has-text-center has-mobile-layout-default has-mobile-alignment-default\"><div class=\"wp-block-getwid-image-box__image-container is-position-top\"><div class=\"wp-block-getwid-image-box__image-wrapper\"><img loading=\"lazy\" decoding=\"async\" width=\"800\" height=\"1202\" src=\"https:\/\/timammdouar.fr\/wp-content\/uploads\/2020\/04\/fromage-lactique-min-2.jpg\" class=\"wp-block-getwid-image-box__image wp-image-1288\" srcset=\"https:\/\/timammdouar.fr\/wp-content\/uploads\/2020\/04\/fromage-lactique-min-2.jpg 800w, https:\/\/timammdouar.fr\/wp-content\/uploads\/2020\/04\/fromage-lactique-min-2-200x300.jpg 200w, https:\/\/timammdouar.fr\/wp-content\/uploads\/2020\/04\/fromage-lactique-min-2-682x1024.jpg 682w, https:\/\/timammdouar.fr\/wp-content\/uploads\/2020\/04\/fromage-lactique-min-2-768x1154.jpg 768w, https:\/\/timammdouar.fr\/wp-content\/uploads\/2020\/04\/fromage-lactique-min-2-600x902.jpg 600w\" sizes=\"auto, (max-width: 800px) 100vw, 800px\" \/><\/div><\/div><div class=\"wp-block-getwid-image-box__content\">\n<p>Des fromages lactiques natures, du frais au sec<\/p>\n<\/div><\/div>\n<\/div>\n\n\n\n<div class=\"wp-block-column is-layout-flow wp-block-column-is-layout-flow\">\n<div class=\"wp-block-getwid-image-box has-text-center has-mobile-layout-default has-mobile-alignment-default\"><div class=\"wp-block-getwid-image-box__image-container is-position-top\"><div class=\"wp-block-getwid-image-box__image-wrapper\"><img loading=\"lazy\" decoding=\"async\" width=\"800\" height=\"1202\" src=\"https:\/\/timammdouar.fr\/wp-content\/uploads\/2020\/04\/fromage-a-tartiner-min-2.jpg\" alt=\"\" class=\"wp-block-getwid-image-box__image wp-image-1289\" srcset=\"https:\/\/timammdouar.fr\/wp-content\/uploads\/2020\/04\/fromage-a-tartiner-min-2.jpg 800w, https:\/\/timammdouar.fr\/wp-content\/uploads\/2020\/04\/fromage-a-tartiner-min-2-200x300.jpg 200w, https:\/\/timammdouar.fr\/wp-content\/uploads\/2020\/04\/fromage-a-tartiner-min-2-682x1024.jpg 682w, https:\/\/timammdouar.fr\/wp-content\/uploads\/2020\/04\/fromage-a-tartiner-min-2-768x1154.jpg 768w, https:\/\/timammdouar.fr\/wp-content\/uploads\/2020\/04\/fromage-a-tartiner-min-2-600x902.jpg 600w\" sizes=\"auto, (max-width: 800px) 100vw, 800px\" \/><\/div><\/div><div class=\"wp-block-getwid-image-box__content\">\n<p>Du fromage \u00e0 tartiner aux herbes fra\u00eeches du jour<\/p>\n<\/div><\/div>\n<\/div>\n\n\n\n<div class=\"wp-block-column is-layout-flow wp-block-column-is-layout-flow\">\n<div class=\"wp-block-getwid-image-box has-text-center has-mobile-layout-default has-mobile-alignment-default\"><div class=\"wp-block-getwid-image-box__image-container is-position-top\"><div class=\"wp-block-getwid-image-box__image-wrapper\"><img loading=\"lazy\" decoding=\"async\" width=\"800\" height=\"1202\" src=\"https:\/\/timammdouar.fr\/wp-content\/uploads\/2020\/04\/faisselle-min-2.jpg\" alt=\"\" class=\"wp-block-getwid-image-box__image wp-image-1290\" srcset=\"https:\/\/timammdouar.fr\/wp-content\/uploads\/2020\/04\/faisselle-min-2.jpg 800w, https:\/\/timammdouar.fr\/wp-content\/uploads\/2020\/04\/faisselle-min-2-200x300.jpg 200w, https:\/\/timammdouar.fr\/wp-content\/uploads\/2020\/04\/faisselle-min-2-682x1024.jpg 682w, https:\/\/timammdouar.fr\/wp-content\/uploads\/2020\/04\/faisselle-min-2-768x1154.jpg 768w, https:\/\/timammdouar.fr\/wp-content\/uploads\/2020\/04\/faisselle-min-2-600x902.jpg 600w\" sizes=\"auto, (max-width: 800px) 100vw, 800px\" \/><\/div><\/div><div class=\"wp-block-getwid-image-box__content\">\n<p>Des faisselles<\/p>\n<\/div><\/div>\n<\/div>\n\n\n\n<div class=\"wp-block-column is-layout-flow wp-block-column-is-layout-flow\">\n<div class=\"wp-block-getwid-image-box has-text-center has-mobile-layout-default has-mobile-alignment-default\"><div class=\"wp-block-getwid-image-box__image-container is-position-top\"><div class=\"wp-block-getwid-image-box__image-wrapper\"><img loading=\"lazy\" decoding=\"async\" width=\"800\" height=\"1202\" src=\"https:\/\/timammdouar.fr\/wp-content\/uploads\/2020\/04\/faisselle-min-3.jpg\" alt=\"\" class=\"wp-block-getwid-image-box__image wp-image-1339\" srcset=\"https:\/\/timammdouar.fr\/wp-content\/uploads\/2020\/04\/faisselle-min-3.jpg 800w, https:\/\/timammdouar.fr\/wp-content\/uploads\/2020\/04\/faisselle-min-3-200x300.jpg 200w, https:\/\/timammdouar.fr\/wp-content\/uploads\/2020\/04\/faisselle-min-3-682x1024.jpg 682w, https:\/\/timammdouar.fr\/wp-content\/uploads\/2020\/04\/faisselle-min-3-768x1154.jpg 768w, https:\/\/timammdouar.fr\/wp-content\/uploads\/2020\/04\/faisselle-min-3-600x902.jpg 600w\" sizes=\"auto, (max-width: 800px) 100vw, 800px\" \/><\/div><\/div><div class=\"wp-block-getwid-image-box__content\">\n<p>Du fromage blanc<\/p>\n<\/div><\/div>\n<\/div>\n\n\n\n<div class=\"wp-block-column is-layout-flow wp-block-column-is-layout-flow\">\n<div class=\"wp-block-getwid-image-box has-text-center has-mobile-layout-default has-mobile-alignment-default\"><div class=\"wp-block-getwid-image-box__image-container is-position-top\"><div class=\"wp-block-getwid-image-box__image-wrapper\"><img loading=\"lazy\" decoding=\"async\" width=\"800\" height=\"1202\" src=\"https:\/\/timammdouar.fr\/wp-content\/uploads\/2020\/04\/gourmandises-paysannes-min-2.jpg\" alt=\"\" class=\"wp-block-getwid-image-box__image wp-image-1291\" srcset=\"https:\/\/timammdouar.fr\/wp-content\/uploads\/2020\/04\/gourmandises-paysannes-min-2.jpg 800w, https:\/\/timammdouar.fr\/wp-content\/uploads\/2020\/04\/gourmandises-paysannes-min-2-200x300.jpg 200w, https:\/\/timammdouar.fr\/wp-content\/uploads\/2020\/04\/gourmandises-paysannes-min-2-682x1024.jpg 682w, https:\/\/timammdouar.fr\/wp-content\/uploads\/2020\/04\/gourmandises-paysannes-min-2-768x1154.jpg 768w, https:\/\/timammdouar.fr\/wp-content\/uploads\/2020\/04\/gourmandises-paysannes-min-2-600x902.jpg 600w\" sizes=\"auto, (max-width: 800px) 100vw, 800px\" \/><\/div><\/div><div class=\"wp-block-getwid-image-box__content\">\n<p>Occasionnellement, des gourmandises paysannes \u00e0 base de produits laitiers de ch\u00e8vre<\/p>\n<\/div><\/div>\n<\/div>\n<\/div>\n<\/div><\/div><\/div><\/div><\/div><\/div>\n<\/div><\/div><\/div><\/div><\/div><\/div>\n<\/div><\/div><\/div><\/div><\/div>","protected":false},"excerpt":{"rendered":"","protected":false},"author":1,"featured_media":0,"parent":32,"menu_order":3,"comment_status":"closed","ping_status":"closed","template":"","meta":{"_acf_changed":false,"footnotes":""},"class_list":["post-42","page","type-page","status-publish","hentry"],"acf":[],"featured_image_urls_v2":{"full":"","thumbnail":"","medium":"","medium_large":"","large":"","1536x1536":"","2048x2048":"","trp-custom-language-flag":"","extension-popular-post":"","woocommerce_thumbnail":"","woocommerce_single":"","woocommerce_gallery_thumbnail":""},"post_excerpt_stackable_v2":"<p>Nous vous proposons des produits laitiers de ch\u00e8vres poitevines (cette race, au lait de grande qualit\u00e9, fait l\u2019objet d\u2019un programme de r\u00e9introduction, et nous sommes, \u00e0 ce titre, membre de l\u2019ADDCP) qui gambadent toute l\u2019ann\u00e9e sur de belles p\u00e2tures aussi verdoyantes que vallonn\u00e9es et dont le cycle naturel de reproduction est respect\u00e9. Ici, la traite s\u2019effectue \u00e0 la main en tenant compte du caract\u00e8re et de la sensibilit\u00e9 de chacune de nos ch\u00e8vres qui portent un nom, sont soign\u00e9es naturellement et allaitent leurs chevreaux jusqu\u2019\u00e0 ce qu\u2019ils soient sevr\u00e9s. Gr\u00e2ce \u00e0 elles, vous pouvez d\u00e9guster : Des fromages lactiques natures,&hellip;<\/p>\n","category_list_v2":"","author_info_v2":{"name":"dlaxcess_timamm","url":"https:\/\/timammdouar.fr\/en\/author\/dlaxcess_timamm\/"},"comments_num_v2":"0 comments","yoast_head":"<!-- This site is optimized with the Yoast SEO plugin v27.4 - https:\/\/yoast.com\/product\/yoast-seo-wordpress\/ -->\n<title>Produits laitiers de ch\u00e8vre - Ti mamm douar<\/title>\n<meta name=\"robots\" content=\"index, follow, max-snippet:-1, max-image-preview:large, max-video-preview:-1\" \/>\n<link rel=\"canonical\" href=\"https:\/\/timammdouar.fr\/en\/nos-produits\/produits-laitiers-de-chevre\/\" \/>\n<meta property=\"og:locale\" content=\"en_GB\" \/>\n<meta property=\"og:type\" content=\"article\" \/>\n<meta property=\"og:title\" content=\"Produits laitiers de ch\u00e8vre - Ti mamm douar\" \/>\n<meta property=\"og:url\" content=\"https:\/\/timammdouar.fr\/en\/nos-produits\/produits-laitiers-de-chevre\/\" \/>\n<meta property=\"og:site_name\" content=\"Ti mamm douar\" \/>\n<meta property=\"article:publisher\" content=\"https:\/\/www.facebook.com\/Timammdouar.fermeagroeco\/\" \/>\n<meta property=\"article:modified_time\" content=\"2020-05-06T19:31:34+00:00\" \/>\n<meta property=\"og:image\" content=\"https:\/\/timammdouar.fr\/wp-content\/uploads\/2020\/05\/banner-produits-laitiers-min.jpg\" \/>\n<meta name=\"twitter:card\" content=\"summary_large_image\" \/>\n<meta name=\"twitter:label1\" content=\"Estimated reading time\" \/>\n\t<meta name=\"twitter:data1\" content=\"1 minute\" \/>\n<script type=\"application\/ld+json\" class=\"yoast-schema-graph\">{\"@context\":\"https:\\\/\\\/schema.org\",\"@graph\":[{\"@type\":\"WebPage\",\"@id\":\"https:\\\/\\\/timammdouar.fr\\\/nos-produits\\\/produits-laitiers-de-chevre\\\/\",\"url\":\"https:\\\/\\\/timammdouar.fr\\\/nos-produits\\\/produits-laitiers-de-chevre\\\/\",\"name\":\"Produits laitiers de ch\u00e8vre - Ti mamm douar\",\"isPartOf\":{\"@id\":\"https:\\\/\\\/timammdouar.fr\\\/#website\"},\"primaryImageOfPage\":{\"@id\":\"https:\\\/\\\/timammdouar.fr\\\/nos-produits\\\/produits-laitiers-de-chevre\\\/#primaryimage\"},\"image\":{\"@id\":\"https:\\\/\\\/timammdouar.fr\\\/nos-produits\\\/produits-laitiers-de-chevre\\\/#primaryimage\"},\"thumbnailUrl\":\"https:\\\/\\\/timammdouar.fr\\\/wp-content\\\/uploads\\\/2020\\\/05\\\/banner-produits-laitiers-min.jpg\",\"datePublished\":\"2020-03-21T11:10:20+00:00\",\"dateModified\":\"2020-05-06T19:31:34+00:00\",\"breadcrumb\":{\"@id\":\"https:\\\/\\\/timammdouar.fr\\\/nos-produits\\\/produits-laitiers-de-chevre\\\/#breadcrumb\"},\"inLanguage\":\"en-GB\",\"potentialAction\":[{\"@type\":\"ReadAction\",\"target\":[\"https:\\\/\\\/timammdouar.fr\\\/nos-produits\\\/produits-laitiers-de-chevre\\\/\"]}]},{\"@type\":\"ImageObject\",\"inLanguage\":\"en-GB\",\"@id\":\"https:\\\/\\\/timammdouar.fr\\\/nos-produits\\\/produits-laitiers-de-chevre\\\/#primaryimage\",\"url\":\"https:\\\/\\\/timammdouar.fr\\\/wp-content\\\/uploads\\\/2020\\\/05\\\/banner-produits-laitiers-min.jpg\",\"contentUrl\":\"https:\\\/\\\/timammdouar.fr\\\/wp-content\\\/uploads\\\/2020\\\/05\\\/banner-produits-laitiers-min.jpg\"},{\"@type\":\"BreadcrumbList\",\"@id\":\"https:\\\/\\\/timammdouar.fr\\\/nos-produits\\\/produits-laitiers-de-chevre\\\/#breadcrumb\",\"itemListElement\":[{\"@type\":\"ListItem\",\"position\":1,\"name\":\"Accueil\",\"item\":\"https:\\\/\\\/timammdouar.fr\\\/\"},{\"@type\":\"ListItem\",\"position\":2,\"name\":\"Nos produits\",\"item\":\"https:\\\/\\\/timammdouar.fr\\\/nos-produits\\\/\"},{\"@type\":\"ListItem\",\"position\":3,\"name\":\"Produits laitiers de ch\u00e8vre\"}]},{\"@type\":\"WebSite\",\"@id\":\"https:\\\/\\\/timammdouar.fr\\\/#website\",\"url\":\"https:\\\/\\\/timammdouar.fr\\\/\",\"name\":\"Ti mamm douar\",\"description\":\"Ferme agro-\u00e9cologique des montagnes noires\",\"publisher\":{\"@id\":\"https:\\\/\\\/timammdouar.fr\\\/#organization\"},\"potentialAction\":[{\"@type\":\"SearchAction\",\"target\":{\"@type\":\"EntryPoint\",\"urlTemplate\":\"https:\\\/\\\/timammdouar.fr\\\/?s={search_term_string}\"},\"query-input\":{\"@type\":\"PropertyValueSpecification\",\"valueRequired\":true,\"valueName\":\"search_term_string\"}}],\"inLanguage\":\"en-GB\"},{\"@type\":\"Organization\",\"@id\":\"https:\\\/\\\/timammdouar.fr\\\/#organization\",\"name\":\"Ti mamm douar\",\"url\":\"https:\\\/\\\/timammdouar.fr\\\/\",\"logo\":{\"@type\":\"ImageObject\",\"inLanguage\":\"en-GB\",\"@id\":\"https:\\\/\\\/timammdouar.fr\\\/#\\\/schema\\\/logo\\\/image\\\/\",\"url\":\"https:\\\/\\\/timammdouar.fr\\\/wp-content\\\/uploads\\\/2020\\\/03\\\/cropped-WEB-Logo-NB_TI-MAMM-DOUAR_2019-e1584807257800-1.png\",\"contentUrl\":\"https:\\\/\\\/timammdouar.fr\\\/wp-content\\\/uploads\\\/2020\\\/03\\\/cropped-WEB-Logo-NB_TI-MAMM-DOUAR_2019-e1584807257800-1.png\",\"width\":225,\"height\":224,\"caption\":\"Ti mamm douar\"},\"image\":{\"@id\":\"https:\\\/\\\/timammdouar.fr\\\/#\\\/schema\\\/logo\\\/image\\\/\"},\"sameAs\":[\"https:\\\/\\\/www.facebook.com\\\/Timammdouar.fermeagroeco\\\/\",\"https:\\\/\\\/www.instagram.com\\\/timammdouar\\\/\"]}]}<\/script>\n<!-- \/ Yoast SEO plugin. -->","yoast_head_json":{"title":"Produits laitiers de ch\u00e8vre - Ti mamm douar","robots":{"index":"index","follow":"follow","max-snippet":"max-snippet:-1","max-image-preview":"max-image-preview:large","max-video-preview":"max-video-preview:-1"},"canonical":"https:\/\/timammdouar.fr\/en\/nos-produits\/produits-laitiers-de-chevre\/","og_locale":"en_GB","og_type":"article","og_title":"Produits laitiers de ch\u00e8vre - Ti mamm douar","og_url":"https:\/\/timammdouar.fr\/en\/nos-produits\/produits-laitiers-de-chevre\/","og_site_name":"Ti mamm douar","article_publisher":"https:\/\/www.facebook.com\/Timammdouar.fermeagroeco\/","article_modified_time":"2020-05-06T19:31:34+00:00","og_image":[{"url":"https:\/\/timammdouar.fr\/wp-content\/uploads\/2020\/05\/banner-produits-laitiers-min.jpg","type":"","width":"","height":""}],"twitter_card":"summary_large_image","twitter_misc":{"Estimated reading time":"1 minute"},"schema":{"@context":"https:\/\/schema.org","@graph":[{"@type":"WebPage","@id":"https:\/\/timammdouar.fr\/nos-produits\/produits-laitiers-de-chevre\/","url":"https:\/\/timammdouar.fr\/nos-produits\/produits-laitiers-de-chevre\/","name":"Produits laitiers de ch\u00e8vre - Ti mamm douar","isPartOf":{"@id":"https:\/\/timammdouar.fr\/#website"},"primaryImageOfPage":{"@id":"https:\/\/timammdouar.fr\/nos-produits\/produits-laitiers-de-chevre\/#primaryimage"},"image":{"@id":"https:\/\/timammdouar.fr\/nos-produits\/produits-laitiers-de-chevre\/#primaryimage"},"thumbnailUrl":"https:\/\/timammdouar.fr\/wp-content\/uploads\/2020\/05\/banner-produits-laitiers-min.jpg","datePublished":"2020-03-21T11:10:20+00:00","dateModified":"2020-05-06T19:31:34+00:00","breadcrumb":{"@id":"https:\/\/timammdouar.fr\/nos-produits\/produits-laitiers-de-chevre\/#breadcrumb"},"inLanguage":"en-GB","potentialAction":[{"@type":"ReadAction","target":["https:\/\/timammdouar.fr\/nos-produits\/produits-laitiers-de-chevre\/"]}]},{"@type":"ImageObject","inLanguage":"en-GB","@id":"https:\/\/timammdouar.fr\/nos-produits\/produits-laitiers-de-chevre\/#primaryimage","url":"https:\/\/timammdouar.fr\/wp-content\/uploads\/2020\/05\/banner-produits-laitiers-min.jpg","contentUrl":"https:\/\/timammdouar.fr\/wp-content\/uploads\/2020\/05\/banner-produits-laitiers-min.jpg"},{"@type":"BreadcrumbList","@id":"https:\/\/timammdouar.fr\/nos-produits\/produits-laitiers-de-chevre\/#breadcrumb","itemListElement":[{"@type":"ListItem","position":1,"name":"Accueil","item":"https:\/\/timammdouar.fr\/"},{"@type":"ListItem","position":2,"name":"Nos produits","item":"https:\/\/timammdouar.fr\/nos-produits\/"},{"@type":"ListItem","position":3,"name":"Produits laitiers de ch\u00e8vre"}]},{"@type":"WebSite","@id":"https:\/\/timammdouar.fr\/#website","url":"https:\/\/timammdouar.fr\/","name":"Ti mamm douar","description":"Ferme agro-\u00e9cologique des montagnes noires","publisher":{"@id":"https:\/\/timammdouar.fr\/#organization"},"potentialAction":[{"@type":"SearchAction","target":{"@type":"EntryPoint","urlTemplate":"https:\/\/timammdouar.fr\/?s={search_term_string}"},"query-input":{"@type":"PropertyValueSpecification","valueRequired":true,"valueName":"search_term_string"}}],"inLanguage":"en-GB"},{"@type":"Organization","@id":"https:\/\/timammdouar.fr\/#organization","name":"Ti mamm douar","url":"https:\/\/timammdouar.fr\/","logo":{"@type":"ImageObject","inLanguage":"en-GB","@id":"https:\/\/timammdouar.fr\/#\/schema\/logo\/image\/","url":"https:\/\/timammdouar.fr\/wp-content\/uploads\/2020\/03\/cropped-WEB-Logo-NB_TI-MAMM-DOUAR_2019-e1584807257800-1.png","contentUrl":"https:\/\/timammdouar.fr\/wp-content\/uploads\/2020\/03\/cropped-WEB-Logo-NB_TI-MAMM-DOUAR_2019-e1584807257800-1.png","width":225,"height":224,"caption":"Ti mamm douar"},"image":{"@id":"https:\/\/timammdouar.fr\/#\/schema\/logo\/image\/"},"sameAs":["https:\/\/www.facebook.com\/Timammdouar.fermeagroeco\/","https:\/\/www.instagram.com\/timammdouar\/"]}]}},"_links":{"self":[{"href":"https:\/\/timammdouar.fr\/en\/wp-json\/wp\/v2\/pages\/42","targetHints":{"allow":["GET"]}}],"collection":[{"href":"https:\/\/timammdouar.fr\/en\/wp-json\/wp\/v2\/pages"}],"about":[{"href":"https:\/\/timammdouar.fr\/en\/wp-json\/wp\/v2\/types\/page"}],"author":[{"embeddable":true,"href":"https:\/\/timammdouar.fr\/en\/wp-json\/wp\/v2\/users\/1"}],"replies":[{"embeddable":true,"href":"https:\/\/timammdouar.fr\/en\/wp-json\/wp\/v2\/comments?post=42"}],"version-history":[{"count":0,"href":"https:\/\/timammdouar.fr\/en\/wp-json\/wp\/v2\/pages\/42\/revisions"}],"up":[{"embeddable":true,"href":"https:\/\/timammdouar.fr\/en\/wp-json\/wp\/v2\/pages\/32"}],"wp:attachment":[{"href":"https:\/\/timammdouar.fr\/en\/wp-json\/wp\/v2\/media?parent=42"}],"curies":[{"name":"wp","href":"https:\/\/api.w.org\/{rel}","templated":true}]}}