{"id":79,"date":"2020-03-21T13:23:53","date_gmt":"2020-03-21T12:23:53","guid":{"rendered":"https:\/\/timammdouar.fr\/?page_id=79"},"modified":"2025-05-05T16:03:13","modified_gmt":"2025-05-05T14:03:13","slug":"conditions-generales-de-vente","status":"publish","type":"page","link":"https:\/\/timammdouar.fr\/en\/conditions-generales-de-vente\/","title":{"rendered":"Conditions g\u00e9n\u00e9rales de vente et d&rsquo;utilisation"},"content":{"rendered":"\n<div class=\"alignwide wp-block-ugb-container ugb-container container_xmargin_10vw ugb-container--width-small ugb-757bcc8 ugb-container--v2 ugb-container--design-plain ugb-main-block\"><div class=\"ugb-inner-block\"><div class=\"ugb-block-content\"><div class=\"ugb-container__wrapper ugb-757bcc8-wrapper\"><div class=\"ugb-container__side\"><div class=\"ugb-container__content-wrapper ugb-757bcc8-content-wrapper\">\n<p>Toute commande de produits distribu\u00e9s par TI MAMM DOUAR implique l&rsquo;acceptation sans r\u00e9serve des conditions g\u00e9n\u00e9rales de vente ci-dessous. Celles-ci annulent toute disposition diff\u00e9rente ou contraire, figurant sur les documents ou la correspondance du client.<br><br><\/p>\n\n\n\n<div class=\"wp-block-getwid-advanced-heading\"><h2 class=\"wp-block-getwid-advanced-heading__content\">Clause n\u00b0 1 : FORMALIT\u00c9S DE LA VENTE<\/h2><\/div>\n\n\n\n<p>La vente est r\u00e9put\u00e9e \u00eatre conclue sur la base des conditions commerciales \u00e0 la date de son enregistrement par TI MAMM DOUAR et selon le catalogue en ligne en vigueur.<\/p>\n\n\n\n<div class=\"wp-block-getwid-advanced-heading\"><h2 class=\"wp-block-getwid-advanced-heading__content\">Clause n\u00b0 2 : CONDITIONS COMMERCIALES<\/h2><\/div>\n\n\n\n<p>Toute commande sera factur\u00e9e aux conditions figurant sur le catalogue en ligne en vigueur \u00e0 la date d&rsquo;enregistrement de la commande.<br> Toute autre condition n&rsquo;engage TI MAMM DOUAR qu&rsquo;apr\u00e8s confirmation \u00e9crite de sa part. Les informations figurant sur ce site ne sont donn\u00e9es qu&rsquo;\u00e0 titre indicatif et peuvent \u00eatre modifi\u00e9es par TI MAMM DOUAR \u00e0 tout moment sans pr\u00e9avis.<br> Les prix s&rsquo;entendent TTC aux taux en vigueur.<\/p>\n\n\n\n<div class=\"wp-block-getwid-advanced-heading\"><h2 class=\"wp-block-getwid-advanced-heading__content\">Clause n\u00b0 3 : CERTIFICATION<\/h2><\/div>\n\n\n\n<p>Toutes les plantes vendues par TI MAMM DOUAR sont issues des cultures et cueillettes faites par Gwendoline DEB\u00c9THUNE sa ferme et\/ou sur des milieux naturels prot\u00e9g\u00e9s. Elles sont par ailleurs certifi\u00e9es en premi\u00e8re ann\u00e9e de conversion en agriculture biologique par l\u2019organisme de contr\u00f4le Ecocert (L\u2019ISLE JOURDAIN, F-32600) et \u00e9galement produites selon le cahier des charges SIMPLES.<\/p>\n\n\n\n<div class=\"wp-block-getwid-advanced-heading\"><h2 class=\"wp-block-getwid-advanced-heading__content\">Clause n\u00b0 4 : MODES DE R\u00c8GLEMENTS<\/h2><\/div>\n\n\n\n<p> Nos factures sont payables \u00e0 la commande par carte bancaire via le syst\u00e8me STRIPE (visa, Eurocard, Mastercard), via le syst\u00e8me Paypal, par virement bancaire ou par ch\u00e8que bancaire. La validation de la commande vaut mandat de payer le prix toutes taxes comprises de la commande. Le client transmet le num\u00e9ro de la carte, la date de validit\u00e9, le cryptogramme et le nom du porteur sur<br> Internet. Gr\u00e2ce au protocole SSL, le client pourra transmettre en toute s\u00e9curit\u00e9 le type de carte (Carte Bleue, Visa, Eurocard, Mastercard), le num\u00e9ro de la carte bancaire, la date de validit\u00e9 et le nom du porteur de la carte (nom figurant tel quel sur la carte bancaire). Les r\u00e8glements par ch\u00e8que bancaire doivent \u00eatre re\u00e7us dans les 3 jours qui suivent l&rsquo;enregistrement de la commande.<\/p>\n\n\n\n<div class=\"wp-block-getwid-advanced-heading\"><h2 class=\"wp-block-getwid-advanced-heading__content\">Clause n\u00b0 5 : EXP\u00c9DITIONS<\/h2><\/div>\n\n\n\n<p>Nos produits sont exp\u00e9di\u00e9s uniquement en France M\u00e9tropolitaine et en Corse. Si vous souhaitez exp\u00e9dier votre commande hors France M\u00e9tropolitaine et Corse, merci de nous contacter. Votre commande vous est livr\u00e9e par la Poste en Colissimo apr\u00e8s votre paiement en conformit\u00e9 avec la clause 4 \u00ab\u00a0Modes de R\u00e8glement\u00a0\u00bb.<br> Les frais de port sont proportionnels au poids du colis en fonction des tarifs propos\u00e9s par La Poste Colissimo.<br> Aucun frais suppl\u00e9mentaire n&rsquo;est ajout\u00e9 pour la confection des colis.<br> Les prix ci-dessous s\u2019appliquent pour l\u2019envoi d\u2019un Colissimo par La Poste en France M\u00e9tropolitaine et en Corse. Livraison en bo\u00eete \u00e0 lettres, suivi et indemnisation int\u00e9gr\u00e9e.<\/p>\n\n\n\n<div class=\"wp-block-getwid-advanced-heading\"><h3 class=\"wp-block-getwid-advanced-heading__content\" style=\"font-weight:normal\">Tarifs Colissimo 2025<\/h3><\/div>\n\n\n\n<p>Poids Tarif Colissimo 2025<\/p>\n\n\n\n<ul class=\"cgv_liste_port wp-block-list\">\n<li>jusqu&rsquo;\u00e0 250 g 5,25 \u20ac<\/li>\n\n\n\n<li> jusqu&rsquo;\u00e0 500 g 7,35 \u20ac<\/li>\n\n\n\n<li> jusqu&rsquo;\u00e0 750 g 8,65 \u20ac<\/li>\n\n\n\n<li> jusqu&rsquo;\u00e0 1 kg 9,40 \u20ac<\/li>\n\n\n\n<li> jusqu&rsquo;\u00e0 2 kg 10,70 \u20ac<\/li>\n\n\n\n<li> jusqu&rsquo;\u00e0 5 kg 16,60 \u20ac<\/li>\n\n\n\n<li> jusqu&rsquo;\u00e0 10 kg 24,20 \u20ac<\/li>\n\n\n\n<li> jusqu&rsquo;\u00e0 30 kg 37,85 \u20ac<\/li>\n<\/ul>\n\n\n\n<p>Conform\u00e9ment \u00e0 l&rsquo;article L216-1, le d\u00e9lai maximal l\u00e9gal pour les livraison est de 30 jours \u00e0 compter de la r\u00e9ception de la commande. Sauf en cas d&rsquo;absence (voir plus bas), nous mettons tout en \u0153uvre pour que les commandes soient exp\u00e9di\u00e9es le plus rapidement possible avant la fin de ce d\u00e9lai l\u00e9gal.<\/p>\n\n\n\n<p>En cas d&rsquo;absence pour cong\u00e9s ou d\u00e9placement professionnel, les envois ne seront pas assur\u00e9s. Un message d&rsquo;avertissement sera alors disponible dans la description du produit.<br><br>Les frais de port sont offerts \u00e0 partir de 150 euros d\u2019achat.<\/p>\n\n\n\n<div class=\"wp-block-getwid-advanced-heading\"><h2 class=\"wp-block-getwid-advanced-heading__content\">Clause n\u00b0 6 : RESPONSABILIT\u00c9<\/h2><\/div>\n\n\n\n<p>TI MAMM DOUAR d\u00e9cline toute responsabilit\u00e9 \u00e0 l&rsquo;origine d&rsquo;une mauvaise utilisation des produits contraire aux instructions d&rsquo;usage. Tous les conseils d&rsquo;usage sur le site de TI MAMM DOUAR sont \u00e0 titre purement informatif. Toute demande suppl\u00e9mentaire doit \u00eatre port\u00e9e devant un professionnel de la sant\u00e9 habilit\u00e9.<\/p>\n\n\n\n<div class=\"wp-block-getwid-advanced-heading\"><h2 class=\"wp-block-getwid-advanced-heading__content\">Clause n\u00b0 7 : DISPONIBILIT\u00c9 DU STOCK<\/h2><\/div>\n\n\n\n<p>Malgr\u00e9 le soin apport\u00e9, et en raison de la saisonnalit\u00e9 des productions, TI MAMM DOUAR ne peut garantir la disponibilit\u00e9 de tous les articles au m\u00eame moment.<br> En cas de rupture de stock d&rsquo;un des articles command\u00e9s, TI MAMM DOUAR servira la commande \u00e0 hauteur des produits disponibles, et exp\u00e9diera les produits restants d\u00e8s r\u00e9ception sans refacturer de frais de port suppl\u00e9mentaires. Dans le cas o\u00f9 un produit serait en rupture de stock d\u00e9finitive, le client en sera inform\u00e9 et sa commande sur ce produit annul\u00e9e.<\/p>\n\n\n\n<div class=\"wp-block-getwid-advanced-heading\"><h2 class=\"wp-block-getwid-advanced-heading__content\">Clause n\u00b0 8 : TARIFS<\/h2><\/div>\n\n\n\n<p>Les prix figurant sur le site TI MAMM DOUAR sont exprim\u00e9s en Euros et s&rsquo;entendent toutes taxes comprises (TTC), hors frais de port. Ils peuvent \u00eatre modifi\u00e9s \u00e0 tout moment et sans pr\u00e9avis.<\/p>\n\n\n\n<div class=\"wp-block-getwid-advanced-heading\"><h2 class=\"wp-block-getwid-advanced-heading__content\">Clause n\u00b0 9 : DROIT DE RETRACTATION<\/h2><\/div>\n\n\n\n<p>Vous avez 14 jours (\u00e0 compter de la r\u00e9ception des articles) pour vous faire une opinion. Le droit de r\u00e9tractation peut \u00eatre exerc\u00e9 en contactant TI MAMM DOUAR de la mani\u00e8re suivante :<br> retour du bon de r\u00e9tractation par courrier ou par e-mail : rubrique \u00ab o\u00f9 nous trouver \u00bb. Le renvoi du\/des<br> article(s) se fera \u00e0 vos frais, dans son\/leur emballage(s) d&rsquo;origine, intact(s), \u00e0 l&rsquo;adresse suivante :<br><br><strong>TI MAMM DOUAR<br> &nbsp;&nbsp; Ar Vern<br> &nbsp;&nbsp; 29520 LAZ<br> &nbsp;&nbsp; France<\/strong><br><br>Les produits qui auraient \u00e9t\u00e9 ouverts ou rendus en mauvais \u00e9tat ne pourront faire l&rsquo;objet d&rsquo;un \u00e9change ou d&rsquo;un remboursement. L&rsquo;article L.221-28 du code de la consommation mentionne que le droit de r\u00e9tractation ne peut \u00eatre exerc\u00e9 pour les contrats : \u00a0\u00bb [\u2026] 5\u00b0 De fourniture de biens qui ont \u00e9t\u00e9 descell\u00e9s par le consommateur apr\u00e8s la livraison et qui ne peuvent \u00eatre renvoy\u00e9s pour des raisons d&rsquo;hygi\u00e8ne ou de protection de la sant\u00e9 [\u2026].\u00a0\u00bb<br>En cas d&rsquo;annulation partielle d&rsquo;une commande, TI MAMM DOUAR conservera le b\u00e9n\u00e9fice des frais de port correspondant au(x) produit(s) livr\u00e9(s).<br>Le remboursement interviendra dans les 14 jours \u00e0 compter de la date de r\u00e9ception du courrier de r\u00e9traction et du\/des produit(s) concern\u00e9(s).<\/p>\n\n\n\n<div class=\"wp-block-getwid-advanced-heading\"><h2 class=\"wp-block-getwid-advanced-heading__content\">Clause n\u00b0 10 : GARANTIE<\/h2><\/div>\n\n\n\n<p>Tous les produits en vente sur le site b\u00e9n\u00e9ficient de la garantie l\u00e9gale de conformit\u00e9 (telle que d\u00e9finie aux articles L.217-4 et suivants du Code de la Consommation) et de la garantie contre les vices cach\u00e9s (telle que d\u00e9finie aux articles 1641 et suivants du Code Civil), permettant \u00e0 l&rsquo;acheteur de renvoyer sans frais les produits livr\u00e9s d\u00e9fectueux ou non conformes.<\/p>\n\n\n\n<div class=\"wp-block-getwid-advanced-heading\"><h2 class=\"wp-block-getwid-advanced-heading__content\">Clause n\u00b0 11 : CONFIDENTIALIT\u00c9 DES DONN\u00c9ES<\/h2><\/div>\n\n\n\n<p> Les informations que le client communique \u00e0 TI MAMM DOUAR \u00e9tant indispensables pour le traitement et l&rsquo;acheminement des commandes, l&rsquo;\u00e9tablissement des factures, leur absence entra\u00eene l&rsquo;annulation de la commande. En s&rsquo;inscrivant sur le site Internet, le client s&rsquo;engage \u00e0 fournir des informations sinc\u00e8res et v\u00e9ritables le concernant. La communication de fausses informations est contraire aux pr\u00e9sentes conditions g\u00e9n\u00e9rales ainsi qu&rsquo;aux conditions d&rsquo;utilisation figurant sur le site.<br>Conform\u00e9ment \u00e0 la loi 78-17 du 6 janvier 1978, le client dispose \u00e0 tout moment d&rsquo;un droit d&rsquo;acc\u00e8s et de rectification. Pour exercer ce droit, il suffit de contacter TI MAMM DOUAR.<\/p>\n\n\n\n<div class=\"wp-block-getwid-advanced-heading\"><h2 class=\"wp-block-getwid-advanced-heading__content\">Clause n\u00b0 12 : REGLEMENTATION LOCALE<\/h2><\/div>\n\n\n\n<p> Les produits propos\u00e9s \u00e0 la vente sont conformes \u00e0 la r\u00e9glementation fran\u00e7aise. Le cas \u00e9ch\u00e9ant, il appartient au client qui les ach\u00e8te pour un usage \u00e0 l\u2019\u00e9tranger de v\u00e9rifier aupr\u00e8s des autorit\u00e9s locales les possibilit\u00e9s d&rsquo;utilisation du produit qu&rsquo;il envisage de commander. L\u2019entreprise TI MAMM DOUAR d\u00e9cline toute responsabilit\u00e9 en cas de non-respect de la r\u00e9glementation d&rsquo;un pays \u00e9tranger.<\/p>\n\n\n\n<div class=\"wp-block-getwid-advanced-heading\"><h2 class=\"wp-block-getwid-advanced-heading__content\">Clause n\u00b0 13 : ATTRIBUTION DE JURIDICTION<\/h2><\/div>\n\n\n\n<p>Le consommateur peut saisir, soit l&rsquo;une des juridictions territorialement comp\u00e9tentes en vertu du code de proc\u00e9dure civile, soit la juridiction du lieu o\u00f9 il demeurait au moment de la conclusion du contrat lors de la survenance du fait dommageable.<br><br><\/p>\n\n\n\n<div class=\"wp-block-getwid-advanced-heading\"><h3 class=\"wp-block-getwid-advanced-heading__content\" style=\"text-align:right;font-weight:normal\">Ti mamm douar<\/h3><\/div>\n<\/div><\/div><\/div><\/div><\/div><\/div>\n","protected":false},"excerpt":{"rendered":"<p>Toute commande de produits distribu\u00e9s par TI MAMM DOUAR implique l&rsquo;acceptation sans r\u00e9serve des conditions g\u00e9n\u00e9rales de vente ci-dessous. Celles-ci annulent toute disposition diff\u00e9rente ou<a href=\"https:\/\/timammdouar.fr\/en\/conditions-generales-de-vente\/\" class=\"more-link\">View More<\/a><\/p>","protected":false},"author":1,"featured_media":0,"parent":0,"menu_order":13,"comment_status":"closed","ping_status":"closed","template":"","meta":{"_acf_changed":false,"footnotes":""},"class_list":["post-79","page","type-page","status-publish","hentry"],"acf":[],"featured_image_urls_v2":{"full":"","thumbnail":"","medium":"","medium_large":"","large":"","1536x1536":"","2048x2048":"","trp-custom-language-flag":"","extension-popular-post":"","woocommerce_thumbnail":"","woocommerce_single":"","woocommerce_gallery_thumbnail":""},"post_excerpt_stackable_v2":"<p>Toute commande de produits distribu\u00e9s par TI MAMM DOUAR implique l&rsquo;acceptation sans r\u00e9serve des conditions g\u00e9n\u00e9rales de vente ci-dessous. Celles-ci annulent toute disposition diff\u00e9rente ou contraire, figurant sur les documents ou la correspondance du client. Clause n\u00b0 1 : FORMALIT\u00c9S DE LA VENTE La vente est r\u00e9put\u00e9e \u00eatre conclue sur la base des conditions commerciales \u00e0 la date de son enregistrement par TI MAMM DOUAR et selon le catalogue en ligne en vigueur. Clause n\u00b0 2 : CONDITIONS COMMERCIALES Toute commande sera factur\u00e9e aux conditions figurant sur le catalogue en ligne en vigueur \u00e0 la date d&rsquo;enregistrement de la commande.&hellip;<\/p>\n","category_list_v2":"","author_info_v2":{"name":"dlaxcess_timamm","url":"https:\/\/timammdouar.fr\/en\/author\/dlaxcess_timamm\/"},"comments_num_v2":"0 comments","yoast_head":"<!-- This site is optimized with the Yoast SEO plugin v27.5 - https:\/\/yoast.com\/product\/yoast-seo-wordpress\/ -->\n<title>Conditions g\u00e9n\u00e9rales de vente et d&#039;utilisation - Ti mamm douar<\/title>\n<meta name=\"robots\" content=\"index, follow, max-snippet:-1, max-image-preview:large, max-video-preview:-1\" \/>\n<link rel=\"canonical\" href=\"https:\/\/timammdouar.fr\/en\/conditions-generales-de-vente\/\" \/>\n<meta property=\"og:locale\" content=\"en_GB\" \/>\n<meta property=\"og:type\" content=\"article\" \/>\n<meta property=\"og:title\" content=\"Conditions g\u00e9n\u00e9rales de vente et d&#039;utilisation - Ti mamm douar\" \/>\n<meta property=\"og:description\" content=\"Toute commande de produits distribu\u00e9s par TI MAMM DOUAR implique l&rsquo;acceptation sans r\u00e9serve des conditions g\u00e9n\u00e9rales de vente ci-dessous. Celles-ci annulent toute disposition diff\u00e9rente ouView More\" \/>\n<meta property=\"og:url\" content=\"https:\/\/timammdouar.fr\/en\/conditions-generales-de-vente\/\" \/>\n<meta property=\"og:site_name\" content=\"Ti mamm douar\" \/>\n<meta property=\"article:publisher\" content=\"https:\/\/www.facebook.com\/Timammdouar.fermeagroeco\/\" \/>\n<meta property=\"article:modified_time\" content=\"2025-05-05T14:03:13+00:00\" \/>\n<meta name=\"twitter:card\" content=\"summary_large_image\" \/>\n<meta name=\"twitter:label1\" content=\"Estimated reading time\" \/>\n\t<meta name=\"twitter:data1\" content=\"7 minutes\" \/>\n<script type=\"application\/ld+json\" class=\"yoast-schema-graph\">{\"@context\":\"https:\\\/\\\/schema.org\",\"@graph\":[{\"@type\":\"WebPage\",\"@id\":\"https:\\\/\\\/timammdouar.fr\\\/conditions-generales-de-vente\\\/\",\"url\":\"https:\\\/\\\/timammdouar.fr\\\/conditions-generales-de-vente\\\/\",\"name\":\"Conditions g\u00e9n\u00e9rales de vente et d'utilisation - Ti mamm douar\",\"isPartOf\":{\"@id\":\"https:\\\/\\\/timammdouar.fr\\\/#website\"},\"datePublished\":\"2020-03-21T12:23:53+00:00\",\"dateModified\":\"2025-05-05T14:03:13+00:00\",\"breadcrumb\":{\"@id\":\"https:\\\/\\\/timammdouar.fr\\\/conditions-generales-de-vente\\\/#breadcrumb\"},\"inLanguage\":\"en-GB\",\"potentialAction\":[{\"@type\":\"ReadAction\",\"target\":[\"https:\\\/\\\/timammdouar.fr\\\/conditions-generales-de-vente\\\/\"]}]},{\"@type\":\"BreadcrumbList\",\"@id\":\"https:\\\/\\\/timammdouar.fr\\\/conditions-generales-de-vente\\\/#breadcrumb\",\"itemListElement\":[{\"@type\":\"ListItem\",\"position\":1,\"name\":\"Accueil\",\"item\":\"https:\\\/\\\/timammdouar.fr\\\/\"},{\"@type\":\"ListItem\",\"position\":2,\"name\":\"Conditions g\u00e9n\u00e9rales de vente et d&rsquo;utilisation\"}]},{\"@type\":\"WebSite\",\"@id\":\"https:\\\/\\\/timammdouar.fr\\\/#website\",\"url\":\"https:\\\/\\\/timammdouar.fr\\\/\",\"name\":\"Ti mamm douar\",\"description\":\"Ferme agro-\u00e9cologique des montagnes noires\",\"publisher\":{\"@id\":\"https:\\\/\\\/timammdouar.fr\\\/#organization\"},\"potentialAction\":[{\"@type\":\"SearchAction\",\"target\":{\"@type\":\"EntryPoint\",\"urlTemplate\":\"https:\\\/\\\/timammdouar.fr\\\/?s={search_term_string}\"},\"query-input\":{\"@type\":\"PropertyValueSpecification\",\"valueRequired\":true,\"valueName\":\"search_term_string\"}}],\"inLanguage\":\"en-GB\"},{\"@type\":\"Organization\",\"@id\":\"https:\\\/\\\/timammdouar.fr\\\/#organization\",\"name\":\"Ti mamm douar\",\"url\":\"https:\\\/\\\/timammdouar.fr\\\/\",\"logo\":{\"@type\":\"ImageObject\",\"inLanguage\":\"en-GB\",\"@id\":\"https:\\\/\\\/timammdouar.fr\\\/#\\\/schema\\\/logo\\\/image\\\/\",\"url\":\"https:\\\/\\\/timammdouar.fr\\\/wp-content\\\/uploads\\\/2020\\\/03\\\/cropped-WEB-Logo-NB_TI-MAMM-DOUAR_2019-e1584807257800-1.png\",\"contentUrl\":\"https:\\\/\\\/timammdouar.fr\\\/wp-content\\\/uploads\\\/2020\\\/03\\\/cropped-WEB-Logo-NB_TI-MAMM-DOUAR_2019-e1584807257800-1.png\",\"width\":225,\"height\":224,\"caption\":\"Ti mamm douar\"},\"image\":{\"@id\":\"https:\\\/\\\/timammdouar.fr\\\/#\\\/schema\\\/logo\\\/image\\\/\"},\"sameAs\":[\"https:\\\/\\\/www.facebook.com\\\/Timammdouar.fermeagroeco\\\/\",\"https:\\\/\\\/www.instagram.com\\\/timammdouar\\\/\"]}]}<\/script>\n<!-- \/ Yoast SEO plugin. -->","yoast_head_json":{"title":"Conditions g\u00e9n\u00e9rales de vente et d'utilisation - Ti mamm douar","robots":{"index":"index","follow":"follow","max-snippet":"max-snippet:-1","max-image-preview":"max-image-preview:large","max-video-preview":"max-video-preview:-1"},"canonical":"https:\/\/timammdouar.fr\/en\/conditions-generales-de-vente\/","og_locale":"en_GB","og_type":"article","og_title":"Conditions g\u00e9n\u00e9rales de vente et d'utilisation - Ti mamm douar","og_description":"Toute commande de produits distribu\u00e9s par TI MAMM DOUAR implique l&rsquo;acceptation sans r\u00e9serve des conditions g\u00e9n\u00e9rales de vente ci-dessous. Celles-ci annulent toute disposition diff\u00e9rente ouView More","og_url":"https:\/\/timammdouar.fr\/en\/conditions-generales-de-vente\/","og_site_name":"Ti mamm douar","article_publisher":"https:\/\/www.facebook.com\/Timammdouar.fermeagroeco\/","article_modified_time":"2025-05-05T14:03:13+00:00","twitter_card":"summary_large_image","twitter_misc":{"Estimated reading time":"7 minutes"},"schema":{"@context":"https:\/\/schema.org","@graph":[{"@type":"WebPage","@id":"https:\/\/timammdouar.fr\/conditions-generales-de-vente\/","url":"https:\/\/timammdouar.fr\/conditions-generales-de-vente\/","name":"Conditions g\u00e9n\u00e9rales de vente et d'utilisation - Ti mamm douar","isPartOf":{"@id":"https:\/\/timammdouar.fr\/#website"},"datePublished":"2020-03-21T12:23:53+00:00","dateModified":"2025-05-05T14:03:13+00:00","breadcrumb":{"@id":"https:\/\/timammdouar.fr\/conditions-generales-de-vente\/#breadcrumb"},"inLanguage":"en-GB","potentialAction":[{"@type":"ReadAction","target":["https:\/\/timammdouar.fr\/conditions-generales-de-vente\/"]}]},{"@type":"BreadcrumbList","@id":"https:\/\/timammdouar.fr\/conditions-generales-de-vente\/#breadcrumb","itemListElement":[{"@type":"ListItem","position":1,"name":"Accueil","item":"https:\/\/timammdouar.fr\/"},{"@type":"ListItem","position":2,"name":"Conditions g\u00e9n\u00e9rales de vente et d&rsquo;utilisation"}]},{"@type":"WebSite","@id":"https:\/\/timammdouar.fr\/#website","url":"https:\/\/timammdouar.fr\/","name":"Ti mamm douar","description":"Ferme agro-\u00e9cologique des montagnes noires","publisher":{"@id":"https:\/\/timammdouar.fr\/#organization"},"potentialAction":[{"@type":"SearchAction","target":{"@type":"EntryPoint","urlTemplate":"https:\/\/timammdouar.fr\/?s={search_term_string}"},"query-input":{"@type":"PropertyValueSpecification","valueRequired":true,"valueName":"search_term_string"}}],"inLanguage":"en-GB"},{"@type":"Organization","@id":"https:\/\/timammdouar.fr\/#organization","name":"Ti mamm douar","url":"https:\/\/timammdouar.fr\/","logo":{"@type":"ImageObject","inLanguage":"en-GB","@id":"https:\/\/timammdouar.fr\/#\/schema\/logo\/image\/","url":"https:\/\/timammdouar.fr\/wp-content\/uploads\/2020\/03\/cropped-WEB-Logo-NB_TI-MAMM-DOUAR_2019-e1584807257800-1.png","contentUrl":"https:\/\/timammdouar.fr\/wp-content\/uploads\/2020\/03\/cropped-WEB-Logo-NB_TI-MAMM-DOUAR_2019-e1584807257800-1.png","width":225,"height":224,"caption":"Ti mamm douar"},"image":{"@id":"https:\/\/timammdouar.fr\/#\/schema\/logo\/image\/"},"sameAs":["https:\/\/www.facebook.com\/Timammdouar.fermeagroeco\/","https:\/\/www.instagram.com\/timammdouar\/"]}]}},"_links":{"self":[{"href":"https:\/\/timammdouar.fr\/en\/wp-json\/wp\/v2\/pages\/79","targetHints":{"allow":["GET"]}}],"collection":[{"href":"https:\/\/timammdouar.fr\/en\/wp-json\/wp\/v2\/pages"}],"about":[{"href":"https:\/\/timammdouar.fr\/en\/wp-json\/wp\/v2\/types\/page"}],"author":[{"embeddable":true,"href":"https:\/\/timammdouar.fr\/en\/wp-json\/wp\/v2\/users\/1"}],"replies":[{"embeddable":true,"href":"https:\/\/timammdouar.fr\/en\/wp-json\/wp\/v2\/comments?post=79"}],"version-history":[{"count":0,"href":"https:\/\/timammdouar.fr\/en\/wp-json\/wp\/v2\/pages\/79\/revisions"}],"wp:attachment":[{"href":"https:\/\/timammdouar.fr\/en\/wp-json\/wp\/v2\/media?parent=79"}],"curies":[{"name":"wp","href":"https:\/\/api.w.org\/{rel}","templated":true}]}}