{"id":1589,"date":"2023-10-29T01:38:59","date_gmt":"2023-10-28T23:38:59","guid":{"rendered":"https:\/\/timammdouar.fr\/?post_type=product&#038;p=1589"},"modified":"2025-12-23T12:30:19","modified_gmt":"2025-12-23T11:30:19","slug":"lhuile-circulatoire-pour-masser-lulite","status":"publish","type":"product","link":"https:\/\/timammdouar.fr\/en\/product\/lhuile-circulatoire-pour-masser-lulite\/","title":{"rendered":"L&rsquo;Huile circulatoire pour masser Lulite (50\u00a0ml)"},"content":{"rendered":"<p>\u00c0 base d&rsquo;huiles de mac\u00e9ration solaire de b<em>aie de gen\u00e9vrier, lierre grimpant, helichryse italienne, menthe poivr\u00e9e, achill\u00e9e, g\u00e9ranium rosat, calendula, et d&rsquo;huile essentielle de cypr\u00e8s<\/em><\/p>\n<p>Poids net: 50 ml<\/p>\n<p>INCI: HELIANTHUS ANNUUS SEED OIL \/ HEDERA HELIX LEAF EXTRACT, HELIANTHUS ANNUUS SEED OIL \/ JUNIPERUS COMMUNIS FRUIT EXTRACT, HELIANTHUS ANNUUS SEED OIL \/ HELICHRYSUM ITALICUM FLOWER EXTRACT, HELIANTHUS ANNUUS SEED OIL \/ MENTHA PIPERITA LEAF EXTRACT, HELIANTHUS ANNUUS SEED OIL \/ ACHILLEA MILLEFOLIUM FLOWER EXTRACT, HELIANTHUS ANNUUS SEED OIL \/ PELARGONIUM ROSEUM LEAF EXTRACT, HELIANTHUS ANNUUS SEED OIL \/ CALENDULA OFFICINALIS, CUPRESSUS SEMPEVIRENS OIL<\/p>","protected":false},"excerpt":{"rendered":"<p>En massage de bas en haut sur les jambes lourdes et en palper rouler sur cette anti-amie qui nous colle \u00e0 la peau depuis quasi toujours<\/p>","protected":false},"featured_media":1691,"comment_status":"closed","ping_status":"closed","template":"","meta":{"_acf_changed":false},"product_brand":[],"product_cat":[44],"product_tag":[],"class_list":{"0":"post-1589","1":"product","2":"type-product","3":"status-publish","4":"has-post-thumbnail","6":"product_cat-massages","7":"product_shipping_class-france-colissimo","9":"first","10":"instock","11":"purchasable","12":"product-type-simple"},"acf":[],"featured_image_urls_v2":{"full":["https:\/\/timammdouar.fr\/wp-content\/uploads\/2023\/10\/20231007_110918.jpg",1000,1240,false],"thumbnail":["https:\/\/timammdouar.fr\/wp-content\/uploads\/2023\/10\/20231007_110918-150x150.jpg",150,150,true],"medium":["https:\/\/timammdouar.fr\/wp-content\/uploads\/2023\/10\/20231007_110918-242x300.jpg",242,300,true],"medium_large":["https:\/\/timammdouar.fr\/wp-content\/uploads\/2023\/10\/20231007_110918-768x952.jpg",768,952,true],"large":["https:\/\/timammdouar.fr\/wp-content\/uploads\/2023\/10\/20231007_110918-826x1024.jpg",826,1024,true],"1536x1536":["https:\/\/timammdouar.fr\/wp-content\/uploads\/2023\/10\/20231007_110918.jpg",1000,1240,false],"2048x2048":["https:\/\/timammdouar.fr\/wp-content\/uploads\/2023\/10\/20231007_110918.jpg",1000,1240,false],"trp-custom-language-flag":["https:\/\/timammdouar.fr\/wp-content\/uploads\/2023\/10\/20231007_110918-10x12.jpg",10,12,true],"extension-popular-post":["https:\/\/timammdouar.fr\/wp-content\/uploads\/2023\/10\/20231007_110918-75x75.jpg",75,75,true],"woocommerce_thumbnail":["https:\/\/timammdouar.fr\/wp-content\/uploads\/2023\/10\/20231007_110918-300x300.jpg",300,300,true],"woocommerce_single":["https:\/\/timammdouar.fr\/wp-content\/uploads\/2023\/10\/20231007_110918-600x744.jpg",600,744,true],"woocommerce_gallery_thumbnail":["https:\/\/timammdouar.fr\/wp-content\/uploads\/2023\/10\/20231007_110918-100x100.jpg",100,100,true]},"post_excerpt_stackable_v2":"<p>En massage de bas en haut sur les jambes lourdes et en palper rouler sur cette anti-amie qui nous colle \u00e0 la peau depuis quasi toujours<\/p>\n","category_list_v2":"","author_info_v2":{"name":"","url":""},"comments_num_v2":"0 comments","yoast_head":"<!-- This site is optimized with the Yoast SEO plugin v27.4 - https:\/\/yoast.com\/product\/yoast-seo-wordpress\/ -->\n<title>L&#039;Huile circulatoire pour masser Lulite (50\u00a0ml) - Ti mamm douar<\/title>\n<meta name=\"robots\" content=\"index, follow, max-snippet:-1, max-image-preview:large, max-video-preview:-1\" \/>\n<link rel=\"canonical\" href=\"https:\/\/timammdouar.fr\/en\/product\/lhuile-circulatoire-pour-masser-lulite\/\" \/>\n<meta property=\"og:locale\" content=\"en_GB\" \/>\n<meta property=\"og:type\" content=\"article\" \/>\n<meta property=\"og:title\" content=\"L&#039;Huile circulatoire pour masser Lulite (50\u00a0ml) - Ti mamm douar\" \/>\n<meta property=\"og:description\" content=\"En massage de bas en haut sur les jambes lourdes et en palper rouler sur cette anti-amie qui nous colle \u00e0 la peau depuis quasi toujours\" \/>\n<meta property=\"og:url\" content=\"https:\/\/timammdouar.fr\/en\/product\/lhuile-circulatoire-pour-masser-lulite\/\" \/>\n<meta property=\"og:site_name\" content=\"Ti mamm douar\" \/>\n<meta property=\"article:publisher\" content=\"https:\/\/www.facebook.com\/Timammdouar.fermeagroeco\/\" \/>\n<meta property=\"article:modified_time\" content=\"2025-12-23T11:30:19+00:00\" \/>\n<meta property=\"og:image\" content=\"https:\/\/timammdouar.fr\/wp-content\/uploads\/2023\/10\/20231007_110918.jpg\" \/>\n\t<meta property=\"og:image:width\" content=\"1000\" \/>\n\t<meta property=\"og:image:height\" content=\"1240\" \/>\n\t<meta property=\"og:image:type\" content=\"image\/jpeg\" \/>\n<meta name=\"twitter:card\" content=\"summary_large_image\" \/>\n<meta name=\"twitter:label1\" content=\"Estimated reading time\" \/>\n\t<meta name=\"twitter:data1\" content=\"1 minute\" \/>\n<script type=\"application\/ld+json\" class=\"yoast-schema-graph\">{\"@context\":\"https:\\\/\\\/schema.org\",\"@graph\":[{\"@type\":\"WebPage\",\"@id\":\"https:\\\/\\\/timammdouar.fr\\\/produit\\\/lhuile-circulatoire-pour-masser-lulite\\\/\",\"url\":\"https:\\\/\\\/timammdouar.fr\\\/produit\\\/lhuile-circulatoire-pour-masser-lulite\\\/\",\"name\":\"L'Huile circulatoire pour masser Lulite (50\u00a0ml) - Ti mamm douar\",\"isPartOf\":{\"@id\":\"https:\\\/\\\/timammdouar.fr\\\/#website\"},\"primaryImageOfPage\":{\"@id\":\"https:\\\/\\\/timammdouar.fr\\\/produit\\\/lhuile-circulatoire-pour-masser-lulite\\\/#primaryimage\"},\"image\":{\"@id\":\"https:\\\/\\\/timammdouar.fr\\\/produit\\\/lhuile-circulatoire-pour-masser-lulite\\\/#primaryimage\"},\"thumbnailUrl\":\"https:\\\/\\\/timammdouar.fr\\\/wp-content\\\/uploads\\\/2023\\\/10\\\/20231007_110918.jpg\",\"datePublished\":\"2023-10-28T23:38:59+00:00\",\"dateModified\":\"2025-12-23T11:30:19+00:00\",\"breadcrumb\":{\"@id\":\"https:\\\/\\\/timammdouar.fr\\\/produit\\\/lhuile-circulatoire-pour-masser-lulite\\\/#breadcrumb\"},\"inLanguage\":\"en-GB\",\"potentialAction\":[{\"@type\":\"ReadAction\",\"target\":[\"https:\\\/\\\/timammdouar.fr\\\/produit\\\/lhuile-circulatoire-pour-masser-lulite\\\/\"]}]},{\"@type\":\"ImageObject\",\"inLanguage\":\"en-GB\",\"@id\":\"https:\\\/\\\/timammdouar.fr\\\/produit\\\/lhuile-circulatoire-pour-masser-lulite\\\/#primaryimage\",\"url\":\"https:\\\/\\\/timammdouar.fr\\\/wp-content\\\/uploads\\\/2023\\\/10\\\/20231007_110918.jpg\",\"contentUrl\":\"https:\\\/\\\/timammdouar.fr\\\/wp-content\\\/uploads\\\/2023\\\/10\\\/20231007_110918.jpg\",\"width\":1000,\"height\":1240},{\"@type\":\"BreadcrumbList\",\"@id\":\"https:\\\/\\\/timammdouar.fr\\\/produit\\\/lhuile-circulatoire-pour-masser-lulite\\\/#breadcrumb\",\"itemListElement\":[{\"@type\":\"ListItem\",\"position\":1,\"name\":\"Accueil\",\"item\":\"https:\\\/\\\/timammdouar.fr\\\/\"},{\"@type\":\"ListItem\",\"position\":2,\"name\":\"Produits issus de plantes aromatiques et m\u00e9dicinales\",\"item\":\"https:\\\/\\\/timammdouar.fr\\\/nos-produits\\\/produits-issus-de-plantes-aromatiques-et-medicinales\\\/\"},{\"@type\":\"ListItem\",\"position\":3,\"name\":\"L&rsquo;Huile circulatoire pour masser Lulite (50\u00a0ml)\"}]},{\"@type\":\"WebSite\",\"@id\":\"https:\\\/\\\/timammdouar.fr\\\/#website\",\"url\":\"https:\\\/\\\/timammdouar.fr\\\/\",\"name\":\"Ti mamm douar\",\"description\":\"Ferme agro-\u00e9cologique des montagnes noires\",\"publisher\":{\"@id\":\"https:\\\/\\\/timammdouar.fr\\\/#organization\"},\"potentialAction\":[{\"@type\":\"SearchAction\",\"target\":{\"@type\":\"EntryPoint\",\"urlTemplate\":\"https:\\\/\\\/timammdouar.fr\\\/?s={search_term_string}\"},\"query-input\":{\"@type\":\"PropertyValueSpecification\",\"valueRequired\":true,\"valueName\":\"search_term_string\"}}],\"inLanguage\":\"en-GB\"},{\"@type\":\"Organization\",\"@id\":\"https:\\\/\\\/timammdouar.fr\\\/#organization\",\"name\":\"Ti mamm douar\",\"url\":\"https:\\\/\\\/timammdouar.fr\\\/\",\"logo\":{\"@type\":\"ImageObject\",\"inLanguage\":\"en-GB\",\"@id\":\"https:\\\/\\\/timammdouar.fr\\\/#\\\/schema\\\/logo\\\/image\\\/\",\"url\":\"https:\\\/\\\/timammdouar.fr\\\/wp-content\\\/uploads\\\/2020\\\/03\\\/cropped-WEB-Logo-NB_TI-MAMM-DOUAR_2019-e1584807257800-1.png\",\"contentUrl\":\"https:\\\/\\\/timammdouar.fr\\\/wp-content\\\/uploads\\\/2020\\\/03\\\/cropped-WEB-Logo-NB_TI-MAMM-DOUAR_2019-e1584807257800-1.png\",\"width\":225,\"height\":224,\"caption\":\"Ti mamm douar\"},\"image\":{\"@id\":\"https:\\\/\\\/timammdouar.fr\\\/#\\\/schema\\\/logo\\\/image\\\/\"},\"sameAs\":[\"https:\\\/\\\/www.facebook.com\\\/Timammdouar.fermeagroeco\\\/\",\"https:\\\/\\\/www.instagram.com\\\/timammdouar\\\/\"]}]}<\/script>\n<!-- \/ Yoast SEO plugin. -->","yoast_head_json":{"title":"L'Huile circulatoire pour masser Lulite (50\u00a0ml) - Ti mamm douar","robots":{"index":"index","follow":"follow","max-snippet":"max-snippet:-1","max-image-preview":"max-image-preview:large","max-video-preview":"max-video-preview:-1"},"canonical":"https:\/\/timammdouar.fr\/en\/product\/lhuile-circulatoire-pour-masser-lulite\/","og_locale":"en_GB","og_type":"article","og_title":"L'Huile circulatoire pour masser Lulite (50\u00a0ml) - Ti mamm douar","og_description":"En massage de bas en haut sur les jambes lourdes et en palper rouler sur cette anti-amie qui nous colle \u00e0 la peau depuis quasi toujours","og_url":"https:\/\/timammdouar.fr\/en\/product\/lhuile-circulatoire-pour-masser-lulite\/","og_site_name":"Ti mamm douar","article_publisher":"https:\/\/www.facebook.com\/Timammdouar.fermeagroeco\/","article_modified_time":"2025-12-23T11:30:19+00:00","og_image":[{"width":1000,"height":1240,"url":"https:\/\/timammdouar.fr\/wp-content\/uploads\/2023\/10\/20231007_110918.jpg","type":"image\/jpeg"}],"twitter_card":"summary_large_image","twitter_misc":{"Estimated reading time":"1 minute"},"schema":{"@context":"https:\/\/schema.org","@graph":[{"@type":"WebPage","@id":"https:\/\/timammdouar.fr\/produit\/lhuile-circulatoire-pour-masser-lulite\/","url":"https:\/\/timammdouar.fr\/produit\/lhuile-circulatoire-pour-masser-lulite\/","name":"L'Huile circulatoire pour masser Lulite (50\u00a0ml) - Ti mamm douar","isPartOf":{"@id":"https:\/\/timammdouar.fr\/#website"},"primaryImageOfPage":{"@id":"https:\/\/timammdouar.fr\/produit\/lhuile-circulatoire-pour-masser-lulite\/#primaryimage"},"image":{"@id":"https:\/\/timammdouar.fr\/produit\/lhuile-circulatoire-pour-masser-lulite\/#primaryimage"},"thumbnailUrl":"https:\/\/timammdouar.fr\/wp-content\/uploads\/2023\/10\/20231007_110918.jpg","datePublished":"2023-10-28T23:38:59+00:00","dateModified":"2025-12-23T11:30:19+00:00","breadcrumb":{"@id":"https:\/\/timammdouar.fr\/produit\/lhuile-circulatoire-pour-masser-lulite\/#breadcrumb"},"inLanguage":"en-GB","potentialAction":[{"@type":"ReadAction","target":["https:\/\/timammdouar.fr\/produit\/lhuile-circulatoire-pour-masser-lulite\/"]}]},{"@type":"ImageObject","inLanguage":"en-GB","@id":"https:\/\/timammdouar.fr\/produit\/lhuile-circulatoire-pour-masser-lulite\/#primaryimage","url":"https:\/\/timammdouar.fr\/wp-content\/uploads\/2023\/10\/20231007_110918.jpg","contentUrl":"https:\/\/timammdouar.fr\/wp-content\/uploads\/2023\/10\/20231007_110918.jpg","width":1000,"height":1240},{"@type":"BreadcrumbList","@id":"https:\/\/timammdouar.fr\/produit\/lhuile-circulatoire-pour-masser-lulite\/#breadcrumb","itemListElement":[{"@type":"ListItem","position":1,"name":"Accueil","item":"https:\/\/timammdouar.fr\/"},{"@type":"ListItem","position":2,"name":"Produits issus de plantes aromatiques et m\u00e9dicinales","item":"https:\/\/timammdouar.fr\/nos-produits\/produits-issus-de-plantes-aromatiques-et-medicinales\/"},{"@type":"ListItem","position":3,"name":"L&rsquo;Huile circulatoire pour masser Lulite (50\u00a0ml)"}]},{"@type":"WebSite","@id":"https:\/\/timammdouar.fr\/#website","url":"https:\/\/timammdouar.fr\/","name":"Ti mamm douar","description":"Ferme agro-\u00e9cologique des montagnes noires","publisher":{"@id":"https:\/\/timammdouar.fr\/#organization"},"potentialAction":[{"@type":"SearchAction","target":{"@type":"EntryPoint","urlTemplate":"https:\/\/timammdouar.fr\/?s={search_term_string}"},"query-input":{"@type":"PropertyValueSpecification","valueRequired":true,"valueName":"search_term_string"}}],"inLanguage":"en-GB"},{"@type":"Organization","@id":"https:\/\/timammdouar.fr\/#organization","name":"Ti mamm douar","url":"https:\/\/timammdouar.fr\/","logo":{"@type":"ImageObject","inLanguage":"en-GB","@id":"https:\/\/timammdouar.fr\/#\/schema\/logo\/image\/","url":"https:\/\/timammdouar.fr\/wp-content\/uploads\/2020\/03\/cropped-WEB-Logo-NB_TI-MAMM-DOUAR_2019-e1584807257800-1.png","contentUrl":"https:\/\/timammdouar.fr\/wp-content\/uploads\/2020\/03\/cropped-WEB-Logo-NB_TI-MAMM-DOUAR_2019-e1584807257800-1.png","width":225,"height":224,"caption":"Ti mamm douar"},"image":{"@id":"https:\/\/timammdouar.fr\/#\/schema\/logo\/image\/"},"sameAs":["https:\/\/www.facebook.com\/Timammdouar.fermeagroeco\/","https:\/\/www.instagram.com\/timammdouar\/"]}]}},"_links":{"self":[{"href":"https:\/\/timammdouar.fr\/en\/wp-json\/wp\/v2\/product\/1589","targetHints":{"allow":["GET"]}}],"collection":[{"href":"https:\/\/timammdouar.fr\/en\/wp-json\/wp\/v2\/product"}],"about":[{"href":"https:\/\/timammdouar.fr\/en\/wp-json\/wp\/v2\/types\/product"}],"replies":[{"embeddable":true,"href":"https:\/\/timammdouar.fr\/en\/wp-json\/wp\/v2\/comments?post=1589"}],"wp:featuredmedia":[{"embeddable":true,"href":"https:\/\/timammdouar.fr\/en\/wp-json\/wp\/v2\/media\/1691"}],"wp:attachment":[{"href":"https:\/\/timammdouar.fr\/en\/wp-json\/wp\/v2\/media?parent=1589"}],"wp:term":[{"taxonomy":"product_brand","embeddable":true,"href":"https:\/\/timammdouar.fr\/en\/wp-json\/wp\/v2\/product_brand?post=1589"},{"taxonomy":"product_cat","embeddable":true,"href":"https:\/\/timammdouar.fr\/en\/wp-json\/wp\/v2\/product_cat?post=1589"},{"taxonomy":"product_tag","embeddable":true,"href":"https:\/\/timammdouar.fr\/en\/wp-json\/wp\/v2\/product_tag?post=1589"}],"curies":[{"name":"wp","href":"https:\/\/api.w.org\/{rel}","templated":true}]}}