{"id":1593,"date":"2023-10-29T01:39:00","date_gmt":"2023-10-28T23:39:00","guid":{"rendered":"https:\/\/timammdouar.fr\/?post_type=product&#038;p=1593"},"modified":"2025-12-23T12:32:58","modified_gmt":"2025-12-23T11:32:58","slug":"lattente-sacree","status":"publish","type":"product","link":"https:\/\/timammdouar.fr\/en\/product\/lattente-sacree\/","title":{"rendered":"Une m\u00e8re veille (50\u00a0ml)"},"content":{"rendered":"<p>\u00c0 base d&rsquo;huile de mac\u00e9ration solaire de g\u00e9ranium rosat, roses, bourrache, matricaire, lavande sauvage, calendula<em><br \/>\n<\/em><\/p>\n<p>SANS HUILE ESSENTIELLE<\/p>\n<p>Poids net: 50 ml<\/p>\n<p>INCI: HELIANTHUS ANNUUS SEED OIL \/ PELARGONIUM ROSEUM LEAF EXTRACT, HELIANTHUS ANNUUS SEED OIL \/ ROSA GALLICA FLOWER EXTRACT \/ ROSA DAMASCENA FLOWER EXTRACT, HELIANTHUS ANNUUS SEED OIL \/ BORAGO OFFICINALIS LEAF EXTRACT, HELIANTHUS ANNUUS SEED OIL \/ MATRICARIA RECUTITA FLOWER EXTRACT, HELIANTHUS ANNUUS SEED OIL \/ CALENDULA OFFICINALIS FLOWER EXTRACT, HELIANTHUS ANNUUS SEED OIL \/ LAVANDULA ANGUSTIFOLIA FLOWER EXTRACT<\/p>","protected":false},"excerpt":{"rendered":"<p>Huile de massage pour futures et jeunes mamans<\/p>","protected":false},"featured_media":2082,"comment_status":"closed","ping_status":"closed","template":"","meta":{"_acf_changed":false},"product_cat":[44,43,49],"product_tag":[],"acf":[],"featured_image_urls_v2":{"full":["https:\/\/timammdouar.fr\/wp-content\/uploads\/2023\/10\/une-mere-veille.jpg",1000,1000,false],"thumbnail":["https:\/\/timammdouar.fr\/wp-content\/uploads\/2023\/10\/une-mere-veille-150x150.jpg",150,150,true],"medium":["https:\/\/timammdouar.fr\/wp-content\/uploads\/2023\/10\/une-mere-veille-300x300.jpg",300,300,true],"medium_large":["https:\/\/timammdouar.fr\/wp-content\/uploads\/2023\/10\/une-mere-veille-768x768.jpg",768,768,true],"large":["https:\/\/timammdouar.fr\/wp-content\/uploads\/2023\/10\/une-mere-veille.jpg",1000,1000,false],"1536x1536":["https:\/\/timammdouar.fr\/wp-content\/uploads\/2023\/10\/une-mere-veille.jpg",1000,1000,false],"2048x2048":["https:\/\/timammdouar.fr\/wp-content\/uploads\/2023\/10\/une-mere-veille.jpg",1000,1000,false],"trp-custom-language-flag":["https:\/\/timammdouar.fr\/wp-content\/uploads\/2023\/10\/une-mere-veille-12x12.jpg",12,12,true],"extension-popular-post":["https:\/\/timammdouar.fr\/wp-content\/uploads\/2023\/10\/une-mere-veille-75x75.jpg",75,75,true],"woocommerce_thumbnail":["https:\/\/timammdouar.fr\/wp-content\/uploads\/2023\/10\/une-mere-veille-300x300.jpg",300,300,true],"woocommerce_single":["https:\/\/timammdouar.fr\/wp-content\/uploads\/2023\/10\/une-mere-veille-600x600.jpg",600,600,true],"woocommerce_gallery_thumbnail":["https:\/\/timammdouar.fr\/wp-content\/uploads\/2023\/10\/une-mere-veille-100x100.jpg",100,100,true]},"post_excerpt_stackable_v2":"<p>Huile de massage pour futures et jeunes mamans<\/p>\n","category_list_v2":"","author_info_v2":{"name":"","url":""},"comments_num_v2":"0 comments","yoast_head":"<!-- This site is optimized with the Yoast SEO plugin v23.5 - https:\/\/yoast.com\/wordpress\/plugins\/seo\/ -->\n<title>Une m\u00e8re veille (50\u00a0ml) - Ti mamm douar<\/title>\n<meta name=\"robots\" content=\"index, follow, max-snippet:-1, max-image-preview:large, max-video-preview:-1\" \/>\n<link rel=\"canonical\" href=\"https:\/\/timammdouar.fr\/en\/product\/lattente-sacree\/\" \/>\n<meta property=\"og:locale\" content=\"en_GB\" \/>\n<meta property=\"og:type\" content=\"article\" \/>\n<meta property=\"og:title\" content=\"Une m\u00e8re veille (50\u00a0ml) - Ti mamm douar\" \/>\n<meta property=\"og:description\" content=\"Huile de massage pour futures et jeunes mamans\" \/>\n<meta property=\"og:url\" content=\"https:\/\/timammdouar.fr\/en\/product\/lattente-sacree\/\" \/>\n<meta property=\"og:site_name\" content=\"Ti mamm douar\" \/>\n<meta property=\"article:publisher\" content=\"https:\/\/www.facebook.com\/Timammdouar.fermeagroeco\/\" \/>\n<meta property=\"article:modified_time\" content=\"2025-12-23T11:32:58+00:00\" \/>\n<meta property=\"og:image\" content=\"https:\/\/timammdouar.fr\/wp-content\/uploads\/2023\/10\/une-mere-veille.jpg\" \/>\n\t<meta property=\"og:image:width\" content=\"1000\" \/>\n\t<meta property=\"og:image:height\" content=\"1000\" \/>\n\t<meta property=\"og:image:type\" content=\"image\/jpeg\" \/>\n<meta name=\"twitter:card\" content=\"summary_large_image\" \/>\n<meta name=\"twitter:label1\" content=\"Estimated reading time\" \/>\n\t<meta name=\"twitter:data1\" content=\"1 minute\" \/>\n<script type=\"application\/ld+json\" class=\"yoast-schema-graph\">{\"@context\":\"https:\/\/schema.org\",\"@graph\":[{\"@type\":\"WebPage\",\"@id\":\"https:\/\/timammdouar.fr\/produit\/lattente-sacree\/\",\"url\":\"https:\/\/timammdouar.fr\/produit\/lattente-sacree\/\",\"name\":\"Une m\u00e8re veille (50\u00a0ml) - Ti mamm douar\",\"isPartOf\":{\"@id\":\"https:\/\/timammdouar.fr\/#website\"},\"primaryImageOfPage\":{\"@id\":\"https:\/\/timammdouar.fr\/produit\/lattente-sacree\/#primaryimage\"},\"image\":{\"@id\":\"https:\/\/timammdouar.fr\/produit\/lattente-sacree\/#primaryimage\"},\"thumbnailUrl\":\"https:\/\/timammdouar.fr\/wp-content\/uploads\/2023\/10\/une-mere-veille.jpg\",\"datePublished\":\"2023-10-28T23:39:00+00:00\",\"dateModified\":\"2025-12-23T11:32:58+00:00\",\"breadcrumb\":{\"@id\":\"https:\/\/timammdouar.fr\/produit\/lattente-sacree\/#breadcrumb\"},\"inLanguage\":\"en-GB\",\"potentialAction\":[{\"@type\":\"ReadAction\",\"target\":[\"https:\/\/timammdouar.fr\/produit\/lattente-sacree\/\"]}]},{\"@type\":\"ImageObject\",\"inLanguage\":\"en-GB\",\"@id\":\"https:\/\/timammdouar.fr\/produit\/lattente-sacree\/#primaryimage\",\"url\":\"https:\/\/timammdouar.fr\/wp-content\/uploads\/2023\/10\/une-mere-veille.jpg\",\"contentUrl\":\"https:\/\/timammdouar.fr\/wp-content\/uploads\/2023\/10\/une-mere-veille.jpg\",\"width\":1000,\"height\":1000},{\"@type\":\"BreadcrumbList\",\"@id\":\"https:\/\/timammdouar.fr\/produit\/lattente-sacree\/#breadcrumb\",\"itemListElement\":[{\"@type\":\"ListItem\",\"position\":1,\"name\":\"Accueil\",\"item\":\"https:\/\/timammdouar.fr\/\"},{\"@type\":\"ListItem\",\"position\":2,\"name\":\"Produits issus de plantes aromatiques et m\u00e9dicinales\",\"item\":\"https:\/\/timammdouar.fr\/nos-produits\/produits-issus-de-plantes-aromatiques-et-medicinales\/\"},{\"@type\":\"ListItem\",\"position\":3,\"name\":\"Une m\u00e8re veille (50\u00a0ml)\"}]},{\"@type\":\"WebSite\",\"@id\":\"https:\/\/timammdouar.fr\/#website\",\"url\":\"https:\/\/timammdouar.fr\/\",\"name\":\"Ti mamm douar\",\"description\":\"Ferme agro-\u00e9cologique des montagnes noires\",\"publisher\":{\"@id\":\"https:\/\/timammdouar.fr\/#organization\"},\"potentialAction\":[{\"@type\":\"SearchAction\",\"target\":{\"@type\":\"EntryPoint\",\"urlTemplate\":\"https:\/\/timammdouar.fr\/?s={search_term_string}\"},\"query-input\":{\"@type\":\"PropertyValueSpecification\",\"valueRequired\":true,\"valueName\":\"search_term_string\"}}],\"inLanguage\":\"en-GB\"},{\"@type\":\"Organization\",\"@id\":\"https:\/\/timammdouar.fr\/#organization\",\"name\":\"Ti mamm douar\",\"url\":\"https:\/\/timammdouar.fr\/\",\"logo\":{\"@type\":\"ImageObject\",\"inLanguage\":\"en-GB\",\"@id\":\"https:\/\/timammdouar.fr\/#\/schema\/logo\/image\/\",\"url\":\"https:\/\/timammdouar.fr\/wp-content\/uploads\/2020\/03\/cropped-WEB-Logo-NB_TI-MAMM-DOUAR_2019-e1584807257800-1.png\",\"contentUrl\":\"https:\/\/timammdouar.fr\/wp-content\/uploads\/2020\/03\/cropped-WEB-Logo-NB_TI-MAMM-DOUAR_2019-e1584807257800-1.png\",\"width\":225,\"height\":224,\"caption\":\"Ti mamm douar\"},\"image\":{\"@id\":\"https:\/\/timammdouar.fr\/#\/schema\/logo\/image\/\"},\"sameAs\":[\"https:\/\/www.facebook.com\/Timammdouar.fermeagroeco\/\",\"https:\/\/www.instagram.com\/timammdouar\/\"]}]}<\/script>\n<!-- \/ Yoast SEO plugin. -->","yoast_head_json":{"title":"Une m\u00e8re veille (50\u00a0ml) - Ti mamm douar","robots":{"index":"index","follow":"follow","max-snippet":"max-snippet:-1","max-image-preview":"max-image-preview:large","max-video-preview":"max-video-preview:-1"},"canonical":"https:\/\/timammdouar.fr\/en\/product\/lattente-sacree\/","og_locale":"en_GB","og_type":"article","og_title":"Une m\u00e8re veille (50\u00a0ml) - Ti mamm douar","og_description":"Huile de massage pour futures et jeunes mamans","og_url":"https:\/\/timammdouar.fr\/en\/product\/lattente-sacree\/","og_site_name":"Ti mamm douar","article_publisher":"https:\/\/www.facebook.com\/Timammdouar.fermeagroeco\/","article_modified_time":"2025-12-23T11:32:58+00:00","og_image":[{"width":1000,"height":1000,"url":"https:\/\/timammdouar.fr\/wp-content\/uploads\/2023\/10\/une-mere-veille.jpg","type":"image\/jpeg"}],"twitter_card":"summary_large_image","twitter_misc":{"Estimated reading time":"1 minute"},"schema":{"@context":"https:\/\/schema.org","@graph":[{"@type":"WebPage","@id":"https:\/\/timammdouar.fr\/produit\/lattente-sacree\/","url":"https:\/\/timammdouar.fr\/produit\/lattente-sacree\/","name":"Une m\u00e8re veille (50\u00a0ml) - Ti mamm douar","isPartOf":{"@id":"https:\/\/timammdouar.fr\/#website"},"primaryImageOfPage":{"@id":"https:\/\/timammdouar.fr\/produit\/lattente-sacree\/#primaryimage"},"image":{"@id":"https:\/\/timammdouar.fr\/produit\/lattente-sacree\/#primaryimage"},"thumbnailUrl":"https:\/\/timammdouar.fr\/wp-content\/uploads\/2023\/10\/une-mere-veille.jpg","datePublished":"2023-10-28T23:39:00+00:00","dateModified":"2025-12-23T11:32:58+00:00","breadcrumb":{"@id":"https:\/\/timammdouar.fr\/produit\/lattente-sacree\/#breadcrumb"},"inLanguage":"en-GB","potentialAction":[{"@type":"ReadAction","target":["https:\/\/timammdouar.fr\/produit\/lattente-sacree\/"]}]},{"@type":"ImageObject","inLanguage":"en-GB","@id":"https:\/\/timammdouar.fr\/produit\/lattente-sacree\/#primaryimage","url":"https:\/\/timammdouar.fr\/wp-content\/uploads\/2023\/10\/une-mere-veille.jpg","contentUrl":"https:\/\/timammdouar.fr\/wp-content\/uploads\/2023\/10\/une-mere-veille.jpg","width":1000,"height":1000},{"@type":"BreadcrumbList","@id":"https:\/\/timammdouar.fr\/produit\/lattente-sacree\/#breadcrumb","itemListElement":[{"@type":"ListItem","position":1,"name":"Accueil","item":"https:\/\/timammdouar.fr\/"},{"@type":"ListItem","position":2,"name":"Produits issus de plantes aromatiques et m\u00e9dicinales","item":"https:\/\/timammdouar.fr\/nos-produits\/produits-issus-de-plantes-aromatiques-et-medicinales\/"},{"@type":"ListItem","position":3,"name":"Une m\u00e8re veille (50\u00a0ml)"}]},{"@type":"WebSite","@id":"https:\/\/timammdouar.fr\/#website","url":"https:\/\/timammdouar.fr\/","name":"Ti mamm douar","description":"Ferme agro-\u00e9cologique des montagnes noires","publisher":{"@id":"https:\/\/timammdouar.fr\/#organization"},"potentialAction":[{"@type":"SearchAction","target":{"@type":"EntryPoint","urlTemplate":"https:\/\/timammdouar.fr\/?s={search_term_string}"},"query-input":{"@type":"PropertyValueSpecification","valueRequired":true,"valueName":"search_term_string"}}],"inLanguage":"en-GB"},{"@type":"Organization","@id":"https:\/\/timammdouar.fr\/#organization","name":"Ti mamm douar","url":"https:\/\/timammdouar.fr\/","logo":{"@type":"ImageObject","inLanguage":"en-GB","@id":"https:\/\/timammdouar.fr\/#\/schema\/logo\/image\/","url":"https:\/\/timammdouar.fr\/wp-content\/uploads\/2020\/03\/cropped-WEB-Logo-NB_TI-MAMM-DOUAR_2019-e1584807257800-1.png","contentUrl":"https:\/\/timammdouar.fr\/wp-content\/uploads\/2020\/03\/cropped-WEB-Logo-NB_TI-MAMM-DOUAR_2019-e1584807257800-1.png","width":225,"height":224,"caption":"Ti mamm douar"},"image":{"@id":"https:\/\/timammdouar.fr\/#\/schema\/logo\/image\/"},"sameAs":["https:\/\/www.facebook.com\/Timammdouar.fermeagroeco\/","https:\/\/www.instagram.com\/timammdouar\/"]}]}},"_links":{"self":[{"href":"https:\/\/timammdouar.fr\/en\/wp-json\/wp\/v2\/product\/1593"}],"collection":[{"href":"https:\/\/timammdouar.fr\/en\/wp-json\/wp\/v2\/product"}],"about":[{"href":"https:\/\/timammdouar.fr\/en\/wp-json\/wp\/v2\/types\/product"}],"replies":[{"embeddable":true,"href":"https:\/\/timammdouar.fr\/en\/wp-json\/wp\/v2\/comments?post=1593"}],"wp:featuredmedia":[{"embeddable":true,"href":"https:\/\/timammdouar.fr\/en\/wp-json\/wp\/v2\/media\/2082"}],"wp:attachment":[{"href":"https:\/\/timammdouar.fr\/en\/wp-json\/wp\/v2\/media?parent=1593"}],"wp:term":[{"taxonomy":"product_cat","embeddable":true,"href":"https:\/\/timammdouar.fr\/en\/wp-json\/wp\/v2\/product_cat?post=1593"},{"taxonomy":"product_tag","embeddable":true,"href":"https:\/\/timammdouar.fr\/en\/wp-json\/wp\/v2\/product_tag?post=1593"}],"curies":[{"name":"wp","href":"https:\/\/api.w.org\/{rel}","templated":true}]}}