{"id":1595,"date":"2023-10-29T01:39:01","date_gmt":"2023-10-28T23:39:01","guid":{"rendered":"https:\/\/timammdouar.fr\/?post_type=product&#038;p=1595"},"modified":"2025-12-23T12:32:17","modified_gmt":"2025-12-23T11:32:17","slug":"lunes-noires","status":"publish","type":"product","link":"https:\/\/timammdouar.fr\/en\/product\/lunes-noires\/","title":{"rendered":"Lunes noires (50\u00a0ml)"},"content":{"rendered":"<p>\u00c0 base d&rsquo;huiles de mac\u00e9ration solaire de camomille, m\u00e9lisse, framboisier, sauge sclar\u00e9e, achill\u00e9e millefeuille, sarriette, geranium rosat, huile essentielle de lavande sauvage<\/p>\n<p>Poids net: 50 ml<\/p>\n<p>INCI:HELIANTHUS ANNUUS SEED OIL \/ CAMOMILLA NOBILE FLOWER EXTRACT, HELIANTHUS ANNUUS SEED OIL \/ MELISSA OFFICINALIS LEAF EXTRACT, HELIANTHUS ANNUUS SEED OIL \/ RUBUS IDAEUS LEAF EXTRACT, HELIANTHUS ANNUUS SEED OIL \/ SALVIA SCLAREA FLOWER EXTRACT, HELIANTHUS ANNUUS SEED OIL \/ ACHILLEA MILLEFOLIUM FLOWER EXTRACT, HELIANTHUS ANNUUS SEED OIL \/ SATUREJA MONTANA EXTRACT, HELIANTHUS ANNUUS SEED OIL \/ PELARGONIUM ROSEUM FLOWER EXTRACT, LANVANDULA ANGUSTIFOLIA OIL, linalool (naturellement pr\u00e9sent dans les huiles essentielles)<\/p>","protected":false},"excerpt":{"rendered":"<p>Huile de massage du f\u00e9minin sacr\u00e9, pour des Lunes plus douces.<\/p>\n<p>Masser le bas du ventre et du dos ainsi que toutes les parties du corps o\u00f9 des syndromes (pr\u00e9)menstruels se manifestent (nuque, poitrine, etc.) plusieurs fois par jour pour des Lunes plus douces<\/p>","protected":false},"featured_media":2087,"comment_status":"closed","ping_status":"closed","template":"","meta":{"_acf_changed":false},"product_brand":[],"product_cat":[43],"product_tag":[],"class_list":{"0":"post-1595","1":"product","2":"type-product","3":"status-publish","4":"has-post-thumbnail","6":"product_cat-feminin-sacre-intimite","7":"product_shipping_class-france-colissimo","9":"first","10":"instock","11":"purchasable","12":"product-type-simple"},"acf":[],"featured_image_urls_v2":{"full":["https:\/\/timammdouar.fr\/wp-content\/uploads\/2023\/10\/lunes-noires-1.jpg",467,1000,false],"thumbnail":["https:\/\/timammdouar.fr\/wp-content\/uploads\/2023\/10\/lunes-noires-1-150x150.jpg",150,150,true],"medium":["https:\/\/timammdouar.fr\/wp-content\/uploads\/2023\/10\/lunes-noires-1-140x300.jpg",140,300,true],"medium_large":["https:\/\/timammdouar.fr\/wp-content\/uploads\/2023\/10\/lunes-noires-1.jpg",467,1000,false],"large":["https:\/\/timammdouar.fr\/wp-content\/uploads\/2023\/10\/lunes-noires-1.jpg",467,1000,false],"1536x1536":["https:\/\/timammdouar.fr\/wp-content\/uploads\/2023\/10\/lunes-noires-1.jpg",467,1000,false],"2048x2048":["https:\/\/timammdouar.fr\/wp-content\/uploads\/2023\/10\/lunes-noires-1.jpg",467,1000,false],"trp-custom-language-flag":["https:\/\/timammdouar.fr\/wp-content\/uploads\/2023\/10\/lunes-noires-1-6x12.jpg",6,12,true],"extension-popular-post":["https:\/\/timammdouar.fr\/wp-content\/uploads\/2023\/10\/lunes-noires-1-75x75.jpg",75,75,true],"woocommerce_thumbnail":["https:\/\/timammdouar.fr\/wp-content\/uploads\/2023\/10\/lunes-noires-1-300x300.jpg",300,300,true],"woocommerce_single":["https:\/\/timammdouar.fr\/wp-content\/uploads\/2023\/10\/lunes-noires-1.jpg",467,1000,false],"woocommerce_gallery_thumbnail":["https:\/\/timammdouar.fr\/wp-content\/uploads\/2023\/10\/lunes-noires-1-100x100.jpg",100,100,true]},"post_excerpt_stackable_v2":"<p>Huile de massage du f\u00e9minin sacr\u00e9, pour des Lunes plus douces.<\/p>\n<p>Masser le bas du ventre et du dos ainsi que toutes les parties du corps o\u00f9 des syndromes (pr\u00e9)menstruels se manifestent (nuque, poitrine, etc.) plusieurs fois par jour pour des Lunes plus douces<\/p>\n","category_list_v2":"","author_info_v2":{"name":"","url":""},"comments_num_v2":"0 comments","yoast_head":"<!-- This site is optimized with the Yoast SEO plugin v27.4 - https:\/\/yoast.com\/product\/yoast-seo-wordpress\/ -->\n<title>Lunes noires (50\u00a0ml) - Ti mamm douar<\/title>\n<meta name=\"robots\" content=\"index, follow, max-snippet:-1, max-image-preview:large, max-video-preview:-1\" \/>\n<link rel=\"canonical\" href=\"https:\/\/timammdouar.fr\/en\/product\/lunes-noires\/\" \/>\n<meta property=\"og:locale\" content=\"en_GB\" \/>\n<meta property=\"og:type\" content=\"article\" \/>\n<meta property=\"og:title\" content=\"Lunes noires (50\u00a0ml) - Ti mamm douar\" \/>\n<meta property=\"og:description\" content=\"Huile de massage du f\u00e9minin sacr\u00e9, pour des Lunes plus douces.  Masser le bas du ventre et du dos ainsi que toutes les parties du corps o\u00f9 des syndromes (pr\u00e9)menstruels se manifestent (nuque, poitrine, etc.) plusieurs fois par jour pour des Lunes plus douces\" \/>\n<meta property=\"og:url\" content=\"https:\/\/timammdouar.fr\/en\/product\/lunes-noires\/\" \/>\n<meta property=\"og:site_name\" content=\"Ti mamm douar\" \/>\n<meta property=\"article:publisher\" content=\"https:\/\/www.facebook.com\/Timammdouar.fermeagroeco\/\" \/>\n<meta property=\"article:modified_time\" content=\"2025-12-23T11:32:17+00:00\" \/>\n<meta property=\"og:image\" content=\"https:\/\/timammdouar.fr\/wp-content\/uploads\/2023\/10\/lunes-noires-1.jpg\" \/>\n\t<meta property=\"og:image:width\" content=\"467\" \/>\n\t<meta property=\"og:image:height\" content=\"1000\" \/>\n\t<meta property=\"og:image:type\" content=\"image\/jpeg\" \/>\n<meta name=\"twitter:card\" content=\"summary_large_image\" \/>\n<meta name=\"twitter:label1\" content=\"Estimated reading time\" \/>\n\t<meta name=\"twitter:data1\" content=\"1 minute\" \/>\n<script type=\"application\/ld+json\" class=\"yoast-schema-graph\">{\"@context\":\"https:\\\/\\\/schema.org\",\"@graph\":[{\"@type\":\"WebPage\",\"@id\":\"https:\\\/\\\/timammdouar.fr\\\/produit\\\/lunes-noires\\\/\",\"url\":\"https:\\\/\\\/timammdouar.fr\\\/produit\\\/lunes-noires\\\/\",\"name\":\"Lunes noires (50\u00a0ml) - Ti mamm douar\",\"isPartOf\":{\"@id\":\"https:\\\/\\\/timammdouar.fr\\\/#website\"},\"primaryImageOfPage\":{\"@id\":\"https:\\\/\\\/timammdouar.fr\\\/produit\\\/lunes-noires\\\/#primaryimage\"},\"image\":{\"@id\":\"https:\\\/\\\/timammdouar.fr\\\/produit\\\/lunes-noires\\\/#primaryimage\"},\"thumbnailUrl\":\"https:\\\/\\\/timammdouar.fr\\\/wp-content\\\/uploads\\\/2023\\\/10\\\/lunes-noires-1.jpg\",\"datePublished\":\"2023-10-28T23:39:01+00:00\",\"dateModified\":\"2025-12-23T11:32:17+00:00\",\"breadcrumb\":{\"@id\":\"https:\\\/\\\/timammdouar.fr\\\/produit\\\/lunes-noires\\\/#breadcrumb\"},\"inLanguage\":\"en-GB\",\"potentialAction\":[{\"@type\":\"ReadAction\",\"target\":[\"https:\\\/\\\/timammdouar.fr\\\/produit\\\/lunes-noires\\\/\"]}]},{\"@type\":\"ImageObject\",\"inLanguage\":\"en-GB\",\"@id\":\"https:\\\/\\\/timammdouar.fr\\\/produit\\\/lunes-noires\\\/#primaryimage\",\"url\":\"https:\\\/\\\/timammdouar.fr\\\/wp-content\\\/uploads\\\/2023\\\/10\\\/lunes-noires-1.jpg\",\"contentUrl\":\"https:\\\/\\\/timammdouar.fr\\\/wp-content\\\/uploads\\\/2023\\\/10\\\/lunes-noires-1.jpg\",\"width\":467,\"height\":1000},{\"@type\":\"BreadcrumbList\",\"@id\":\"https:\\\/\\\/timammdouar.fr\\\/produit\\\/lunes-noires\\\/#breadcrumb\",\"itemListElement\":[{\"@type\":\"ListItem\",\"position\":1,\"name\":\"Accueil\",\"item\":\"https:\\\/\\\/timammdouar.fr\\\/\"},{\"@type\":\"ListItem\",\"position\":2,\"name\":\"Produits issus de plantes aromatiques et m\u00e9dicinales\",\"item\":\"https:\\\/\\\/timammdouar.fr\\\/nos-produits\\\/produits-issus-de-plantes-aromatiques-et-medicinales\\\/\"},{\"@type\":\"ListItem\",\"position\":3,\"name\":\"Lunes noires (50\u00a0ml)\"}]},{\"@type\":\"WebSite\",\"@id\":\"https:\\\/\\\/timammdouar.fr\\\/#website\",\"url\":\"https:\\\/\\\/timammdouar.fr\\\/\",\"name\":\"Ti mamm douar\",\"description\":\"Ferme agro-\u00e9cologique des montagnes noires\",\"publisher\":{\"@id\":\"https:\\\/\\\/timammdouar.fr\\\/#organization\"},\"potentialAction\":[{\"@type\":\"SearchAction\",\"target\":{\"@type\":\"EntryPoint\",\"urlTemplate\":\"https:\\\/\\\/timammdouar.fr\\\/?s={search_term_string}\"},\"query-input\":{\"@type\":\"PropertyValueSpecification\",\"valueRequired\":true,\"valueName\":\"search_term_string\"}}],\"inLanguage\":\"en-GB\"},{\"@type\":\"Organization\",\"@id\":\"https:\\\/\\\/timammdouar.fr\\\/#organization\",\"name\":\"Ti mamm douar\",\"url\":\"https:\\\/\\\/timammdouar.fr\\\/\",\"logo\":{\"@type\":\"ImageObject\",\"inLanguage\":\"en-GB\",\"@id\":\"https:\\\/\\\/timammdouar.fr\\\/#\\\/schema\\\/logo\\\/image\\\/\",\"url\":\"https:\\\/\\\/timammdouar.fr\\\/wp-content\\\/uploads\\\/2020\\\/03\\\/cropped-WEB-Logo-NB_TI-MAMM-DOUAR_2019-e1584807257800-1.png\",\"contentUrl\":\"https:\\\/\\\/timammdouar.fr\\\/wp-content\\\/uploads\\\/2020\\\/03\\\/cropped-WEB-Logo-NB_TI-MAMM-DOUAR_2019-e1584807257800-1.png\",\"width\":225,\"height\":224,\"caption\":\"Ti mamm douar\"},\"image\":{\"@id\":\"https:\\\/\\\/timammdouar.fr\\\/#\\\/schema\\\/logo\\\/image\\\/\"},\"sameAs\":[\"https:\\\/\\\/www.facebook.com\\\/Timammdouar.fermeagroeco\\\/\",\"https:\\\/\\\/www.instagram.com\\\/timammdouar\\\/\"]}]}<\/script>\n<!-- \/ Yoast SEO plugin. -->","yoast_head_json":{"title":"Lunes noires (50\u00a0ml) - Ti mamm douar","robots":{"index":"index","follow":"follow","max-snippet":"max-snippet:-1","max-image-preview":"max-image-preview:large","max-video-preview":"max-video-preview:-1"},"canonical":"https:\/\/timammdouar.fr\/en\/product\/lunes-noires\/","og_locale":"en_GB","og_type":"article","og_title":"Lunes noires (50\u00a0ml) - Ti mamm douar","og_description":"Huile de massage du f\u00e9minin sacr\u00e9, pour des Lunes plus douces.  Masser le bas du ventre et du dos ainsi que toutes les parties du corps o\u00f9 des syndromes (pr\u00e9)menstruels se manifestent (nuque, poitrine, etc.) plusieurs fois par jour pour des Lunes plus douces","og_url":"https:\/\/timammdouar.fr\/en\/product\/lunes-noires\/","og_site_name":"Ti mamm douar","article_publisher":"https:\/\/www.facebook.com\/Timammdouar.fermeagroeco\/","article_modified_time":"2025-12-23T11:32:17+00:00","og_image":[{"width":467,"height":1000,"url":"https:\/\/timammdouar.fr\/wp-content\/uploads\/2023\/10\/lunes-noires-1.jpg","type":"image\/jpeg"}],"twitter_card":"summary_large_image","twitter_misc":{"Estimated reading time":"1 minute"},"schema":{"@context":"https:\/\/schema.org","@graph":[{"@type":"WebPage","@id":"https:\/\/timammdouar.fr\/produit\/lunes-noires\/","url":"https:\/\/timammdouar.fr\/produit\/lunes-noires\/","name":"Lunes noires (50\u00a0ml) - Ti mamm douar","isPartOf":{"@id":"https:\/\/timammdouar.fr\/#website"},"primaryImageOfPage":{"@id":"https:\/\/timammdouar.fr\/produit\/lunes-noires\/#primaryimage"},"image":{"@id":"https:\/\/timammdouar.fr\/produit\/lunes-noires\/#primaryimage"},"thumbnailUrl":"https:\/\/timammdouar.fr\/wp-content\/uploads\/2023\/10\/lunes-noires-1.jpg","datePublished":"2023-10-28T23:39:01+00:00","dateModified":"2025-12-23T11:32:17+00:00","breadcrumb":{"@id":"https:\/\/timammdouar.fr\/produit\/lunes-noires\/#breadcrumb"},"inLanguage":"en-GB","potentialAction":[{"@type":"ReadAction","target":["https:\/\/timammdouar.fr\/produit\/lunes-noires\/"]}]},{"@type":"ImageObject","inLanguage":"en-GB","@id":"https:\/\/timammdouar.fr\/produit\/lunes-noires\/#primaryimage","url":"https:\/\/timammdouar.fr\/wp-content\/uploads\/2023\/10\/lunes-noires-1.jpg","contentUrl":"https:\/\/timammdouar.fr\/wp-content\/uploads\/2023\/10\/lunes-noires-1.jpg","width":467,"height":1000},{"@type":"BreadcrumbList","@id":"https:\/\/timammdouar.fr\/produit\/lunes-noires\/#breadcrumb","itemListElement":[{"@type":"ListItem","position":1,"name":"Accueil","item":"https:\/\/timammdouar.fr\/"},{"@type":"ListItem","position":2,"name":"Produits issus de plantes aromatiques et m\u00e9dicinales","item":"https:\/\/timammdouar.fr\/nos-produits\/produits-issus-de-plantes-aromatiques-et-medicinales\/"},{"@type":"ListItem","position":3,"name":"Lunes noires (50\u00a0ml)"}]},{"@type":"WebSite","@id":"https:\/\/timammdouar.fr\/#website","url":"https:\/\/timammdouar.fr\/","name":"Ti mamm douar","description":"Ferme agro-\u00e9cologique des montagnes noires","publisher":{"@id":"https:\/\/timammdouar.fr\/#organization"},"potentialAction":[{"@type":"SearchAction","target":{"@type":"EntryPoint","urlTemplate":"https:\/\/timammdouar.fr\/?s={search_term_string}"},"query-input":{"@type":"PropertyValueSpecification","valueRequired":true,"valueName":"search_term_string"}}],"inLanguage":"en-GB"},{"@type":"Organization","@id":"https:\/\/timammdouar.fr\/#organization","name":"Ti mamm douar","url":"https:\/\/timammdouar.fr\/","logo":{"@type":"ImageObject","inLanguage":"en-GB","@id":"https:\/\/timammdouar.fr\/#\/schema\/logo\/image\/","url":"https:\/\/timammdouar.fr\/wp-content\/uploads\/2020\/03\/cropped-WEB-Logo-NB_TI-MAMM-DOUAR_2019-e1584807257800-1.png","contentUrl":"https:\/\/timammdouar.fr\/wp-content\/uploads\/2020\/03\/cropped-WEB-Logo-NB_TI-MAMM-DOUAR_2019-e1584807257800-1.png","width":225,"height":224,"caption":"Ti mamm douar"},"image":{"@id":"https:\/\/timammdouar.fr\/#\/schema\/logo\/image\/"},"sameAs":["https:\/\/www.facebook.com\/Timammdouar.fermeagroeco\/","https:\/\/www.instagram.com\/timammdouar\/"]}]}},"_links":{"self":[{"href":"https:\/\/timammdouar.fr\/en\/wp-json\/wp\/v2\/product\/1595","targetHints":{"allow":["GET"]}}],"collection":[{"href":"https:\/\/timammdouar.fr\/en\/wp-json\/wp\/v2\/product"}],"about":[{"href":"https:\/\/timammdouar.fr\/en\/wp-json\/wp\/v2\/types\/product"}],"replies":[{"embeddable":true,"href":"https:\/\/timammdouar.fr\/en\/wp-json\/wp\/v2\/comments?post=1595"}],"wp:featuredmedia":[{"embeddable":true,"href":"https:\/\/timammdouar.fr\/en\/wp-json\/wp\/v2\/media\/2087"}],"wp:attachment":[{"href":"https:\/\/timammdouar.fr\/en\/wp-json\/wp\/v2\/media?parent=1595"}],"wp:term":[{"taxonomy":"product_brand","embeddable":true,"href":"https:\/\/timammdouar.fr\/en\/wp-json\/wp\/v2\/product_brand?post=1595"},{"taxonomy":"product_cat","embeddable":true,"href":"https:\/\/timammdouar.fr\/en\/wp-json\/wp\/v2\/product_cat?post=1595"},{"taxonomy":"product_tag","embeddable":true,"href":"https:\/\/timammdouar.fr\/en\/wp-json\/wp\/v2\/product_tag?post=1595"}],"curies":[{"name":"wp","href":"https:\/\/api.w.org\/{rel}","templated":true}]}}