{"id":1597,"date":"2023-10-29T01:38:04","date_gmt":"2023-10-28T23:38:04","guid":{"rendered":"https:\/\/timammdouar.fr\/?post_type=product&#038;p=1597"},"modified":"2025-12-22T13:49:25","modified_gmt":"2025-12-22T12:49:25","slug":"karnataka-mes-racines","status":"publish","type":"product","link":"https:\/\/timammdouar.fr\/en\/product\/karnataka-mes-racines\/","title":{"rendered":"Karnataka mes racines (100\u00a0ml)"},"content":{"rendered":"<p>\u00c0 base d&rsquo;huiles de mac\u00e9ration solaire de calendula, g\u00e9ranium rosat, menthe poivr\u00e9e, romarin, laurier, tulsi, capucine, thym citron, romaine et d&rsquo;huile essentielle de lavande sauvage<\/p>\n<p>Poids net: 100 ml<\/p>\n<p>INCI: HELIANTHUS ANNUUS SEED OIL \/ CALENDULA OFFICINALIS FLOWER EXTRACT, HELIANTHUS ANNUUS SEED OIL \/ PELARGONIUM ROSEUM LEAF EXTRACT, HELIANTHUS ANNUUS SEED OIL \/ MENTHA X PIPERITA LEAF EXTRACT, HELIANTHUS ANNUUS SEED OIL \/ ROSMARINUS LEAF EXTRACT, HELIANTHUS ANNUUS SEED OIL \/ LAURUS NOBILIS LEAF EXTRACT, HELIANTHUS ANNUUS SEED OIL \/ OCIMUM TENUIFLORUM LEAF EXTRACT, HELIANTHUS ANNUUS SEED OIL \/ TROPAEOLUM MAJUS LEAF EXTRACT, HELIANTHUS ANNUUS SEED OIL \/ THYMUS CITRIODORUS, HELIANTHUS ANNUUS SEED OIL \/ CAMOMILLA NOBILE FLOWER EXTRACT, LAVANDULA ANGUSTIFOLIA OIL, linalool (naturellement pr\u00e9sent dans les huiles essentielles)<\/p>","protected":false},"excerpt":{"rendered":"<p>Huile de massage capillaire pour le soin du cuir chevelu et de tous les cheveux adultes<\/p>\n<p>Avant le shampoing, appliquer sur les cheveux, de la racine aux pointes, en massant le cuir chevelu, puis laisser poser au minimum 30 minutes<\/p>","protected":false},"featured_media":1881,"comment_status":"closed","ping_status":"closed","template":"","meta":{"_acf_changed":false},"product_brand":[],"product_cat":[45],"product_tag":[],"class_list":{"0":"post-1597","1":"product","2":"type-product","3":"status-publish","4":"has-post-thumbnail","6":"product_cat-soins-des-cheveux","7":"product_shipping_class-france-colissimo","9":"first","10":"instock","11":"purchasable","12":"product-type-simple"},"acf":[],"featured_image_urls_v2":{"full":["https:\/\/timammdouar.fr\/wp-content\/uploads\/2023\/10\/20240529_162656.jpg",1000,1904,false],"thumbnail":["https:\/\/timammdouar.fr\/wp-content\/uploads\/2023\/10\/20240529_162656-150x150.jpg",150,150,true],"medium":["https:\/\/timammdouar.fr\/wp-content\/uploads\/2023\/10\/20240529_162656-158x300.jpg",158,300,true],"medium_large":["https:\/\/timammdouar.fr\/wp-content\/uploads\/2023\/10\/20240529_162656-768x1462.jpg",768,1462,true],"large":["https:\/\/timammdouar.fr\/wp-content\/uploads\/2023\/10\/20240529_162656-538x1024.jpg",538,1024,true],"1536x1536":["https:\/\/timammdouar.fr\/wp-content\/uploads\/2023\/10\/20240529_162656-807x1536.jpg",807,1536,true],"2048x2048":["https:\/\/timammdouar.fr\/wp-content\/uploads\/2023\/10\/20240529_162656.jpg",1000,1904,false],"trp-custom-language-flag":["https:\/\/timammdouar.fr\/wp-content\/uploads\/2023\/10\/20240529_162656-6x12.jpg",6,12,true],"extension-popular-post":["https:\/\/timammdouar.fr\/wp-content\/uploads\/2023\/10\/20240529_162656-75x75.jpg",75,75,true],"woocommerce_thumbnail":["https:\/\/timammdouar.fr\/wp-content\/uploads\/2023\/10\/20240529_162656-300x300.jpg",300,300,true],"woocommerce_single":["https:\/\/timammdouar.fr\/wp-content\/uploads\/2023\/10\/20240529_162656-600x1142.jpg",600,1142,true],"woocommerce_gallery_thumbnail":["https:\/\/timammdouar.fr\/wp-content\/uploads\/2023\/10\/20240529_162656-100x100.jpg",100,100,true]},"post_excerpt_stackable_v2":"<p>Huile de massage capillaire pour le soin du cuir chevelu et de tous les cheveux adultes<\/p>\n<p>Avant le shampoing, appliquer sur les cheveux, de la racine aux pointes, en massant le cuir chevelu, puis laisser poser au minimum 30 minutes<\/p>\n","category_list_v2":"","author_info_v2":{"name":"","url":""},"comments_num_v2":"0 comments","yoast_head":"<!-- This site is optimized with the Yoast SEO plugin v27.4 - https:\/\/yoast.com\/product\/yoast-seo-wordpress\/ -->\n<title>Karnataka mes racines (100\u00a0ml) - Ti mamm douar<\/title>\n<meta name=\"robots\" content=\"index, follow, max-snippet:-1, max-image-preview:large, max-video-preview:-1\" \/>\n<link rel=\"canonical\" href=\"https:\/\/timammdouar.fr\/en\/product\/karnataka-mes-racines\/\" \/>\n<meta property=\"og:locale\" content=\"en_GB\" \/>\n<meta property=\"og:type\" content=\"article\" \/>\n<meta property=\"og:title\" content=\"Karnataka mes racines (100\u00a0ml) - Ti mamm douar\" \/>\n<meta property=\"og:description\" content=\"Huile de massage capillaire pour le soin du cuir chevelu et de tous les cheveux adultes  Avant le shampoing, appliquer sur les cheveux, de la racine aux pointes, en massant le cuir chevelu, puis laisser poser au minimum 30 minutes\" \/>\n<meta property=\"og:url\" content=\"https:\/\/timammdouar.fr\/en\/product\/karnataka-mes-racines\/\" \/>\n<meta property=\"og:site_name\" content=\"Ti mamm douar\" \/>\n<meta property=\"article:publisher\" content=\"https:\/\/www.facebook.com\/Timammdouar.fermeagroeco\/\" \/>\n<meta property=\"article:modified_time\" content=\"2025-12-22T12:49:25+00:00\" \/>\n<meta property=\"og:image\" content=\"https:\/\/timammdouar.fr\/wp-content\/uploads\/2023\/10\/20240529_162656.jpg\" \/>\n\t<meta property=\"og:image:width\" content=\"1000\" \/>\n\t<meta property=\"og:image:height\" content=\"1904\" \/>\n\t<meta property=\"og:image:type\" content=\"image\/jpeg\" \/>\n<meta name=\"twitter:card\" content=\"summary_large_image\" \/>\n<meta name=\"twitter:label1\" content=\"Estimated reading time\" \/>\n\t<meta name=\"twitter:data1\" content=\"1 minute\" \/>\n<script type=\"application\/ld+json\" class=\"yoast-schema-graph\">{\"@context\":\"https:\\\/\\\/schema.org\",\"@graph\":[{\"@type\":\"WebPage\",\"@id\":\"https:\\\/\\\/timammdouar.fr\\\/produit\\\/karnataka-mes-racines\\\/\",\"url\":\"https:\\\/\\\/timammdouar.fr\\\/produit\\\/karnataka-mes-racines\\\/\",\"name\":\"Karnataka mes racines (100\u00a0ml) - Ti mamm douar\",\"isPartOf\":{\"@id\":\"https:\\\/\\\/timammdouar.fr\\\/#website\"},\"primaryImageOfPage\":{\"@id\":\"https:\\\/\\\/timammdouar.fr\\\/produit\\\/karnataka-mes-racines\\\/#primaryimage\"},\"image\":{\"@id\":\"https:\\\/\\\/timammdouar.fr\\\/produit\\\/karnataka-mes-racines\\\/#primaryimage\"},\"thumbnailUrl\":\"https:\\\/\\\/timammdouar.fr\\\/wp-content\\\/uploads\\\/2023\\\/10\\\/20240529_162656.jpg\",\"datePublished\":\"2023-10-28T23:38:04+00:00\",\"dateModified\":\"2025-12-22T12:49:25+00:00\",\"breadcrumb\":{\"@id\":\"https:\\\/\\\/timammdouar.fr\\\/produit\\\/karnataka-mes-racines\\\/#breadcrumb\"},\"inLanguage\":\"en-GB\",\"potentialAction\":[{\"@type\":\"ReadAction\",\"target\":[\"https:\\\/\\\/timammdouar.fr\\\/produit\\\/karnataka-mes-racines\\\/\"]}]},{\"@type\":\"ImageObject\",\"inLanguage\":\"en-GB\",\"@id\":\"https:\\\/\\\/timammdouar.fr\\\/produit\\\/karnataka-mes-racines\\\/#primaryimage\",\"url\":\"https:\\\/\\\/timammdouar.fr\\\/wp-content\\\/uploads\\\/2023\\\/10\\\/20240529_162656.jpg\",\"contentUrl\":\"https:\\\/\\\/timammdouar.fr\\\/wp-content\\\/uploads\\\/2023\\\/10\\\/20240529_162656.jpg\",\"width\":1000,\"height\":1904},{\"@type\":\"BreadcrumbList\",\"@id\":\"https:\\\/\\\/timammdouar.fr\\\/produit\\\/karnataka-mes-racines\\\/#breadcrumb\",\"itemListElement\":[{\"@type\":\"ListItem\",\"position\":1,\"name\":\"Accueil\",\"item\":\"https:\\\/\\\/timammdouar.fr\\\/\"},{\"@type\":\"ListItem\",\"position\":2,\"name\":\"Produits issus de plantes aromatiques et m\u00e9dicinales\",\"item\":\"https:\\\/\\\/timammdouar.fr\\\/nos-produits\\\/produits-issus-de-plantes-aromatiques-et-medicinales\\\/\"},{\"@type\":\"ListItem\",\"position\":3,\"name\":\"Karnataka mes racines (100\u00a0ml)\"}]},{\"@type\":\"WebSite\",\"@id\":\"https:\\\/\\\/timammdouar.fr\\\/#website\",\"url\":\"https:\\\/\\\/timammdouar.fr\\\/\",\"name\":\"Ti mamm douar\",\"description\":\"Ferme agro-\u00e9cologique des montagnes noires\",\"publisher\":{\"@id\":\"https:\\\/\\\/timammdouar.fr\\\/#organization\"},\"potentialAction\":[{\"@type\":\"SearchAction\",\"target\":{\"@type\":\"EntryPoint\",\"urlTemplate\":\"https:\\\/\\\/timammdouar.fr\\\/?s={search_term_string}\"},\"query-input\":{\"@type\":\"PropertyValueSpecification\",\"valueRequired\":true,\"valueName\":\"search_term_string\"}}],\"inLanguage\":\"en-GB\"},{\"@type\":\"Organization\",\"@id\":\"https:\\\/\\\/timammdouar.fr\\\/#organization\",\"name\":\"Ti mamm douar\",\"url\":\"https:\\\/\\\/timammdouar.fr\\\/\",\"logo\":{\"@type\":\"ImageObject\",\"inLanguage\":\"en-GB\",\"@id\":\"https:\\\/\\\/timammdouar.fr\\\/#\\\/schema\\\/logo\\\/image\\\/\",\"url\":\"https:\\\/\\\/timammdouar.fr\\\/wp-content\\\/uploads\\\/2020\\\/03\\\/cropped-WEB-Logo-NB_TI-MAMM-DOUAR_2019-e1584807257800-1.png\",\"contentUrl\":\"https:\\\/\\\/timammdouar.fr\\\/wp-content\\\/uploads\\\/2020\\\/03\\\/cropped-WEB-Logo-NB_TI-MAMM-DOUAR_2019-e1584807257800-1.png\",\"width\":225,\"height\":224,\"caption\":\"Ti mamm douar\"},\"image\":{\"@id\":\"https:\\\/\\\/timammdouar.fr\\\/#\\\/schema\\\/logo\\\/image\\\/\"},\"sameAs\":[\"https:\\\/\\\/www.facebook.com\\\/Timammdouar.fermeagroeco\\\/\",\"https:\\\/\\\/www.instagram.com\\\/timammdouar\\\/\"]}]}<\/script>\n<!-- \/ Yoast SEO plugin. -->","yoast_head_json":{"title":"Karnataka mes racines (100\u00a0ml) - Ti mamm douar","robots":{"index":"index","follow":"follow","max-snippet":"max-snippet:-1","max-image-preview":"max-image-preview:large","max-video-preview":"max-video-preview:-1"},"canonical":"https:\/\/timammdouar.fr\/en\/product\/karnataka-mes-racines\/","og_locale":"en_GB","og_type":"article","og_title":"Karnataka mes racines (100\u00a0ml) - Ti mamm douar","og_description":"Huile de massage capillaire pour le soin du cuir chevelu et de tous les cheveux adultes  Avant le shampoing, appliquer sur les cheveux, de la racine aux pointes, en massant le cuir chevelu, puis laisser poser au minimum 30 minutes","og_url":"https:\/\/timammdouar.fr\/en\/product\/karnataka-mes-racines\/","og_site_name":"Ti mamm douar","article_publisher":"https:\/\/www.facebook.com\/Timammdouar.fermeagroeco\/","article_modified_time":"2025-12-22T12:49:25+00:00","og_image":[{"width":1000,"height":1904,"url":"https:\/\/timammdouar.fr\/wp-content\/uploads\/2023\/10\/20240529_162656.jpg","type":"image\/jpeg"}],"twitter_card":"summary_large_image","twitter_misc":{"Estimated reading time":"1 minute"},"schema":{"@context":"https:\/\/schema.org","@graph":[{"@type":"WebPage","@id":"https:\/\/timammdouar.fr\/produit\/karnataka-mes-racines\/","url":"https:\/\/timammdouar.fr\/produit\/karnataka-mes-racines\/","name":"Karnataka mes racines (100\u00a0ml) - Ti mamm douar","isPartOf":{"@id":"https:\/\/timammdouar.fr\/#website"},"primaryImageOfPage":{"@id":"https:\/\/timammdouar.fr\/produit\/karnataka-mes-racines\/#primaryimage"},"image":{"@id":"https:\/\/timammdouar.fr\/produit\/karnataka-mes-racines\/#primaryimage"},"thumbnailUrl":"https:\/\/timammdouar.fr\/wp-content\/uploads\/2023\/10\/20240529_162656.jpg","datePublished":"2023-10-28T23:38:04+00:00","dateModified":"2025-12-22T12:49:25+00:00","breadcrumb":{"@id":"https:\/\/timammdouar.fr\/produit\/karnataka-mes-racines\/#breadcrumb"},"inLanguage":"en-GB","potentialAction":[{"@type":"ReadAction","target":["https:\/\/timammdouar.fr\/produit\/karnataka-mes-racines\/"]}]},{"@type":"ImageObject","inLanguage":"en-GB","@id":"https:\/\/timammdouar.fr\/produit\/karnataka-mes-racines\/#primaryimage","url":"https:\/\/timammdouar.fr\/wp-content\/uploads\/2023\/10\/20240529_162656.jpg","contentUrl":"https:\/\/timammdouar.fr\/wp-content\/uploads\/2023\/10\/20240529_162656.jpg","width":1000,"height":1904},{"@type":"BreadcrumbList","@id":"https:\/\/timammdouar.fr\/produit\/karnataka-mes-racines\/#breadcrumb","itemListElement":[{"@type":"ListItem","position":1,"name":"Accueil","item":"https:\/\/timammdouar.fr\/"},{"@type":"ListItem","position":2,"name":"Produits issus de plantes aromatiques et m\u00e9dicinales","item":"https:\/\/timammdouar.fr\/nos-produits\/produits-issus-de-plantes-aromatiques-et-medicinales\/"},{"@type":"ListItem","position":3,"name":"Karnataka mes racines (100\u00a0ml)"}]},{"@type":"WebSite","@id":"https:\/\/timammdouar.fr\/#website","url":"https:\/\/timammdouar.fr\/","name":"Ti mamm douar","description":"Ferme agro-\u00e9cologique des montagnes noires","publisher":{"@id":"https:\/\/timammdouar.fr\/#organization"},"potentialAction":[{"@type":"SearchAction","target":{"@type":"EntryPoint","urlTemplate":"https:\/\/timammdouar.fr\/?s={search_term_string}"},"query-input":{"@type":"PropertyValueSpecification","valueRequired":true,"valueName":"search_term_string"}}],"inLanguage":"en-GB"},{"@type":"Organization","@id":"https:\/\/timammdouar.fr\/#organization","name":"Ti mamm douar","url":"https:\/\/timammdouar.fr\/","logo":{"@type":"ImageObject","inLanguage":"en-GB","@id":"https:\/\/timammdouar.fr\/#\/schema\/logo\/image\/","url":"https:\/\/timammdouar.fr\/wp-content\/uploads\/2020\/03\/cropped-WEB-Logo-NB_TI-MAMM-DOUAR_2019-e1584807257800-1.png","contentUrl":"https:\/\/timammdouar.fr\/wp-content\/uploads\/2020\/03\/cropped-WEB-Logo-NB_TI-MAMM-DOUAR_2019-e1584807257800-1.png","width":225,"height":224,"caption":"Ti mamm douar"},"image":{"@id":"https:\/\/timammdouar.fr\/#\/schema\/logo\/image\/"},"sameAs":["https:\/\/www.facebook.com\/Timammdouar.fermeagroeco\/","https:\/\/www.instagram.com\/timammdouar\/"]}]}},"_links":{"self":[{"href":"https:\/\/timammdouar.fr\/en\/wp-json\/wp\/v2\/product\/1597","targetHints":{"allow":["GET"]}}],"collection":[{"href":"https:\/\/timammdouar.fr\/en\/wp-json\/wp\/v2\/product"}],"about":[{"href":"https:\/\/timammdouar.fr\/en\/wp-json\/wp\/v2\/types\/product"}],"replies":[{"embeddable":true,"href":"https:\/\/timammdouar.fr\/en\/wp-json\/wp\/v2\/comments?post=1597"}],"wp:featuredmedia":[{"embeddable":true,"href":"https:\/\/timammdouar.fr\/en\/wp-json\/wp\/v2\/media\/1881"}],"wp:attachment":[{"href":"https:\/\/timammdouar.fr\/en\/wp-json\/wp\/v2\/media?parent=1597"}],"wp:term":[{"taxonomy":"product_brand","embeddable":true,"href":"https:\/\/timammdouar.fr\/en\/wp-json\/wp\/v2\/product_brand?post=1597"},{"taxonomy":"product_cat","embeddable":true,"href":"https:\/\/timammdouar.fr\/en\/wp-json\/wp\/v2\/product_cat?post=1597"},{"taxonomy":"product_tag","embeddable":true,"href":"https:\/\/timammdouar.fr\/en\/wp-json\/wp\/v2\/product_tag?post=1597"}],"curies":[{"name":"wp","href":"https:\/\/api.w.org\/{rel}","templated":true}]}}