{"id":1606,"date":"2023-10-29T01:38:04","date_gmt":"2023-10-28T23:38:04","guid":{"rendered":"https:\/\/timammdouar.fr\/?post_type=product&#038;p=1606"},"modified":"2025-12-22T13:18:21","modified_gmt":"2025-12-22T12:18:21","slug":"baume-respiratoire","status":"publish","type":"product","link":"https:\/\/timammdouar.fr\/en\/product\/baume-respiratoire\/","title":{"rendered":"Baume de la dragonne (30 g)"},"content":{"rendered":"<p>\u00c0 base d&rsquo;huile de mac\u00e9ration solaire d&rsquo;hysope, tulsi, lierre terrestre, sarriette, origan, laurier, monarde, capucine, plantain, mauve, et d&rsquo;huiles essentielles d&rsquo;eucalyptus radi\u00e9 et de thym \u00e0 linalol<\/p>\n<p>Poids net: 30 g<\/p>\n<p>INCI: HELIANTHUS ANNUUS SEED OIL \/ HYSSOPUS OFFICINALIS L. LEAF EXTRACT, HELIANTHUS ANNUUS SEED OIL \/ OCIMUM TENUIFLORUM LEAF EXTRACT, HELIANTHUS ANNUUS SEED OIL \/ GLECHOMA HEDERACEA, HELIANTHUS ANNUUS SEED OIL \/ THYMUS CITRIODORUS LEAF EXTRACT, HELIANTHUS ANNUUS SEED OIL \/ SATUREJA MONTANA EXTRACT, HELIANTHUS ANNUUS SEED OIL \/ ORIGANUM VULGARE LEAF EXTRACT, HELIANTHUS ANNUUS SEED OIL \/ LAURUS NOBILIS LEAF EXTRACT, HELIANTHUS ANNUUS SEED OIL \/ MONARDA DIDYMA LEAF EXTRACT, HELIANTHUS ANNUUS SEED OIL \/ TROPAEOLUM MAJUS LEAF EXTRACT, HELIANTHUS ANNUUS SEED OIL \/ PLANTAGO LANCEOLATA LEAF EXTRACT, HELIANTHUS ANNUUS SEED OIL \/ MALVA SYLVESTRIS FLOWER EXTRACT, CERA ALBA, EUCALYPTUS RADIATA OIL, THYMUS VULGARIS LINALOL OIL linalool (naturellement pr\u00e9sent dans les huiles essentielles)<\/p>","protected":false},"excerpt":{"rendered":"<p>Pour une respiration claire et douce: si \u00e7a br\u00fble lorsqu&rsquo;on tousse, que l&rsquo;on crache comme une dragonne, et que l&rsquo;on r\u00eave d&rsquo;avoir les narines aussi grandes que celles d&rsquo;un dragon pour mieux respirer<\/p>\n<p>En massage p\u00e9n\u00e9trant sur le thorax, le haut du dos, les sinus et le contour des oreilles<\/p>","protected":false},"featured_media":1758,"comment_status":"closed","ping_status":"closed","template":"","meta":{"_acf_changed":false},"product_brand":[],"product_cat":[42],"product_tag":[],"class_list":{"0":"post-1606","1":"product","2":"type-product","3":"status-publish","4":"has-post-thumbnail","6":"product_cat-douleurs-bobos-et-coups-de-soleil","7":"product_shipping_class-france-colissimo","9":"first","10":"instock","11":"purchasable","12":"product-type-simple"},"acf":[],"featured_image_urls_v2":{"full":["https:\/\/timammdouar.fr\/wp-content\/uploads\/2023\/10\/baume.jpg",1793,1435,false],"thumbnail":["https:\/\/timammdouar.fr\/wp-content\/uploads\/2023\/10\/baume-150x150.jpg",150,150,true],"medium":["https:\/\/timammdouar.fr\/wp-content\/uploads\/2023\/10\/baume-300x240.jpg",300,240,true],"medium_large":["https:\/\/timammdouar.fr\/wp-content\/uploads\/2023\/10\/baume-768x615.jpg",768,615,true],"large":["https:\/\/timammdouar.fr\/wp-content\/uploads\/2023\/10\/baume-1024x820.jpg",1024,820,true],"1536x1536":["https:\/\/timammdouar.fr\/wp-content\/uploads\/2023\/10\/baume-1536x1229.jpg",1536,1229,true],"2048x2048":["https:\/\/timammdouar.fr\/wp-content\/uploads\/2023\/10\/baume.jpg",1793,1435,false],"trp-custom-language-flag":["https:\/\/timammdouar.fr\/wp-content\/uploads\/2023\/10\/baume-15x12.jpg",15,12,true],"extension-popular-post":["https:\/\/timammdouar.fr\/wp-content\/uploads\/2023\/10\/baume-75x75.jpg",75,75,true],"woocommerce_thumbnail":["https:\/\/timammdouar.fr\/wp-content\/uploads\/2023\/10\/baume-300x300.jpg",300,300,true],"woocommerce_single":["https:\/\/timammdouar.fr\/wp-content\/uploads\/2023\/10\/baume-600x480.jpg",600,480,true],"woocommerce_gallery_thumbnail":["https:\/\/timammdouar.fr\/wp-content\/uploads\/2023\/10\/baume-100x100.jpg",100,100,true]},"post_excerpt_stackable_v2":"<p>Pour une respiration claire et douce: si \u00e7a br\u00fble lorsqu&rsquo;on tousse, que l&rsquo;on crache comme une dragonne, et que l&rsquo;on r\u00eave d&rsquo;avoir les narines aussi grandes que celles d&rsquo;un dragon pour mieux respirer<\/p>\n<p>En massage p\u00e9n\u00e9trant sur le thorax, le haut du dos, les sinus et le contour des oreilles<\/p>\n","category_list_v2":"","author_info_v2":{"name":"","url":""},"comments_num_v2":"0 comments","yoast_head":"<!-- This site is optimized with the Yoast SEO plugin v27.4 - https:\/\/yoast.com\/product\/yoast-seo-wordpress\/ -->\n<title>Baume de la dragonne (30 g) - Ti mamm douar<\/title>\n<meta name=\"robots\" content=\"index, follow, max-snippet:-1, max-image-preview:large, max-video-preview:-1\" \/>\n<link rel=\"canonical\" href=\"https:\/\/timammdouar.fr\/en\/product\/baume-respiratoire\/\" \/>\n<meta property=\"og:locale\" content=\"en_GB\" \/>\n<meta property=\"og:type\" content=\"article\" \/>\n<meta property=\"og:title\" content=\"Baume de la dragonne (30 g) - Ti mamm douar\" \/>\n<meta property=\"og:description\" content=\"Pour une respiration claire et douce: si \u00e7a br\u00fble lorsqu&#039;on tousse, que l&#039;on crache comme une dragonne, et que l&#039;on r\u00eave d&#039;avoir les narines aussi grandes que celles d&#039;un dragon pour mieux respirer  En massage p\u00e9n\u00e9trant sur le thorax, le haut du dos, les sinus et le contour des oreilles\" \/>\n<meta property=\"og:url\" content=\"https:\/\/timammdouar.fr\/en\/product\/baume-respiratoire\/\" \/>\n<meta property=\"og:site_name\" content=\"Ti mamm douar\" \/>\n<meta property=\"article:publisher\" content=\"https:\/\/www.facebook.com\/Timammdouar.fermeagroeco\/\" \/>\n<meta property=\"article:modified_time\" content=\"2025-12-22T12:18:21+00:00\" \/>\n<meta property=\"og:image\" content=\"https:\/\/timammdouar.fr\/wp-content\/uploads\/2023\/10\/baume.jpg\" \/>\n\t<meta property=\"og:image:width\" content=\"1793\" \/>\n\t<meta property=\"og:image:height\" content=\"1435\" \/>\n\t<meta property=\"og:image:type\" content=\"image\/jpeg\" \/>\n<meta name=\"twitter:card\" content=\"summary_large_image\" \/>\n<meta name=\"twitter:label1\" content=\"Estimated reading time\" \/>\n\t<meta name=\"twitter:data1\" content=\"1 minute\" \/>\n<script type=\"application\/ld+json\" class=\"yoast-schema-graph\">{\"@context\":\"https:\\\/\\\/schema.org\",\"@graph\":[{\"@type\":\"WebPage\",\"@id\":\"https:\\\/\\\/timammdouar.fr\\\/produit\\\/baume-respiratoire\\\/\",\"url\":\"https:\\\/\\\/timammdouar.fr\\\/produit\\\/baume-respiratoire\\\/\",\"name\":\"Baume de la dragonne (30 g) - Ti mamm douar\",\"isPartOf\":{\"@id\":\"https:\\\/\\\/timammdouar.fr\\\/#website\"},\"primaryImageOfPage\":{\"@id\":\"https:\\\/\\\/timammdouar.fr\\\/produit\\\/baume-respiratoire\\\/#primaryimage\"},\"image\":{\"@id\":\"https:\\\/\\\/timammdouar.fr\\\/produit\\\/baume-respiratoire\\\/#primaryimage\"},\"thumbnailUrl\":\"https:\\\/\\\/timammdouar.fr\\\/wp-content\\\/uploads\\\/2023\\\/10\\\/baume.jpg\",\"datePublished\":\"2023-10-28T23:38:04+00:00\",\"dateModified\":\"2025-12-22T12:18:21+00:00\",\"breadcrumb\":{\"@id\":\"https:\\\/\\\/timammdouar.fr\\\/produit\\\/baume-respiratoire\\\/#breadcrumb\"},\"inLanguage\":\"en-GB\",\"potentialAction\":[{\"@type\":\"ReadAction\",\"target\":[\"https:\\\/\\\/timammdouar.fr\\\/produit\\\/baume-respiratoire\\\/\"]}]},{\"@type\":\"ImageObject\",\"inLanguage\":\"en-GB\",\"@id\":\"https:\\\/\\\/timammdouar.fr\\\/produit\\\/baume-respiratoire\\\/#primaryimage\",\"url\":\"https:\\\/\\\/timammdouar.fr\\\/wp-content\\\/uploads\\\/2023\\\/10\\\/baume.jpg\",\"contentUrl\":\"https:\\\/\\\/timammdouar.fr\\\/wp-content\\\/uploads\\\/2023\\\/10\\\/baume.jpg\",\"width\":1793,\"height\":1435},{\"@type\":\"BreadcrumbList\",\"@id\":\"https:\\\/\\\/timammdouar.fr\\\/produit\\\/baume-respiratoire\\\/#breadcrumb\",\"itemListElement\":[{\"@type\":\"ListItem\",\"position\":1,\"name\":\"Accueil\",\"item\":\"https:\\\/\\\/timammdouar.fr\\\/\"},{\"@type\":\"ListItem\",\"position\":2,\"name\":\"Produits issus de plantes aromatiques et m\u00e9dicinales\",\"item\":\"https:\\\/\\\/timammdouar.fr\\\/nos-produits\\\/produits-issus-de-plantes-aromatiques-et-medicinales\\\/\"},{\"@type\":\"ListItem\",\"position\":3,\"name\":\"Baume de la dragonne (30 g)\"}]},{\"@type\":\"WebSite\",\"@id\":\"https:\\\/\\\/timammdouar.fr\\\/#website\",\"url\":\"https:\\\/\\\/timammdouar.fr\\\/\",\"name\":\"Ti mamm douar\",\"description\":\"Ferme agro-\u00e9cologique des montagnes noires\",\"publisher\":{\"@id\":\"https:\\\/\\\/timammdouar.fr\\\/#organization\"},\"potentialAction\":[{\"@type\":\"SearchAction\",\"target\":{\"@type\":\"EntryPoint\",\"urlTemplate\":\"https:\\\/\\\/timammdouar.fr\\\/?s={search_term_string}\"},\"query-input\":{\"@type\":\"PropertyValueSpecification\",\"valueRequired\":true,\"valueName\":\"search_term_string\"}}],\"inLanguage\":\"en-GB\"},{\"@type\":\"Organization\",\"@id\":\"https:\\\/\\\/timammdouar.fr\\\/#organization\",\"name\":\"Ti mamm douar\",\"url\":\"https:\\\/\\\/timammdouar.fr\\\/\",\"logo\":{\"@type\":\"ImageObject\",\"inLanguage\":\"en-GB\",\"@id\":\"https:\\\/\\\/timammdouar.fr\\\/#\\\/schema\\\/logo\\\/image\\\/\",\"url\":\"https:\\\/\\\/timammdouar.fr\\\/wp-content\\\/uploads\\\/2020\\\/03\\\/cropped-WEB-Logo-NB_TI-MAMM-DOUAR_2019-e1584807257800-1.png\",\"contentUrl\":\"https:\\\/\\\/timammdouar.fr\\\/wp-content\\\/uploads\\\/2020\\\/03\\\/cropped-WEB-Logo-NB_TI-MAMM-DOUAR_2019-e1584807257800-1.png\",\"width\":225,\"height\":224,\"caption\":\"Ti mamm douar\"},\"image\":{\"@id\":\"https:\\\/\\\/timammdouar.fr\\\/#\\\/schema\\\/logo\\\/image\\\/\"},\"sameAs\":[\"https:\\\/\\\/www.facebook.com\\\/Timammdouar.fermeagroeco\\\/\",\"https:\\\/\\\/www.instagram.com\\\/timammdouar\\\/\"]}]}<\/script>\n<!-- \/ Yoast SEO plugin. -->","yoast_head_json":{"title":"Baume de la dragonne (30 g) - Ti mamm douar","robots":{"index":"index","follow":"follow","max-snippet":"max-snippet:-1","max-image-preview":"max-image-preview:large","max-video-preview":"max-video-preview:-1"},"canonical":"https:\/\/timammdouar.fr\/en\/product\/baume-respiratoire\/","og_locale":"en_GB","og_type":"article","og_title":"Baume de la dragonne (30 g) - Ti mamm douar","og_description":"Pour une respiration claire et douce: si \u00e7a br\u00fble lorsqu'on tousse, que l'on crache comme une dragonne, et que l'on r\u00eave d'avoir les narines aussi grandes que celles d'un dragon pour mieux respirer  En massage p\u00e9n\u00e9trant sur le thorax, le haut du dos, les sinus et le contour des oreilles","og_url":"https:\/\/timammdouar.fr\/en\/product\/baume-respiratoire\/","og_site_name":"Ti mamm douar","article_publisher":"https:\/\/www.facebook.com\/Timammdouar.fermeagroeco\/","article_modified_time":"2025-12-22T12:18:21+00:00","og_image":[{"width":1793,"height":1435,"url":"https:\/\/timammdouar.fr\/wp-content\/uploads\/2023\/10\/baume.jpg","type":"image\/jpeg"}],"twitter_card":"summary_large_image","twitter_misc":{"Estimated reading time":"1 minute"},"schema":{"@context":"https:\/\/schema.org","@graph":[{"@type":"WebPage","@id":"https:\/\/timammdouar.fr\/produit\/baume-respiratoire\/","url":"https:\/\/timammdouar.fr\/produit\/baume-respiratoire\/","name":"Baume de la dragonne (30 g) - Ti mamm douar","isPartOf":{"@id":"https:\/\/timammdouar.fr\/#website"},"primaryImageOfPage":{"@id":"https:\/\/timammdouar.fr\/produit\/baume-respiratoire\/#primaryimage"},"image":{"@id":"https:\/\/timammdouar.fr\/produit\/baume-respiratoire\/#primaryimage"},"thumbnailUrl":"https:\/\/timammdouar.fr\/wp-content\/uploads\/2023\/10\/baume.jpg","datePublished":"2023-10-28T23:38:04+00:00","dateModified":"2025-12-22T12:18:21+00:00","breadcrumb":{"@id":"https:\/\/timammdouar.fr\/produit\/baume-respiratoire\/#breadcrumb"},"inLanguage":"en-GB","potentialAction":[{"@type":"ReadAction","target":["https:\/\/timammdouar.fr\/produit\/baume-respiratoire\/"]}]},{"@type":"ImageObject","inLanguage":"en-GB","@id":"https:\/\/timammdouar.fr\/produit\/baume-respiratoire\/#primaryimage","url":"https:\/\/timammdouar.fr\/wp-content\/uploads\/2023\/10\/baume.jpg","contentUrl":"https:\/\/timammdouar.fr\/wp-content\/uploads\/2023\/10\/baume.jpg","width":1793,"height":1435},{"@type":"BreadcrumbList","@id":"https:\/\/timammdouar.fr\/produit\/baume-respiratoire\/#breadcrumb","itemListElement":[{"@type":"ListItem","position":1,"name":"Accueil","item":"https:\/\/timammdouar.fr\/"},{"@type":"ListItem","position":2,"name":"Produits issus de plantes aromatiques et m\u00e9dicinales","item":"https:\/\/timammdouar.fr\/nos-produits\/produits-issus-de-plantes-aromatiques-et-medicinales\/"},{"@type":"ListItem","position":3,"name":"Baume de la dragonne (30 g)"}]},{"@type":"WebSite","@id":"https:\/\/timammdouar.fr\/#website","url":"https:\/\/timammdouar.fr\/","name":"Ti mamm douar","description":"Ferme agro-\u00e9cologique des montagnes noires","publisher":{"@id":"https:\/\/timammdouar.fr\/#organization"},"potentialAction":[{"@type":"SearchAction","target":{"@type":"EntryPoint","urlTemplate":"https:\/\/timammdouar.fr\/?s={search_term_string}"},"query-input":{"@type":"PropertyValueSpecification","valueRequired":true,"valueName":"search_term_string"}}],"inLanguage":"en-GB"},{"@type":"Organization","@id":"https:\/\/timammdouar.fr\/#organization","name":"Ti mamm douar","url":"https:\/\/timammdouar.fr\/","logo":{"@type":"ImageObject","inLanguage":"en-GB","@id":"https:\/\/timammdouar.fr\/#\/schema\/logo\/image\/","url":"https:\/\/timammdouar.fr\/wp-content\/uploads\/2020\/03\/cropped-WEB-Logo-NB_TI-MAMM-DOUAR_2019-e1584807257800-1.png","contentUrl":"https:\/\/timammdouar.fr\/wp-content\/uploads\/2020\/03\/cropped-WEB-Logo-NB_TI-MAMM-DOUAR_2019-e1584807257800-1.png","width":225,"height":224,"caption":"Ti mamm douar"},"image":{"@id":"https:\/\/timammdouar.fr\/#\/schema\/logo\/image\/"},"sameAs":["https:\/\/www.facebook.com\/Timammdouar.fermeagroeco\/","https:\/\/www.instagram.com\/timammdouar\/"]}]}},"_links":{"self":[{"href":"https:\/\/timammdouar.fr\/en\/wp-json\/wp\/v2\/product\/1606","targetHints":{"allow":["GET"]}}],"collection":[{"href":"https:\/\/timammdouar.fr\/en\/wp-json\/wp\/v2\/product"}],"about":[{"href":"https:\/\/timammdouar.fr\/en\/wp-json\/wp\/v2\/types\/product"}],"replies":[{"embeddable":true,"href":"https:\/\/timammdouar.fr\/en\/wp-json\/wp\/v2\/comments?post=1606"}],"wp:featuredmedia":[{"embeddable":true,"href":"https:\/\/timammdouar.fr\/en\/wp-json\/wp\/v2\/media\/1758"}],"wp:attachment":[{"href":"https:\/\/timammdouar.fr\/en\/wp-json\/wp\/v2\/media?parent=1606"}],"wp:term":[{"taxonomy":"product_brand","embeddable":true,"href":"https:\/\/timammdouar.fr\/en\/wp-json\/wp\/v2\/product_brand?post=1606"},{"taxonomy":"product_cat","embeddable":true,"href":"https:\/\/timammdouar.fr\/en\/wp-json\/wp\/v2\/product_cat?post=1606"},{"taxonomy":"product_tag","embeddable":true,"href":"https:\/\/timammdouar.fr\/en\/wp-json\/wp\/v2\/product_tag?post=1606"}],"curies":[{"name":"wp","href":"https:\/\/api.w.org\/{rel}","templated":true}]}}