{"id":1609,"date":"2023-10-29T01:38:03","date_gmt":"2023-10-28T23:38:03","guid":{"rendered":"https:\/\/timammdouar.fr\/?post_type=product&#038;p=1609"},"modified":"2025-12-23T12:34:19","modified_gmt":"2025-12-23T11:34:19","slug":"la-quintessentielle","status":"publish","type":"product","link":"https:\/\/timammdouar.fr\/en\/product\/la-quintessentielle\/","title":{"rendered":"La Quintessentielle (100 ml)"},"content":{"rendered":"<p>\u00c0 base d&rsquo;hydrolat de lavande sauvage, d&rsquo;huiles de mac\u00e9ration solaire de g\u00e9ranium rosat, achill\u00e9e millefeuille et d&rsquo;huile essentielle de lavande sauvage<\/p>\n<p>Poids net: 100 ml<\/p>\n<p>INCI: LAVANDULA ANGUSTIFOLIA WATER, HELIANTHUS ANNUUS SEED OIL \/ PELARGONIUM ROSEUM LEAF EXTRACT, HELIANTHUS ANNUUS SEED OIL \/ ACHILLEA MILLEFOLIUM FLOWER EXTRACT, LAVANDULA ANGUSTIFOLIA OIL, linalool (naturellement pr\u00e9sent dans les huiles essentielles)<\/p>","protected":false},"excerpt":{"rendered":"<p>Lotion biphas\u00e9e (huiles solaris\u00e9es + hydrolat) purifiante et r\u00e9gulatrice pour le soin quotidien ou le d\u00e9maquillage des peaux sensibles, irrit\u00e9es ou \u00e0 probl\u00e8mes<\/p>","protected":false},"featured_media":1639,"comment_status":"closed","ping_status":"closed","template":"","meta":{"_acf_changed":false},"product_cat":[50],"product_tag":[],"acf":[],"featured_image_urls_v2":{"full":["https:\/\/timammdouar.fr\/wp-content\/uploads\/2023\/09\/La-Quintessentielle-.-scaled.jpg",2035,2560,false],"thumbnail":["https:\/\/timammdouar.fr\/wp-content\/uploads\/2023\/09\/La-Quintessentielle-.-150x150.jpg",150,150,true],"medium":["https:\/\/timammdouar.fr\/wp-content\/uploads\/2023\/09\/La-Quintessentielle-.-238x300.jpg",238,300,true],"medium_large":["https:\/\/timammdouar.fr\/wp-content\/uploads\/2023\/09\/La-Quintessentielle-.-768x966.jpg",768,966,true],"large":["https:\/\/timammdouar.fr\/wp-content\/uploads\/2023\/09\/La-Quintessentielle-.-814x1024.jpg",814,1024,true],"1536x1536":["https:\/\/timammdouar.fr\/wp-content\/uploads\/2023\/09\/La-Quintessentielle-.-1221x1536.jpg",1221,1536,true],"2048x2048":["https:\/\/timammdouar.fr\/wp-content\/uploads\/2023\/09\/La-Quintessentielle-.-1628x2048.jpg",1628,2048,true],"trp-custom-language-flag":["https:\/\/timammdouar.fr\/wp-content\/uploads\/2023\/09\/La-Quintessentielle-.-10x12.jpg",10,12,true],"extension-popular-post":["https:\/\/timammdouar.fr\/wp-content\/uploads\/2023\/09\/La-Quintessentielle-.-75x75.jpg",75,75,true],"woocommerce_thumbnail":["https:\/\/timammdouar.fr\/wp-content\/uploads\/2023\/09\/La-Quintessentielle-.-300x300.jpg",300,300,true],"woocommerce_single":["https:\/\/timammdouar.fr\/wp-content\/uploads\/2023\/09\/La-Quintessentielle-.-600x755.jpg",600,755,true],"woocommerce_gallery_thumbnail":["https:\/\/timammdouar.fr\/wp-content\/uploads\/2023\/09\/La-Quintessentielle-.-100x100.jpg",100,100,true]},"post_excerpt_stackable_v2":"<p>Lotion biphas\u00e9e (huiles solaris\u00e9es + hydrolat) purifiante et r\u00e9gulatrice pour le soin quotidien ou le d\u00e9maquillage des peaux sensibles, irrit\u00e9es ou \u00e0 probl\u00e8mes<\/p>\n","category_list_v2":"","author_info_v2":{"name":"","url":""},"comments_num_v2":"0 comments","yoast_head":"<!-- This site is optimized with the Yoast SEO plugin v23.5 - https:\/\/yoast.com\/wordpress\/plugins\/seo\/ -->\n<title>La Quintessentielle (100 ml) - Ti mamm douar<\/title>\n<meta name=\"robots\" content=\"index, follow, max-snippet:-1, max-image-preview:large, max-video-preview:-1\" \/>\n<link rel=\"canonical\" href=\"https:\/\/timammdouar.fr\/en\/product\/la-quintessentielle\/\" \/>\n<meta property=\"og:locale\" content=\"en_GB\" \/>\n<meta property=\"og:type\" content=\"article\" \/>\n<meta property=\"og:title\" content=\"La Quintessentielle (100 ml) - Ti mamm douar\" \/>\n<meta property=\"og:description\" content=\"Lotion biphas\u00e9e (huiles solaris\u00e9es + hydrolat) purifiante et r\u00e9gulatrice pour le soin quotidien ou le d\u00e9maquillage des peaux sensibles, irrit\u00e9es ou \u00e0 probl\u00e8mes\" \/>\n<meta property=\"og:url\" content=\"https:\/\/timammdouar.fr\/en\/product\/la-quintessentielle\/\" \/>\n<meta property=\"og:site_name\" content=\"Ti mamm douar\" \/>\n<meta property=\"article:publisher\" content=\"https:\/\/www.facebook.com\/Timammdouar.fermeagroeco\/\" \/>\n<meta property=\"article:modified_time\" content=\"2025-12-23T11:34:19+00:00\" \/>\n<meta property=\"og:image\" content=\"https:\/\/timammdouar.fr\/wp-content\/uploads\/2023\/09\/La-Quintessentielle-.-scaled.jpg\" \/>\n\t<meta property=\"og:image:width\" content=\"2035\" \/>\n\t<meta property=\"og:image:height\" content=\"2560\" \/>\n\t<meta property=\"og:image:type\" content=\"image\/jpeg\" \/>\n<meta name=\"twitter:card\" content=\"summary_large_image\" \/>\n<meta name=\"twitter:label1\" content=\"Estimated reading time\" \/>\n\t<meta name=\"twitter:data1\" content=\"1 minute\" \/>\n<script type=\"application\/ld+json\" class=\"yoast-schema-graph\">{\"@context\":\"https:\/\/schema.org\",\"@graph\":[{\"@type\":\"WebPage\",\"@id\":\"https:\/\/timammdouar.fr\/produit\/la-quintessentielle\/\",\"url\":\"https:\/\/timammdouar.fr\/produit\/la-quintessentielle\/\",\"name\":\"La Quintessentielle (100 ml) - Ti mamm douar\",\"isPartOf\":{\"@id\":\"https:\/\/timammdouar.fr\/#website\"},\"primaryImageOfPage\":{\"@id\":\"https:\/\/timammdouar.fr\/produit\/la-quintessentielle\/#primaryimage\"},\"image\":{\"@id\":\"https:\/\/timammdouar.fr\/produit\/la-quintessentielle\/#primaryimage\"},\"thumbnailUrl\":\"https:\/\/timammdouar.fr\/wp-content\/uploads\/2023\/09\/La-Quintessentielle-.-scaled.jpg\",\"datePublished\":\"2023-10-28T23:38:03+00:00\",\"dateModified\":\"2025-12-23T11:34:19+00:00\",\"breadcrumb\":{\"@id\":\"https:\/\/timammdouar.fr\/produit\/la-quintessentielle\/#breadcrumb\"},\"inLanguage\":\"en-GB\",\"potentialAction\":[{\"@type\":\"ReadAction\",\"target\":[\"https:\/\/timammdouar.fr\/produit\/la-quintessentielle\/\"]}]},{\"@type\":\"ImageObject\",\"inLanguage\":\"en-GB\",\"@id\":\"https:\/\/timammdouar.fr\/produit\/la-quintessentielle\/#primaryimage\",\"url\":\"https:\/\/timammdouar.fr\/wp-content\/uploads\/2023\/09\/La-Quintessentielle-.-scaled.jpg\",\"contentUrl\":\"https:\/\/timammdouar.fr\/wp-content\/uploads\/2023\/09\/La-Quintessentielle-.-scaled.jpg\",\"width\":2035,\"height\":2560},{\"@type\":\"BreadcrumbList\",\"@id\":\"https:\/\/timammdouar.fr\/produit\/la-quintessentielle\/#breadcrumb\",\"itemListElement\":[{\"@type\":\"ListItem\",\"position\":1,\"name\":\"Accueil\",\"item\":\"https:\/\/timammdouar.fr\/\"},{\"@type\":\"ListItem\",\"position\":2,\"name\":\"Produits issus de plantes aromatiques et m\u00e9dicinales\",\"item\":\"https:\/\/timammdouar.fr\/nos-produits\/produits-issus-de-plantes-aromatiques-et-medicinales\/\"},{\"@type\":\"ListItem\",\"position\":3,\"name\":\"La Quintessentielle (100 ml)\"}]},{\"@type\":\"WebSite\",\"@id\":\"https:\/\/timammdouar.fr\/#website\",\"url\":\"https:\/\/timammdouar.fr\/\",\"name\":\"Ti mamm douar\",\"description\":\"Ferme agro-\u00e9cologique des montagnes noires\",\"publisher\":{\"@id\":\"https:\/\/timammdouar.fr\/#organization\"},\"potentialAction\":[{\"@type\":\"SearchAction\",\"target\":{\"@type\":\"EntryPoint\",\"urlTemplate\":\"https:\/\/timammdouar.fr\/?s={search_term_string}\"},\"query-input\":{\"@type\":\"PropertyValueSpecification\",\"valueRequired\":true,\"valueName\":\"search_term_string\"}}],\"inLanguage\":\"en-GB\"},{\"@type\":\"Organization\",\"@id\":\"https:\/\/timammdouar.fr\/#organization\",\"name\":\"Ti mamm douar\",\"url\":\"https:\/\/timammdouar.fr\/\",\"logo\":{\"@type\":\"ImageObject\",\"inLanguage\":\"en-GB\",\"@id\":\"https:\/\/timammdouar.fr\/#\/schema\/logo\/image\/\",\"url\":\"https:\/\/timammdouar.fr\/wp-content\/uploads\/2020\/03\/cropped-WEB-Logo-NB_TI-MAMM-DOUAR_2019-e1584807257800-1.png\",\"contentUrl\":\"https:\/\/timammdouar.fr\/wp-content\/uploads\/2020\/03\/cropped-WEB-Logo-NB_TI-MAMM-DOUAR_2019-e1584807257800-1.png\",\"width\":225,\"height\":224,\"caption\":\"Ti mamm douar\"},\"image\":{\"@id\":\"https:\/\/timammdouar.fr\/#\/schema\/logo\/image\/\"},\"sameAs\":[\"https:\/\/www.facebook.com\/Timammdouar.fermeagroeco\/\",\"https:\/\/www.instagram.com\/timammdouar\/\"]}]}<\/script>\n<!-- \/ Yoast SEO plugin. -->","yoast_head_json":{"title":"La Quintessentielle (100 ml) - Ti mamm douar","robots":{"index":"index","follow":"follow","max-snippet":"max-snippet:-1","max-image-preview":"max-image-preview:large","max-video-preview":"max-video-preview:-1"},"canonical":"https:\/\/timammdouar.fr\/en\/product\/la-quintessentielle\/","og_locale":"en_GB","og_type":"article","og_title":"La Quintessentielle (100 ml) - Ti mamm douar","og_description":"Lotion biphas\u00e9e (huiles solaris\u00e9es + hydrolat) purifiante et r\u00e9gulatrice pour le soin quotidien ou le d\u00e9maquillage des peaux sensibles, irrit\u00e9es ou \u00e0 probl\u00e8mes","og_url":"https:\/\/timammdouar.fr\/en\/product\/la-quintessentielle\/","og_site_name":"Ti mamm douar","article_publisher":"https:\/\/www.facebook.com\/Timammdouar.fermeagroeco\/","article_modified_time":"2025-12-23T11:34:19+00:00","og_image":[{"width":2035,"height":2560,"url":"https:\/\/timammdouar.fr\/wp-content\/uploads\/2023\/09\/La-Quintessentielle-.-scaled.jpg","type":"image\/jpeg"}],"twitter_card":"summary_large_image","twitter_misc":{"Estimated reading time":"1 minute"},"schema":{"@context":"https:\/\/schema.org","@graph":[{"@type":"WebPage","@id":"https:\/\/timammdouar.fr\/produit\/la-quintessentielle\/","url":"https:\/\/timammdouar.fr\/produit\/la-quintessentielle\/","name":"La Quintessentielle (100 ml) - Ti mamm douar","isPartOf":{"@id":"https:\/\/timammdouar.fr\/#website"},"primaryImageOfPage":{"@id":"https:\/\/timammdouar.fr\/produit\/la-quintessentielle\/#primaryimage"},"image":{"@id":"https:\/\/timammdouar.fr\/produit\/la-quintessentielle\/#primaryimage"},"thumbnailUrl":"https:\/\/timammdouar.fr\/wp-content\/uploads\/2023\/09\/La-Quintessentielle-.-scaled.jpg","datePublished":"2023-10-28T23:38:03+00:00","dateModified":"2025-12-23T11:34:19+00:00","breadcrumb":{"@id":"https:\/\/timammdouar.fr\/produit\/la-quintessentielle\/#breadcrumb"},"inLanguage":"en-GB","potentialAction":[{"@type":"ReadAction","target":["https:\/\/timammdouar.fr\/produit\/la-quintessentielle\/"]}]},{"@type":"ImageObject","inLanguage":"en-GB","@id":"https:\/\/timammdouar.fr\/produit\/la-quintessentielle\/#primaryimage","url":"https:\/\/timammdouar.fr\/wp-content\/uploads\/2023\/09\/La-Quintessentielle-.-scaled.jpg","contentUrl":"https:\/\/timammdouar.fr\/wp-content\/uploads\/2023\/09\/La-Quintessentielle-.-scaled.jpg","width":2035,"height":2560},{"@type":"BreadcrumbList","@id":"https:\/\/timammdouar.fr\/produit\/la-quintessentielle\/#breadcrumb","itemListElement":[{"@type":"ListItem","position":1,"name":"Accueil","item":"https:\/\/timammdouar.fr\/"},{"@type":"ListItem","position":2,"name":"Produits issus de plantes aromatiques et m\u00e9dicinales","item":"https:\/\/timammdouar.fr\/nos-produits\/produits-issus-de-plantes-aromatiques-et-medicinales\/"},{"@type":"ListItem","position":3,"name":"La Quintessentielle (100 ml)"}]},{"@type":"WebSite","@id":"https:\/\/timammdouar.fr\/#website","url":"https:\/\/timammdouar.fr\/","name":"Ti mamm douar","description":"Ferme agro-\u00e9cologique des montagnes noires","publisher":{"@id":"https:\/\/timammdouar.fr\/#organization"},"potentialAction":[{"@type":"SearchAction","target":{"@type":"EntryPoint","urlTemplate":"https:\/\/timammdouar.fr\/?s={search_term_string}"},"query-input":{"@type":"PropertyValueSpecification","valueRequired":true,"valueName":"search_term_string"}}],"inLanguage":"en-GB"},{"@type":"Organization","@id":"https:\/\/timammdouar.fr\/#organization","name":"Ti mamm douar","url":"https:\/\/timammdouar.fr\/","logo":{"@type":"ImageObject","inLanguage":"en-GB","@id":"https:\/\/timammdouar.fr\/#\/schema\/logo\/image\/","url":"https:\/\/timammdouar.fr\/wp-content\/uploads\/2020\/03\/cropped-WEB-Logo-NB_TI-MAMM-DOUAR_2019-e1584807257800-1.png","contentUrl":"https:\/\/timammdouar.fr\/wp-content\/uploads\/2020\/03\/cropped-WEB-Logo-NB_TI-MAMM-DOUAR_2019-e1584807257800-1.png","width":225,"height":224,"caption":"Ti mamm douar"},"image":{"@id":"https:\/\/timammdouar.fr\/#\/schema\/logo\/image\/"},"sameAs":["https:\/\/www.facebook.com\/Timammdouar.fermeagroeco\/","https:\/\/www.instagram.com\/timammdouar\/"]}]}},"_links":{"self":[{"href":"https:\/\/timammdouar.fr\/en\/wp-json\/wp\/v2\/product\/1609"}],"collection":[{"href":"https:\/\/timammdouar.fr\/en\/wp-json\/wp\/v2\/product"}],"about":[{"href":"https:\/\/timammdouar.fr\/en\/wp-json\/wp\/v2\/types\/product"}],"replies":[{"embeddable":true,"href":"https:\/\/timammdouar.fr\/en\/wp-json\/wp\/v2\/comments?post=1609"}],"wp:featuredmedia":[{"embeddable":true,"href":"https:\/\/timammdouar.fr\/en\/wp-json\/wp\/v2\/media\/1639"}],"wp:attachment":[{"href":"https:\/\/timammdouar.fr\/en\/wp-json\/wp\/v2\/media?parent=1609"}],"wp:term":[{"taxonomy":"product_cat","embeddable":true,"href":"https:\/\/timammdouar.fr\/en\/wp-json\/wp\/v2\/product_cat?post=1609"},{"taxonomy":"product_tag","embeddable":true,"href":"https:\/\/timammdouar.fr\/en\/wp-json\/wp\/v2\/product_tag?post=1609"}],"curies":[{"name":"wp","href":"https:\/\/api.w.org\/{rel}","templated":true}]}}