{"id":1611,"date":"2023-11-07T11:30:24","date_gmt":"2023-11-07T10:30:24","guid":{"rendered":"https:\/\/timammdouar.fr\/?post_type=product&#038;p=1611"},"modified":"2025-12-22T13:48:23","modified_gmt":"2025-12-22T12:48:23","slug":"bon-mateint","status":"publish","type":"product","link":"https:\/\/timammdouar.fr\/en\/product\/bon-mateint\/","title":{"rendered":"Bon Mateint! (42g)"},"content":{"rendered":"<p>Masque \u00e0 base d&rsquo;argile et de plantes \u00e0 laisser infuser et appliquer ti\u00e8de ou froid<\/p>","protected":false},"excerpt":{"rendered":"<p>Et Hop\u00a0! Un visage tonique et purifi\u00e9\u00a0!<\/p>\n<p><em>Argile verte, menthe poivr\u00e9e, sauge officinale<\/em><\/p>\n<p>42 g<\/p>","protected":false},"featured_media":1699,"comment_status":"closed","ping_status":"closed","template":"","meta":{"_acf_changed":false},"product_cat":[50],"product_tag":[],"acf":[],"featured_image_urls_v2":{"full":["https:\/\/timammdouar.fr\/wp-content\/uploads\/2023\/11\/bon-mateint.jpg",1000,784,false],"thumbnail":["https:\/\/timammdouar.fr\/wp-content\/uploads\/2023\/11\/bon-mateint-150x150.jpg",150,150,true],"medium":["https:\/\/timammdouar.fr\/wp-content\/uploads\/2023\/11\/bon-mateint-300x235.jpg",300,235,true],"medium_large":["https:\/\/timammdouar.fr\/wp-content\/uploads\/2023\/11\/bon-mateint-768x602.jpg",768,602,true],"large":["https:\/\/timammdouar.fr\/wp-content\/uploads\/2023\/11\/bon-mateint.jpg",1000,784,false],"1536x1536":["https:\/\/timammdouar.fr\/wp-content\/uploads\/2023\/11\/bon-mateint.jpg",1000,784,false],"2048x2048":["https:\/\/timammdouar.fr\/wp-content\/uploads\/2023\/11\/bon-mateint.jpg",1000,784,false],"trp-custom-language-flag":["https:\/\/timammdouar.fr\/wp-content\/uploads\/2023\/11\/bon-mateint-15x12.jpg",15,12,true],"extension-popular-post":["https:\/\/timammdouar.fr\/wp-content\/uploads\/2023\/11\/bon-mateint-75x75.jpg",75,75,true],"woocommerce_thumbnail":["https:\/\/timammdouar.fr\/wp-content\/uploads\/2023\/11\/bon-mateint-300x300.jpg",300,300,true],"woocommerce_single":["https:\/\/timammdouar.fr\/wp-content\/uploads\/2023\/11\/bon-mateint-600x470.jpg",600,470,true],"woocommerce_gallery_thumbnail":["https:\/\/timammdouar.fr\/wp-content\/uploads\/2023\/11\/bon-mateint-100x100.jpg",100,100,true]},"post_excerpt_stackable_v2":"<p>Et Hop\u00a0! Un visage tonique et purifi\u00e9\u00a0!<\/p>\n<p><em>Argile verte, menthe poivr\u00e9e, sauge officinale<\/em><\/p>\n<p>42 g<\/p>\n","category_list_v2":"","author_info_v2":{"name":"","url":""},"comments_num_v2":"0 comments","yoast_head":"<!-- This site is optimized with the Yoast SEO plugin v23.5 - https:\/\/yoast.com\/wordpress\/plugins\/seo\/ -->\n<title>Bon Mateint! (42g) - Ti mamm douar<\/title>\n<meta name=\"robots\" content=\"index, follow, max-snippet:-1, max-image-preview:large, max-video-preview:-1\" \/>\n<link rel=\"canonical\" href=\"https:\/\/timammdouar.fr\/en\/product\/bon-mateint\/\" \/>\n<meta property=\"og:locale\" content=\"en_GB\" \/>\n<meta property=\"og:type\" content=\"article\" \/>\n<meta property=\"og:title\" content=\"Bon Mateint! (42g) - Ti mamm douar\" \/>\n<meta property=\"og:description\" content=\"Et Hop\u00a0! Un visage tonique et purifi\u00e9\u00a0!  Argile verte, menthe poivr\u00e9e, sauge officinale  42 g\" \/>\n<meta property=\"og:url\" content=\"https:\/\/timammdouar.fr\/en\/product\/bon-mateint\/\" \/>\n<meta property=\"og:site_name\" content=\"Ti mamm douar\" \/>\n<meta property=\"article:publisher\" content=\"https:\/\/www.facebook.com\/Timammdouar.fermeagroeco\/\" \/>\n<meta property=\"article:modified_time\" content=\"2025-12-22T12:48:23+00:00\" \/>\n<meta property=\"og:image\" content=\"https:\/\/timammdouar.fr\/wp-content\/uploads\/2023\/11\/bon-mateint.jpg\" \/>\n\t<meta property=\"og:image:width\" content=\"1000\" \/>\n\t<meta property=\"og:image:height\" content=\"784\" \/>\n\t<meta property=\"og:image:type\" content=\"image\/jpeg\" \/>\n<meta name=\"twitter:card\" content=\"summary_large_image\" \/>\n<meta name=\"twitter:label1\" content=\"Estimated reading time\" \/>\n\t<meta name=\"twitter:data1\" content=\"1 minute\" \/>\n<script type=\"application\/ld+json\" class=\"yoast-schema-graph\">{\"@context\":\"https:\/\/schema.org\",\"@graph\":[{\"@type\":\"WebPage\",\"@id\":\"https:\/\/timammdouar.fr\/produit\/bon-mateint\/\",\"url\":\"https:\/\/timammdouar.fr\/produit\/bon-mateint\/\",\"name\":\"Bon Mateint! (42g) - Ti mamm douar\",\"isPartOf\":{\"@id\":\"https:\/\/timammdouar.fr\/#website\"},\"primaryImageOfPage\":{\"@id\":\"https:\/\/timammdouar.fr\/produit\/bon-mateint\/#primaryimage\"},\"image\":{\"@id\":\"https:\/\/timammdouar.fr\/produit\/bon-mateint\/#primaryimage\"},\"thumbnailUrl\":\"https:\/\/timammdouar.fr\/wp-content\/uploads\/2023\/11\/bon-mateint.jpg\",\"datePublished\":\"2023-11-07T10:30:24+00:00\",\"dateModified\":\"2025-12-22T12:48:23+00:00\",\"breadcrumb\":{\"@id\":\"https:\/\/timammdouar.fr\/produit\/bon-mateint\/#breadcrumb\"},\"inLanguage\":\"en-GB\",\"potentialAction\":[{\"@type\":\"ReadAction\",\"target\":[\"https:\/\/timammdouar.fr\/produit\/bon-mateint\/\"]}]},{\"@type\":\"ImageObject\",\"inLanguage\":\"en-GB\",\"@id\":\"https:\/\/timammdouar.fr\/produit\/bon-mateint\/#primaryimage\",\"url\":\"https:\/\/timammdouar.fr\/wp-content\/uploads\/2023\/11\/bon-mateint.jpg\",\"contentUrl\":\"https:\/\/timammdouar.fr\/wp-content\/uploads\/2023\/11\/bon-mateint.jpg\",\"width\":1000,\"height\":784},{\"@type\":\"BreadcrumbList\",\"@id\":\"https:\/\/timammdouar.fr\/produit\/bon-mateint\/#breadcrumb\",\"itemListElement\":[{\"@type\":\"ListItem\",\"position\":1,\"name\":\"Accueil\",\"item\":\"https:\/\/timammdouar.fr\/\"},{\"@type\":\"ListItem\",\"position\":2,\"name\":\"Produits issus de plantes aromatiques et m\u00e9dicinales\",\"item\":\"https:\/\/timammdouar.fr\/nos-produits\/produits-issus-de-plantes-aromatiques-et-medicinales\/\"},{\"@type\":\"ListItem\",\"position\":3,\"name\":\"Bon Mateint! (42g)\"}]},{\"@type\":\"WebSite\",\"@id\":\"https:\/\/timammdouar.fr\/#website\",\"url\":\"https:\/\/timammdouar.fr\/\",\"name\":\"Ti mamm douar\",\"description\":\"Ferme agro-\u00e9cologique des montagnes noires\",\"publisher\":{\"@id\":\"https:\/\/timammdouar.fr\/#organization\"},\"potentialAction\":[{\"@type\":\"SearchAction\",\"target\":{\"@type\":\"EntryPoint\",\"urlTemplate\":\"https:\/\/timammdouar.fr\/?s={search_term_string}\"},\"query-input\":{\"@type\":\"PropertyValueSpecification\",\"valueRequired\":true,\"valueName\":\"search_term_string\"}}],\"inLanguage\":\"en-GB\"},{\"@type\":\"Organization\",\"@id\":\"https:\/\/timammdouar.fr\/#organization\",\"name\":\"Ti mamm douar\",\"url\":\"https:\/\/timammdouar.fr\/\",\"logo\":{\"@type\":\"ImageObject\",\"inLanguage\":\"en-GB\",\"@id\":\"https:\/\/timammdouar.fr\/#\/schema\/logo\/image\/\",\"url\":\"https:\/\/timammdouar.fr\/wp-content\/uploads\/2020\/03\/cropped-WEB-Logo-NB_TI-MAMM-DOUAR_2019-e1584807257800-1.png\",\"contentUrl\":\"https:\/\/timammdouar.fr\/wp-content\/uploads\/2020\/03\/cropped-WEB-Logo-NB_TI-MAMM-DOUAR_2019-e1584807257800-1.png\",\"width\":225,\"height\":224,\"caption\":\"Ti mamm douar\"},\"image\":{\"@id\":\"https:\/\/timammdouar.fr\/#\/schema\/logo\/image\/\"},\"sameAs\":[\"https:\/\/www.facebook.com\/Timammdouar.fermeagroeco\/\",\"https:\/\/www.instagram.com\/timammdouar\/\"]}]}<\/script>\n<!-- \/ Yoast SEO plugin. -->","yoast_head_json":{"title":"Bon Mateint! (42g) - Ti mamm douar","robots":{"index":"index","follow":"follow","max-snippet":"max-snippet:-1","max-image-preview":"max-image-preview:large","max-video-preview":"max-video-preview:-1"},"canonical":"https:\/\/timammdouar.fr\/en\/product\/bon-mateint\/","og_locale":"en_GB","og_type":"article","og_title":"Bon Mateint! (42g) - Ti mamm douar","og_description":"Et Hop\u00a0! Un visage tonique et purifi\u00e9\u00a0!  Argile verte, menthe poivr\u00e9e, sauge officinale  42 g","og_url":"https:\/\/timammdouar.fr\/en\/product\/bon-mateint\/","og_site_name":"Ti mamm douar","article_publisher":"https:\/\/www.facebook.com\/Timammdouar.fermeagroeco\/","article_modified_time":"2025-12-22T12:48:23+00:00","og_image":[{"width":1000,"height":784,"url":"https:\/\/timammdouar.fr\/wp-content\/uploads\/2023\/11\/bon-mateint.jpg","type":"image\/jpeg"}],"twitter_card":"summary_large_image","twitter_misc":{"Estimated reading time":"1 minute"},"schema":{"@context":"https:\/\/schema.org","@graph":[{"@type":"WebPage","@id":"https:\/\/timammdouar.fr\/produit\/bon-mateint\/","url":"https:\/\/timammdouar.fr\/produit\/bon-mateint\/","name":"Bon Mateint! (42g) - Ti mamm douar","isPartOf":{"@id":"https:\/\/timammdouar.fr\/#website"},"primaryImageOfPage":{"@id":"https:\/\/timammdouar.fr\/produit\/bon-mateint\/#primaryimage"},"image":{"@id":"https:\/\/timammdouar.fr\/produit\/bon-mateint\/#primaryimage"},"thumbnailUrl":"https:\/\/timammdouar.fr\/wp-content\/uploads\/2023\/11\/bon-mateint.jpg","datePublished":"2023-11-07T10:30:24+00:00","dateModified":"2025-12-22T12:48:23+00:00","breadcrumb":{"@id":"https:\/\/timammdouar.fr\/produit\/bon-mateint\/#breadcrumb"},"inLanguage":"en-GB","potentialAction":[{"@type":"ReadAction","target":["https:\/\/timammdouar.fr\/produit\/bon-mateint\/"]}]},{"@type":"ImageObject","inLanguage":"en-GB","@id":"https:\/\/timammdouar.fr\/produit\/bon-mateint\/#primaryimage","url":"https:\/\/timammdouar.fr\/wp-content\/uploads\/2023\/11\/bon-mateint.jpg","contentUrl":"https:\/\/timammdouar.fr\/wp-content\/uploads\/2023\/11\/bon-mateint.jpg","width":1000,"height":784},{"@type":"BreadcrumbList","@id":"https:\/\/timammdouar.fr\/produit\/bon-mateint\/#breadcrumb","itemListElement":[{"@type":"ListItem","position":1,"name":"Accueil","item":"https:\/\/timammdouar.fr\/"},{"@type":"ListItem","position":2,"name":"Produits issus de plantes aromatiques et m\u00e9dicinales","item":"https:\/\/timammdouar.fr\/nos-produits\/produits-issus-de-plantes-aromatiques-et-medicinales\/"},{"@type":"ListItem","position":3,"name":"Bon Mateint! (42g)"}]},{"@type":"WebSite","@id":"https:\/\/timammdouar.fr\/#website","url":"https:\/\/timammdouar.fr\/","name":"Ti mamm douar","description":"Ferme agro-\u00e9cologique des montagnes noires","publisher":{"@id":"https:\/\/timammdouar.fr\/#organization"},"potentialAction":[{"@type":"SearchAction","target":{"@type":"EntryPoint","urlTemplate":"https:\/\/timammdouar.fr\/?s={search_term_string}"},"query-input":{"@type":"PropertyValueSpecification","valueRequired":true,"valueName":"search_term_string"}}],"inLanguage":"en-GB"},{"@type":"Organization","@id":"https:\/\/timammdouar.fr\/#organization","name":"Ti mamm douar","url":"https:\/\/timammdouar.fr\/","logo":{"@type":"ImageObject","inLanguage":"en-GB","@id":"https:\/\/timammdouar.fr\/#\/schema\/logo\/image\/","url":"https:\/\/timammdouar.fr\/wp-content\/uploads\/2020\/03\/cropped-WEB-Logo-NB_TI-MAMM-DOUAR_2019-e1584807257800-1.png","contentUrl":"https:\/\/timammdouar.fr\/wp-content\/uploads\/2020\/03\/cropped-WEB-Logo-NB_TI-MAMM-DOUAR_2019-e1584807257800-1.png","width":225,"height":224,"caption":"Ti mamm douar"},"image":{"@id":"https:\/\/timammdouar.fr\/#\/schema\/logo\/image\/"},"sameAs":["https:\/\/www.facebook.com\/Timammdouar.fermeagroeco\/","https:\/\/www.instagram.com\/timammdouar\/"]}]}},"_links":{"self":[{"href":"https:\/\/timammdouar.fr\/en\/wp-json\/wp\/v2\/product\/1611"}],"collection":[{"href":"https:\/\/timammdouar.fr\/en\/wp-json\/wp\/v2\/product"}],"about":[{"href":"https:\/\/timammdouar.fr\/en\/wp-json\/wp\/v2\/types\/product"}],"replies":[{"embeddable":true,"href":"https:\/\/timammdouar.fr\/en\/wp-json\/wp\/v2\/comments?post=1611"}],"wp:featuredmedia":[{"embeddable":true,"href":"https:\/\/timammdouar.fr\/en\/wp-json\/wp\/v2\/media\/1699"}],"wp:attachment":[{"href":"https:\/\/timammdouar.fr\/en\/wp-json\/wp\/v2\/media?parent=1611"}],"wp:term":[{"taxonomy":"product_cat","embeddable":true,"href":"https:\/\/timammdouar.fr\/en\/wp-json\/wp\/v2\/product_cat?post=1611"},{"taxonomy":"product_tag","embeddable":true,"href":"https:\/\/timammdouar.fr\/en\/wp-json\/wp\/v2\/product_tag?post=1611"}],"curies":[{"name":"wp","href":"https:\/\/api.w.org\/{rel}","templated":true}]}}