{"id":1613,"date":"2023-10-29T01:38:00","date_gmt":"2023-10-28T23:38:00","guid":{"rendered":"https:\/\/timammdouar.fr\/?post_type=product&#038;p=1613"},"modified":"2025-01-22T13:53:28","modified_gmt":"2025-01-22T12:53:28","slug":"huiles-essentielles-de-lavande-sauvage-compte-goutte","status":"publish","type":"product","link":"https:\/\/timammdouar.fr\/en\/product\/huiles-essentielles-de-lavande-sauvage-compte-goutte\/","title":{"rendered":"Huile essentielle de lavande sauvage &#8211; flacon compte goutte"},"content":{"rendered":"","protected":false},"excerpt":{"rendered":"<p>Issue de notre cueillette sauvage dans les Hautes Alpes au dessus de 1 000 m d\u2019altitude, cette lavande fine est distill\u00e9e par nos soins \u00e0 basse pression dans un alambic en cuivre pour vous garantir un produit de grande qualit\u00e9.<\/p>","protected":false},"featured_media":1636,"comment_status":"closed","ping_status":"closed","template":"","meta":{"_acf_changed":false},"product_brand":[],"product_cat":[47,42,19],"product_tag":[],"class_list":{"0":"post-1613","1":"product","2":"type-product","3":"status-publish","4":"has-post-thumbnail","6":"product_cat-coin-relax-stress-sommeil","7":"product_cat-douleurs-bobos-et-coups-de-soleil","8":"product_cat-hydrolats-et-huiles-essentielles","9":"product_shipping_class-france-colissimo","11":"first","12":"outofstock","13":"taxable","14":"shipping-taxable","15":"purchasable","16":"product-type-variable"},"acf":[],"featured_image_urls_v2":{"full":["https:\/\/timammdouar.fr\/wp-content\/uploads\/2023\/09\/Huiles-essentielles-de-lavande-sauvage-scaled.jpg",1920,2560,false],"thumbnail":["https:\/\/timammdouar.fr\/wp-content\/uploads\/2023\/09\/Huiles-essentielles-de-lavande-sauvage-150x150.jpg",150,150,true],"medium":["https:\/\/timammdouar.fr\/wp-content\/uploads\/2023\/09\/Huiles-essentielles-de-lavande-sauvage-225x300.jpg",225,300,true],"medium_large":["https:\/\/timammdouar.fr\/wp-content\/uploads\/2023\/09\/Huiles-essentielles-de-lavande-sauvage-768x1024.jpg",768,1024,true],"large":["https:\/\/timammdouar.fr\/wp-content\/uploads\/2023\/09\/Huiles-essentielles-de-lavande-sauvage-768x1024.jpg",768,1024,true],"1536x1536":["https:\/\/timammdouar.fr\/wp-content\/uploads\/2023\/09\/Huiles-essentielles-de-lavande-sauvage-1152x1536.jpg",1152,1536,true],"2048x2048":["https:\/\/timammdouar.fr\/wp-content\/uploads\/2023\/09\/Huiles-essentielles-de-lavande-sauvage-1536x2048.jpg",1536,2048,true],"trp-custom-language-flag":["https:\/\/timammdouar.fr\/wp-content\/uploads\/2023\/09\/Huiles-essentielles-de-lavande-sauvage-9x12.jpg",9,12,true],"extension-popular-post":["https:\/\/timammdouar.fr\/wp-content\/uploads\/2023\/09\/Huiles-essentielles-de-lavande-sauvage-75x75.jpg",75,75,true],"woocommerce_thumbnail":["https:\/\/timammdouar.fr\/wp-content\/uploads\/2023\/09\/Huiles-essentielles-de-lavande-sauvage-300x300.jpg",300,300,true],"woocommerce_single":["https:\/\/timammdouar.fr\/wp-content\/uploads\/2023\/09\/Huiles-essentielles-de-lavande-sauvage-600x800.jpg",600,800,true],"woocommerce_gallery_thumbnail":["https:\/\/timammdouar.fr\/wp-content\/uploads\/2023\/09\/Huiles-essentielles-de-lavande-sauvage-100x100.jpg",100,100,true]},"post_excerpt_stackable_v2":"<p>Issue de notre cueillette sauvage dans les Hautes Alpes au dessus de 1 000 m d\u2019altitude, cette lavande fine est distill\u00e9e par nos soins \u00e0 basse pression dans un alambic en cuivre pour vous garantir un produit de grande qualit\u00e9.<\/p>\n","category_list_v2":"","author_info_v2":{"name":"","url":""},"comments_num_v2":"0 comments","yoast_head":"<!-- This site is optimized with the Yoast SEO plugin v27.4 - https:\/\/yoast.com\/product\/yoast-seo-wordpress\/ -->\n<title>Huile essentielle de lavande sauvage - flacon compte goutte - Ti mamm douar<\/title>\n<meta name=\"robots\" content=\"index, follow, max-snippet:-1, max-image-preview:large, max-video-preview:-1\" \/>\n<link rel=\"canonical\" href=\"https:\/\/timammdouar.fr\/en\/product\/huiles-essentielles-de-lavande-sauvage-compte-goutte\/\" \/>\n<meta property=\"og:locale\" content=\"en_GB\" \/>\n<meta property=\"og:type\" content=\"article\" \/>\n<meta property=\"og:title\" content=\"Huile essentielle de lavande sauvage - flacon compte goutte - Ti mamm douar\" \/>\n<meta property=\"og:description\" content=\"Issue de notre cueillette sauvage dans les Hautes Alpes au dessus de 1 000 m d\u2019altitude, cette lavande fine est distill\u00e9e par nos soins \u00e0 basse pression dans un alambic en cuivre pour vous garantir un produit de grande qualit\u00e9.\" \/>\n<meta property=\"og:url\" content=\"https:\/\/timammdouar.fr\/en\/product\/huiles-essentielles-de-lavande-sauvage-compte-goutte\/\" \/>\n<meta property=\"og:site_name\" content=\"Ti mamm douar\" \/>\n<meta property=\"article:publisher\" content=\"https:\/\/www.facebook.com\/Timammdouar.fermeagroeco\/\" \/>\n<meta property=\"article:modified_time\" content=\"2025-01-22T12:53:28+00:00\" \/>\n<meta property=\"og:image\" content=\"https:\/\/timammdouar.fr\/wp-content\/uploads\/2023\/09\/Huiles-essentielles-de-lavande-sauvage-scaled.jpg\" \/>\n\t<meta property=\"og:image:width\" content=\"1920\" \/>\n\t<meta property=\"og:image:height\" content=\"2560\" \/>\n\t<meta property=\"og:image:type\" content=\"image\/jpeg\" \/>\n<meta name=\"twitter:card\" content=\"summary_large_image\" \/>\n<meta name=\"twitter:label1\" content=\"Estimated reading time\" \/>\n\t<meta name=\"twitter:data1\" content=\"1 minute\" \/>\n<script type=\"application\/ld+json\" class=\"yoast-schema-graph\">{\"@context\":\"https:\\\/\\\/schema.org\",\"@graph\":[{\"@type\":\"WebPage\",\"@id\":\"https:\\\/\\\/timammdouar.fr\\\/produit\\\/huiles-essentielles-de-lavande-sauvage-compte-goutte\\\/\",\"url\":\"https:\\\/\\\/timammdouar.fr\\\/produit\\\/huiles-essentielles-de-lavande-sauvage-compte-goutte\\\/\",\"name\":\"Huile essentielle de lavande sauvage - flacon compte goutte - Ti mamm douar\",\"isPartOf\":{\"@id\":\"https:\\\/\\\/timammdouar.fr\\\/#website\"},\"primaryImageOfPage\":{\"@id\":\"https:\\\/\\\/timammdouar.fr\\\/produit\\\/huiles-essentielles-de-lavande-sauvage-compte-goutte\\\/#primaryimage\"},\"image\":{\"@id\":\"https:\\\/\\\/timammdouar.fr\\\/produit\\\/huiles-essentielles-de-lavande-sauvage-compte-goutte\\\/#primaryimage\"},\"thumbnailUrl\":\"https:\\\/\\\/timammdouar.fr\\\/wp-content\\\/uploads\\\/2023\\\/09\\\/Huiles-essentielles-de-lavande-sauvage-scaled.jpg\",\"datePublished\":\"2023-10-28T23:38:00+00:00\",\"dateModified\":\"2025-01-22T12:53:28+00:00\",\"breadcrumb\":{\"@id\":\"https:\\\/\\\/timammdouar.fr\\\/produit\\\/huiles-essentielles-de-lavande-sauvage-compte-goutte\\\/#breadcrumb\"},\"inLanguage\":\"en-GB\",\"potentialAction\":[{\"@type\":\"ReadAction\",\"target\":[\"https:\\\/\\\/timammdouar.fr\\\/produit\\\/huiles-essentielles-de-lavande-sauvage-compte-goutte\\\/\"]}]},{\"@type\":\"ImageObject\",\"inLanguage\":\"en-GB\",\"@id\":\"https:\\\/\\\/timammdouar.fr\\\/produit\\\/huiles-essentielles-de-lavande-sauvage-compte-goutte\\\/#primaryimage\",\"url\":\"https:\\\/\\\/timammdouar.fr\\\/wp-content\\\/uploads\\\/2023\\\/09\\\/Huiles-essentielles-de-lavande-sauvage-scaled.jpg\",\"contentUrl\":\"https:\\\/\\\/timammdouar.fr\\\/wp-content\\\/uploads\\\/2023\\\/09\\\/Huiles-essentielles-de-lavande-sauvage-scaled.jpg\",\"width\":1920,\"height\":2560},{\"@type\":\"BreadcrumbList\",\"@id\":\"https:\\\/\\\/timammdouar.fr\\\/produit\\\/huiles-essentielles-de-lavande-sauvage-compte-goutte\\\/#breadcrumb\",\"itemListElement\":[{\"@type\":\"ListItem\",\"position\":1,\"name\":\"Accueil\",\"item\":\"https:\\\/\\\/timammdouar.fr\\\/\"},{\"@type\":\"ListItem\",\"position\":2,\"name\":\"Produits issus de plantes aromatiques et m\u00e9dicinales\",\"item\":\"https:\\\/\\\/timammdouar.fr\\\/nos-produits\\\/produits-issus-de-plantes-aromatiques-et-medicinales\\\/\"},{\"@type\":\"ListItem\",\"position\":3,\"name\":\"Huile essentielle de lavande sauvage &#8211; flacon compte goutte\"}]},{\"@type\":\"WebSite\",\"@id\":\"https:\\\/\\\/timammdouar.fr\\\/#website\",\"url\":\"https:\\\/\\\/timammdouar.fr\\\/\",\"name\":\"Ti mamm douar\",\"description\":\"Ferme agro-\u00e9cologique des montagnes noires\",\"publisher\":{\"@id\":\"https:\\\/\\\/timammdouar.fr\\\/#organization\"},\"potentialAction\":[{\"@type\":\"SearchAction\",\"target\":{\"@type\":\"EntryPoint\",\"urlTemplate\":\"https:\\\/\\\/timammdouar.fr\\\/?s={search_term_string}\"},\"query-input\":{\"@type\":\"PropertyValueSpecification\",\"valueRequired\":true,\"valueName\":\"search_term_string\"}}],\"inLanguage\":\"en-GB\"},{\"@type\":\"Organization\",\"@id\":\"https:\\\/\\\/timammdouar.fr\\\/#organization\",\"name\":\"Ti mamm douar\",\"url\":\"https:\\\/\\\/timammdouar.fr\\\/\",\"logo\":{\"@type\":\"ImageObject\",\"inLanguage\":\"en-GB\",\"@id\":\"https:\\\/\\\/timammdouar.fr\\\/#\\\/schema\\\/logo\\\/image\\\/\",\"url\":\"https:\\\/\\\/timammdouar.fr\\\/wp-content\\\/uploads\\\/2020\\\/03\\\/cropped-WEB-Logo-NB_TI-MAMM-DOUAR_2019-e1584807257800-1.png\",\"contentUrl\":\"https:\\\/\\\/timammdouar.fr\\\/wp-content\\\/uploads\\\/2020\\\/03\\\/cropped-WEB-Logo-NB_TI-MAMM-DOUAR_2019-e1584807257800-1.png\",\"width\":225,\"height\":224,\"caption\":\"Ti mamm douar\"},\"image\":{\"@id\":\"https:\\\/\\\/timammdouar.fr\\\/#\\\/schema\\\/logo\\\/image\\\/\"},\"sameAs\":[\"https:\\\/\\\/www.facebook.com\\\/Timammdouar.fermeagroeco\\\/\",\"https:\\\/\\\/www.instagram.com\\\/timammdouar\\\/\"]}]}<\/script>\n<!-- \/ Yoast SEO plugin. -->","yoast_head_json":{"title":"Huile essentielle de lavande sauvage - flacon compte goutte - Ti mamm douar","robots":{"index":"index","follow":"follow","max-snippet":"max-snippet:-1","max-image-preview":"max-image-preview:large","max-video-preview":"max-video-preview:-1"},"canonical":"https:\/\/timammdouar.fr\/en\/product\/huiles-essentielles-de-lavande-sauvage-compte-goutte\/","og_locale":"en_GB","og_type":"article","og_title":"Huile essentielle de lavande sauvage - flacon compte goutte - Ti mamm douar","og_description":"Issue de notre cueillette sauvage dans les Hautes Alpes au dessus de 1 000 m d\u2019altitude, cette lavande fine est distill\u00e9e par nos soins \u00e0 basse pression dans un alambic en cuivre pour vous garantir un produit de grande qualit\u00e9.","og_url":"https:\/\/timammdouar.fr\/en\/product\/huiles-essentielles-de-lavande-sauvage-compte-goutte\/","og_site_name":"Ti mamm douar","article_publisher":"https:\/\/www.facebook.com\/Timammdouar.fermeagroeco\/","article_modified_time":"2025-01-22T12:53:28+00:00","og_image":[{"width":1920,"height":2560,"url":"https:\/\/timammdouar.fr\/wp-content\/uploads\/2023\/09\/Huiles-essentielles-de-lavande-sauvage-scaled.jpg","type":"image\/jpeg"}],"twitter_card":"summary_large_image","twitter_misc":{"Estimated reading time":"1 minute"},"schema":{"@context":"https:\/\/schema.org","@graph":[{"@type":"WebPage","@id":"https:\/\/timammdouar.fr\/produit\/huiles-essentielles-de-lavande-sauvage-compte-goutte\/","url":"https:\/\/timammdouar.fr\/produit\/huiles-essentielles-de-lavande-sauvage-compte-goutte\/","name":"Huile essentielle de lavande sauvage - flacon compte goutte - Ti mamm douar","isPartOf":{"@id":"https:\/\/timammdouar.fr\/#website"},"primaryImageOfPage":{"@id":"https:\/\/timammdouar.fr\/produit\/huiles-essentielles-de-lavande-sauvage-compte-goutte\/#primaryimage"},"image":{"@id":"https:\/\/timammdouar.fr\/produit\/huiles-essentielles-de-lavande-sauvage-compte-goutte\/#primaryimage"},"thumbnailUrl":"https:\/\/timammdouar.fr\/wp-content\/uploads\/2023\/09\/Huiles-essentielles-de-lavande-sauvage-scaled.jpg","datePublished":"2023-10-28T23:38:00+00:00","dateModified":"2025-01-22T12:53:28+00:00","breadcrumb":{"@id":"https:\/\/timammdouar.fr\/produit\/huiles-essentielles-de-lavande-sauvage-compte-goutte\/#breadcrumb"},"inLanguage":"en-GB","potentialAction":[{"@type":"ReadAction","target":["https:\/\/timammdouar.fr\/produit\/huiles-essentielles-de-lavande-sauvage-compte-goutte\/"]}]},{"@type":"ImageObject","inLanguage":"en-GB","@id":"https:\/\/timammdouar.fr\/produit\/huiles-essentielles-de-lavande-sauvage-compte-goutte\/#primaryimage","url":"https:\/\/timammdouar.fr\/wp-content\/uploads\/2023\/09\/Huiles-essentielles-de-lavande-sauvage-scaled.jpg","contentUrl":"https:\/\/timammdouar.fr\/wp-content\/uploads\/2023\/09\/Huiles-essentielles-de-lavande-sauvage-scaled.jpg","width":1920,"height":2560},{"@type":"BreadcrumbList","@id":"https:\/\/timammdouar.fr\/produit\/huiles-essentielles-de-lavande-sauvage-compte-goutte\/#breadcrumb","itemListElement":[{"@type":"ListItem","position":1,"name":"Accueil","item":"https:\/\/timammdouar.fr\/"},{"@type":"ListItem","position":2,"name":"Produits issus de plantes aromatiques et m\u00e9dicinales","item":"https:\/\/timammdouar.fr\/nos-produits\/produits-issus-de-plantes-aromatiques-et-medicinales\/"},{"@type":"ListItem","position":3,"name":"Huile essentielle de lavande sauvage &#8211; flacon compte goutte"}]},{"@type":"WebSite","@id":"https:\/\/timammdouar.fr\/#website","url":"https:\/\/timammdouar.fr\/","name":"Ti mamm douar","description":"Ferme agro-\u00e9cologique des montagnes noires","publisher":{"@id":"https:\/\/timammdouar.fr\/#organization"},"potentialAction":[{"@type":"SearchAction","target":{"@type":"EntryPoint","urlTemplate":"https:\/\/timammdouar.fr\/?s={search_term_string}"},"query-input":{"@type":"PropertyValueSpecification","valueRequired":true,"valueName":"search_term_string"}}],"inLanguage":"en-GB"},{"@type":"Organization","@id":"https:\/\/timammdouar.fr\/#organization","name":"Ti mamm douar","url":"https:\/\/timammdouar.fr\/","logo":{"@type":"ImageObject","inLanguage":"en-GB","@id":"https:\/\/timammdouar.fr\/#\/schema\/logo\/image\/","url":"https:\/\/timammdouar.fr\/wp-content\/uploads\/2020\/03\/cropped-WEB-Logo-NB_TI-MAMM-DOUAR_2019-e1584807257800-1.png","contentUrl":"https:\/\/timammdouar.fr\/wp-content\/uploads\/2020\/03\/cropped-WEB-Logo-NB_TI-MAMM-DOUAR_2019-e1584807257800-1.png","width":225,"height":224,"caption":"Ti mamm douar"},"image":{"@id":"https:\/\/timammdouar.fr\/#\/schema\/logo\/image\/"},"sameAs":["https:\/\/www.facebook.com\/Timammdouar.fermeagroeco\/","https:\/\/www.instagram.com\/timammdouar\/"]}]}},"_links":{"self":[{"href":"https:\/\/timammdouar.fr\/en\/wp-json\/wp\/v2\/product\/1613","targetHints":{"allow":["GET"]}}],"collection":[{"href":"https:\/\/timammdouar.fr\/en\/wp-json\/wp\/v2\/product"}],"about":[{"href":"https:\/\/timammdouar.fr\/en\/wp-json\/wp\/v2\/types\/product"}],"replies":[{"embeddable":true,"href":"https:\/\/timammdouar.fr\/en\/wp-json\/wp\/v2\/comments?post=1613"}],"wp:featuredmedia":[{"embeddable":true,"href":"https:\/\/timammdouar.fr\/en\/wp-json\/wp\/v2\/media\/1636"}],"wp:attachment":[{"href":"https:\/\/timammdouar.fr\/en\/wp-json\/wp\/v2\/media?parent=1613"}],"wp:term":[{"taxonomy":"product_brand","embeddable":true,"href":"https:\/\/timammdouar.fr\/en\/wp-json\/wp\/v2\/product_brand?post=1613"},{"taxonomy":"product_cat","embeddable":true,"href":"https:\/\/timammdouar.fr\/en\/wp-json\/wp\/v2\/product_cat?post=1613"},{"taxonomy":"product_tag","embeddable":true,"href":"https:\/\/timammdouar.fr\/en\/wp-json\/wp\/v2\/product_tag?post=1613"}],"curies":[{"name":"wp","href":"https:\/\/api.w.org\/{rel}","templated":true}]}}