{"id":1616,"date":"2023-11-07T11:30:26","date_gmt":"2023-11-07T10:30:26","guid":{"rendered":"https:\/\/timammdouar.fr\/?post_type=product&#038;p=1616"},"modified":"2025-12-22T13:49:15","modified_gmt":"2025-12-22T12:49:15","slug":"reveries-bain-de-plantes","status":"publish","type":"product","link":"https:\/\/timammdouar.fr\/en\/product\/reveries-bain-de-plantes\/","title":{"rendered":"R\u00eaveries (10 g)"},"content":{"rendered":"<p>Infusez ces m\u00e9langes dans une casserole d\u2019eau tr\u00e8s chaude avant de verser le contenu, filtr\u00e9 ou non, dans l\u2019eau de votre bain pour profiter pleinement des propri\u00e9t\u00e9s des plantes.<\/p>","protected":false},"excerpt":{"rendered":"<p>Bain de plantes<\/p>\n<p>Un bain relaxant pour vous inviter \u00e0 r\u00eaver.<\/p>\n<p><em>Camomille romaine, lavande, calendula, mauve, rose<\/em><\/p>\n<p>10 g<\/p>","protected":false},"featured_media":1690,"comment_status":"closed","ping_status":"closed","template":"","meta":{"_acf_changed":false},"product_brand":[],"product_cat":[49,47],"product_tag":[],"class_list":{"0":"post-1616","1":"product","2":"type-product","3":"status-publish","4":"has-post-thumbnail","6":"product_cat-bebes-jeunes-pousses-et-cie","7":"product_cat-coin-relax-stress-sommeil","8":"product_shipping_class-france-colissimo","10":"first","11":"instock","12":"purchasable","13":"product-type-simple"},"acf":[],"featured_image_urls_v2":{"full":["https:\/\/timammdouar.fr\/wp-content\/uploads\/2023\/11\/20230927_162858.jpg",1000,1203,false],"thumbnail":["https:\/\/timammdouar.fr\/wp-content\/uploads\/2023\/11\/20230927_162858-150x150.jpg",150,150,true],"medium":["https:\/\/timammdouar.fr\/wp-content\/uploads\/2023\/11\/20230927_162858-249x300.jpg",249,300,true],"medium_large":["https:\/\/timammdouar.fr\/wp-content\/uploads\/2023\/11\/20230927_162858-768x924.jpg",768,924,true],"large":["https:\/\/timammdouar.fr\/wp-content\/uploads\/2023\/11\/20230927_162858-851x1024.jpg",851,1024,true],"1536x1536":["https:\/\/timammdouar.fr\/wp-content\/uploads\/2023\/11\/20230927_162858.jpg",1000,1203,false],"2048x2048":["https:\/\/timammdouar.fr\/wp-content\/uploads\/2023\/11\/20230927_162858.jpg",1000,1203,false],"trp-custom-language-flag":["https:\/\/timammdouar.fr\/wp-content\/uploads\/2023\/11\/20230927_162858-10x12.jpg",10,12,true],"extension-popular-post":["https:\/\/timammdouar.fr\/wp-content\/uploads\/2023\/11\/20230927_162858-75x75.jpg",75,75,true],"woocommerce_thumbnail":["https:\/\/timammdouar.fr\/wp-content\/uploads\/2023\/11\/20230927_162858-300x300.jpg",300,300,true],"woocommerce_single":["https:\/\/timammdouar.fr\/wp-content\/uploads\/2023\/11\/20230927_162858-600x722.jpg",600,722,true],"woocommerce_gallery_thumbnail":["https:\/\/timammdouar.fr\/wp-content\/uploads\/2023\/11\/20230927_162858-100x100.jpg",100,100,true]},"post_excerpt_stackable_v2":"<p>Bain de plantes<\/p>\n<p>Un bain relaxant pour vous inviter \u00e0 r\u00eaver.<\/p>\n<p><em>Camomille romaine, lavande, calendula, mauve, rose<\/em><\/p>\n<p>10 g<\/p>\n","category_list_v2":"","author_info_v2":{"name":"","url":""},"comments_num_v2":"0 comments","yoast_head":"<!-- This site is optimized with the Yoast SEO plugin v27.4 - https:\/\/yoast.com\/product\/yoast-seo-wordpress\/ -->\n<title>R\u00eaveries (10 g) - Ti mamm douar<\/title>\n<meta name=\"robots\" content=\"index, follow, max-snippet:-1, max-image-preview:large, max-video-preview:-1\" \/>\n<link rel=\"canonical\" href=\"https:\/\/timammdouar.fr\/en\/product\/reveries-bain-de-plantes\/\" \/>\n<meta property=\"og:locale\" content=\"en_GB\" \/>\n<meta property=\"og:type\" content=\"article\" \/>\n<meta property=\"og:title\" content=\"R\u00eaveries (10 g) - Ti mamm douar\" \/>\n<meta property=\"og:description\" content=\"Bain de plantes  Un bain relaxant pour vous inviter \u00e0 r\u00eaver.  Camomille romaine, lavande, calendula, mauve, rose  10 g\" \/>\n<meta property=\"og:url\" content=\"https:\/\/timammdouar.fr\/en\/product\/reveries-bain-de-plantes\/\" \/>\n<meta property=\"og:site_name\" content=\"Ti mamm douar\" \/>\n<meta property=\"article:publisher\" content=\"https:\/\/www.facebook.com\/Timammdouar.fermeagroeco\/\" \/>\n<meta property=\"article:modified_time\" content=\"2025-12-22T12:49:15+00:00\" \/>\n<meta property=\"og:image\" content=\"https:\/\/timammdouar.fr\/wp-content\/uploads\/2023\/11\/20230927_162858.jpg\" \/>\n\t<meta property=\"og:image:width\" content=\"1000\" \/>\n\t<meta property=\"og:image:height\" content=\"1203\" \/>\n\t<meta property=\"og:image:type\" content=\"image\/jpeg\" \/>\n<meta name=\"twitter:card\" content=\"summary_large_image\" \/>\n<meta name=\"twitter:label1\" content=\"Estimated reading time\" \/>\n\t<meta name=\"twitter:data1\" content=\"1 minute\" \/>\n<script type=\"application\/ld+json\" class=\"yoast-schema-graph\">{\"@context\":\"https:\\\/\\\/schema.org\",\"@graph\":[{\"@type\":\"WebPage\",\"@id\":\"https:\\\/\\\/timammdouar.fr\\\/produit\\\/reveries-bain-de-plantes\\\/\",\"url\":\"https:\\\/\\\/timammdouar.fr\\\/produit\\\/reveries-bain-de-plantes\\\/\",\"name\":\"R\u00eaveries (10 g) - Ti mamm douar\",\"isPartOf\":{\"@id\":\"https:\\\/\\\/timammdouar.fr\\\/#website\"},\"primaryImageOfPage\":{\"@id\":\"https:\\\/\\\/timammdouar.fr\\\/produit\\\/reveries-bain-de-plantes\\\/#primaryimage\"},\"image\":{\"@id\":\"https:\\\/\\\/timammdouar.fr\\\/produit\\\/reveries-bain-de-plantes\\\/#primaryimage\"},\"thumbnailUrl\":\"https:\\\/\\\/timammdouar.fr\\\/wp-content\\\/uploads\\\/2023\\\/11\\\/20230927_162858.jpg\",\"datePublished\":\"2023-11-07T10:30:26+00:00\",\"dateModified\":\"2025-12-22T12:49:15+00:00\",\"breadcrumb\":{\"@id\":\"https:\\\/\\\/timammdouar.fr\\\/produit\\\/reveries-bain-de-plantes\\\/#breadcrumb\"},\"inLanguage\":\"en-GB\",\"potentialAction\":[{\"@type\":\"ReadAction\",\"target\":[\"https:\\\/\\\/timammdouar.fr\\\/produit\\\/reveries-bain-de-plantes\\\/\"]}]},{\"@type\":\"ImageObject\",\"inLanguage\":\"en-GB\",\"@id\":\"https:\\\/\\\/timammdouar.fr\\\/produit\\\/reveries-bain-de-plantes\\\/#primaryimage\",\"url\":\"https:\\\/\\\/timammdouar.fr\\\/wp-content\\\/uploads\\\/2023\\\/11\\\/20230927_162858.jpg\",\"contentUrl\":\"https:\\\/\\\/timammdouar.fr\\\/wp-content\\\/uploads\\\/2023\\\/11\\\/20230927_162858.jpg\",\"width\":1000,\"height\":1203},{\"@type\":\"BreadcrumbList\",\"@id\":\"https:\\\/\\\/timammdouar.fr\\\/produit\\\/reveries-bain-de-plantes\\\/#breadcrumb\",\"itemListElement\":[{\"@type\":\"ListItem\",\"position\":1,\"name\":\"Accueil\",\"item\":\"https:\\\/\\\/timammdouar.fr\\\/\"},{\"@type\":\"ListItem\",\"position\":2,\"name\":\"Produits issus de plantes aromatiques et m\u00e9dicinales\",\"item\":\"https:\\\/\\\/timammdouar.fr\\\/nos-produits\\\/produits-issus-de-plantes-aromatiques-et-medicinales\\\/\"},{\"@type\":\"ListItem\",\"position\":3,\"name\":\"R\u00eaveries (10 g)\"}]},{\"@type\":\"WebSite\",\"@id\":\"https:\\\/\\\/timammdouar.fr\\\/#website\",\"url\":\"https:\\\/\\\/timammdouar.fr\\\/\",\"name\":\"Ti mamm douar\",\"description\":\"Ferme agro-\u00e9cologique des montagnes noires\",\"publisher\":{\"@id\":\"https:\\\/\\\/timammdouar.fr\\\/#organization\"},\"potentialAction\":[{\"@type\":\"SearchAction\",\"target\":{\"@type\":\"EntryPoint\",\"urlTemplate\":\"https:\\\/\\\/timammdouar.fr\\\/?s={search_term_string}\"},\"query-input\":{\"@type\":\"PropertyValueSpecification\",\"valueRequired\":true,\"valueName\":\"search_term_string\"}}],\"inLanguage\":\"en-GB\"},{\"@type\":\"Organization\",\"@id\":\"https:\\\/\\\/timammdouar.fr\\\/#organization\",\"name\":\"Ti mamm douar\",\"url\":\"https:\\\/\\\/timammdouar.fr\\\/\",\"logo\":{\"@type\":\"ImageObject\",\"inLanguage\":\"en-GB\",\"@id\":\"https:\\\/\\\/timammdouar.fr\\\/#\\\/schema\\\/logo\\\/image\\\/\",\"url\":\"https:\\\/\\\/timammdouar.fr\\\/wp-content\\\/uploads\\\/2020\\\/03\\\/cropped-WEB-Logo-NB_TI-MAMM-DOUAR_2019-e1584807257800-1.png\",\"contentUrl\":\"https:\\\/\\\/timammdouar.fr\\\/wp-content\\\/uploads\\\/2020\\\/03\\\/cropped-WEB-Logo-NB_TI-MAMM-DOUAR_2019-e1584807257800-1.png\",\"width\":225,\"height\":224,\"caption\":\"Ti mamm douar\"},\"image\":{\"@id\":\"https:\\\/\\\/timammdouar.fr\\\/#\\\/schema\\\/logo\\\/image\\\/\"},\"sameAs\":[\"https:\\\/\\\/www.facebook.com\\\/Timammdouar.fermeagroeco\\\/\",\"https:\\\/\\\/www.instagram.com\\\/timammdouar\\\/\"]}]}<\/script>\n<!-- \/ Yoast SEO plugin. -->","yoast_head_json":{"title":"R\u00eaveries (10 g) - Ti mamm douar","robots":{"index":"index","follow":"follow","max-snippet":"max-snippet:-1","max-image-preview":"max-image-preview:large","max-video-preview":"max-video-preview:-1"},"canonical":"https:\/\/timammdouar.fr\/en\/product\/reveries-bain-de-plantes\/","og_locale":"en_GB","og_type":"article","og_title":"R\u00eaveries (10 g) - Ti mamm douar","og_description":"Bain de plantes  Un bain relaxant pour vous inviter \u00e0 r\u00eaver.  Camomille romaine, lavande, calendula, mauve, rose  10 g","og_url":"https:\/\/timammdouar.fr\/en\/product\/reveries-bain-de-plantes\/","og_site_name":"Ti mamm douar","article_publisher":"https:\/\/www.facebook.com\/Timammdouar.fermeagroeco\/","article_modified_time":"2025-12-22T12:49:15+00:00","og_image":[{"width":1000,"height":1203,"url":"https:\/\/timammdouar.fr\/wp-content\/uploads\/2023\/11\/20230927_162858.jpg","type":"image\/jpeg"}],"twitter_card":"summary_large_image","twitter_misc":{"Estimated reading time":"1 minute"},"schema":{"@context":"https:\/\/schema.org","@graph":[{"@type":"WebPage","@id":"https:\/\/timammdouar.fr\/produit\/reveries-bain-de-plantes\/","url":"https:\/\/timammdouar.fr\/produit\/reveries-bain-de-plantes\/","name":"R\u00eaveries (10 g) - Ti mamm douar","isPartOf":{"@id":"https:\/\/timammdouar.fr\/#website"},"primaryImageOfPage":{"@id":"https:\/\/timammdouar.fr\/produit\/reveries-bain-de-plantes\/#primaryimage"},"image":{"@id":"https:\/\/timammdouar.fr\/produit\/reveries-bain-de-plantes\/#primaryimage"},"thumbnailUrl":"https:\/\/timammdouar.fr\/wp-content\/uploads\/2023\/11\/20230927_162858.jpg","datePublished":"2023-11-07T10:30:26+00:00","dateModified":"2025-12-22T12:49:15+00:00","breadcrumb":{"@id":"https:\/\/timammdouar.fr\/produit\/reveries-bain-de-plantes\/#breadcrumb"},"inLanguage":"en-GB","potentialAction":[{"@type":"ReadAction","target":["https:\/\/timammdouar.fr\/produit\/reveries-bain-de-plantes\/"]}]},{"@type":"ImageObject","inLanguage":"en-GB","@id":"https:\/\/timammdouar.fr\/produit\/reveries-bain-de-plantes\/#primaryimage","url":"https:\/\/timammdouar.fr\/wp-content\/uploads\/2023\/11\/20230927_162858.jpg","contentUrl":"https:\/\/timammdouar.fr\/wp-content\/uploads\/2023\/11\/20230927_162858.jpg","width":1000,"height":1203},{"@type":"BreadcrumbList","@id":"https:\/\/timammdouar.fr\/produit\/reveries-bain-de-plantes\/#breadcrumb","itemListElement":[{"@type":"ListItem","position":1,"name":"Accueil","item":"https:\/\/timammdouar.fr\/"},{"@type":"ListItem","position":2,"name":"Produits issus de plantes aromatiques et m\u00e9dicinales","item":"https:\/\/timammdouar.fr\/nos-produits\/produits-issus-de-plantes-aromatiques-et-medicinales\/"},{"@type":"ListItem","position":3,"name":"R\u00eaveries (10 g)"}]},{"@type":"WebSite","@id":"https:\/\/timammdouar.fr\/#website","url":"https:\/\/timammdouar.fr\/","name":"Ti mamm douar","description":"Ferme agro-\u00e9cologique des montagnes noires","publisher":{"@id":"https:\/\/timammdouar.fr\/#organization"},"potentialAction":[{"@type":"SearchAction","target":{"@type":"EntryPoint","urlTemplate":"https:\/\/timammdouar.fr\/?s={search_term_string}"},"query-input":{"@type":"PropertyValueSpecification","valueRequired":true,"valueName":"search_term_string"}}],"inLanguage":"en-GB"},{"@type":"Organization","@id":"https:\/\/timammdouar.fr\/#organization","name":"Ti mamm douar","url":"https:\/\/timammdouar.fr\/","logo":{"@type":"ImageObject","inLanguage":"en-GB","@id":"https:\/\/timammdouar.fr\/#\/schema\/logo\/image\/","url":"https:\/\/timammdouar.fr\/wp-content\/uploads\/2020\/03\/cropped-WEB-Logo-NB_TI-MAMM-DOUAR_2019-e1584807257800-1.png","contentUrl":"https:\/\/timammdouar.fr\/wp-content\/uploads\/2020\/03\/cropped-WEB-Logo-NB_TI-MAMM-DOUAR_2019-e1584807257800-1.png","width":225,"height":224,"caption":"Ti mamm douar"},"image":{"@id":"https:\/\/timammdouar.fr\/#\/schema\/logo\/image\/"},"sameAs":["https:\/\/www.facebook.com\/Timammdouar.fermeagroeco\/","https:\/\/www.instagram.com\/timammdouar\/"]}]}},"_links":{"self":[{"href":"https:\/\/timammdouar.fr\/en\/wp-json\/wp\/v2\/product\/1616","targetHints":{"allow":["GET"]}}],"collection":[{"href":"https:\/\/timammdouar.fr\/en\/wp-json\/wp\/v2\/product"}],"about":[{"href":"https:\/\/timammdouar.fr\/en\/wp-json\/wp\/v2\/types\/product"}],"replies":[{"embeddable":true,"href":"https:\/\/timammdouar.fr\/en\/wp-json\/wp\/v2\/comments?post=1616"}],"wp:featuredmedia":[{"embeddable":true,"href":"https:\/\/timammdouar.fr\/en\/wp-json\/wp\/v2\/media\/1690"}],"wp:attachment":[{"href":"https:\/\/timammdouar.fr\/en\/wp-json\/wp\/v2\/media?parent=1616"}],"wp:term":[{"taxonomy":"product_brand","embeddable":true,"href":"https:\/\/timammdouar.fr\/en\/wp-json\/wp\/v2\/product_brand?post=1616"},{"taxonomy":"product_cat","embeddable":true,"href":"https:\/\/timammdouar.fr\/en\/wp-json\/wp\/v2\/product_cat?post=1616"},{"taxonomy":"product_tag","embeddable":true,"href":"https:\/\/timammdouar.fr\/en\/wp-json\/wp\/v2\/product_tag?post=1616"}],"curies":[{"name":"wp","href":"https:\/\/api.w.org\/{rel}","templated":true}]}}