{"id":1618,"date":"2023-10-29T01:38:00","date_gmt":"2023-10-28T23:38:00","guid":{"rendered":"https:\/\/timammdouar.fr\/?post_type=product&#038;p=1618"},"modified":"2025-12-22T13:48:45","modified_gmt":"2025-12-22T12:48:45","slug":"le-bain-de-pied-dartemise-bain-de-plantes","status":"publish","type":"product","link":"https:\/\/timammdouar.fr\/en\/product\/le-bain-de-pied-dartemise-bain-de-plantes\/","title":{"rendered":"Le Bain de pied d\u2019Artemise (500\u00a0g)"},"content":{"rendered":"<p>\u00c0 base d&rsquo;armoise et de gros sel de Gu\u00e9rande<\/p>\n<p>Poids net: 500 g<\/p>\n<p>Infusez une poign\u00e9e du m\u00e9lange dans une bassine d&rsquo;eau \u00e0 80 oC. Laissez descendre la temp\u00e9rature de l&rsquo;eau et lorsque celle-ci vous convient, baignez-y vos pieds.<\/p>","protected":false},"excerpt":{"rendered":"<p>Sur le principe de la r\u00e9flexologie plantaire, ce bain de pied aidera \u00e0 relancer la circulation \u00e9nerg\u00e9tique de tout votre corps<\/p>","protected":false},"featured_media":1631,"comment_status":"closed","ping_status":"closed","template":"","meta":{"_acf_changed":false},"product_brand":[],"product_cat":[48],"product_tag":[],"class_list":{"0":"post-1618","1":"product","2":"type-product","3":"status-publish","4":"has-post-thumbnail","6":"product_cat-energie","7":"product_shipping_class-france-colissimo","9":"first","10":"instock","11":"purchasable","12":"product-type-simple"},"acf":[],"featured_image_urls_v2":{"full":["https:\/\/timammdouar.fr\/wp-content\/uploads\/2023\/09\/Le-Bain-de-pied-d\u2019Artemise-scaled.jpg",2560,1699,false],"thumbnail":["https:\/\/timammdouar.fr\/wp-content\/uploads\/2023\/09\/Le-Bain-de-pied-d\u2019Artemise-150x150.jpg",150,150,true],"medium":["https:\/\/timammdouar.fr\/wp-content\/uploads\/2023\/09\/Le-Bain-de-pied-d\u2019Artemise-300x199.jpg",300,199,true],"medium_large":["https:\/\/timammdouar.fr\/wp-content\/uploads\/2023\/09\/Le-Bain-de-pied-d\u2019Artemise-768x510.jpg",768,510,true],"large":["https:\/\/timammdouar.fr\/wp-content\/uploads\/2023\/09\/Le-Bain-de-pied-d\u2019Artemise-1024x680.jpg",1024,680,true],"1536x1536":["https:\/\/timammdouar.fr\/wp-content\/uploads\/2023\/09\/Le-Bain-de-pied-d\u2019Artemise-1536x1019.jpg",1536,1019,true],"2048x2048":["https:\/\/timammdouar.fr\/wp-content\/uploads\/2023\/09\/Le-Bain-de-pied-d\u2019Artemise-2048x1359.jpg",2048,1359,true],"trp-custom-language-flag":["https:\/\/timammdouar.fr\/wp-content\/uploads\/2023\/09\/Le-Bain-de-pied-d\u2019Artemise-18x12.jpg",18,12,true],"extension-popular-post":["https:\/\/timammdouar.fr\/wp-content\/uploads\/2023\/09\/Le-Bain-de-pied-d\u2019Artemise-75x75.jpg",75,75,true],"woocommerce_thumbnail":["https:\/\/timammdouar.fr\/wp-content\/uploads\/2023\/09\/Le-Bain-de-pied-d\u2019Artemise-300x300.jpg",300,300,true],"woocommerce_single":["https:\/\/timammdouar.fr\/wp-content\/uploads\/2023\/09\/Le-Bain-de-pied-d\u2019Artemise-600x398.jpg",600,398,true],"woocommerce_gallery_thumbnail":["https:\/\/timammdouar.fr\/wp-content\/uploads\/2023\/09\/Le-Bain-de-pied-d\u2019Artemise-100x100.jpg",100,100,true]},"post_excerpt_stackable_v2":"<p>Sur le principe de la r\u00e9flexologie plantaire, ce bain de pied aidera \u00e0 relancer la circulation \u00e9nerg\u00e9tique de tout votre corps<\/p>\n","category_list_v2":"","author_info_v2":{"name":"","url":""},"comments_num_v2":"0 comments","yoast_head":"<!-- This site is optimized with the Yoast SEO plugin v27.4 - https:\/\/yoast.com\/product\/yoast-seo-wordpress\/ -->\n<title>Le Bain de pied d\u2019Artemise (500\u00a0g) - Ti mamm douar<\/title>\n<meta name=\"robots\" content=\"index, follow, max-snippet:-1, max-image-preview:large, max-video-preview:-1\" \/>\n<link rel=\"canonical\" href=\"https:\/\/timammdouar.fr\/en\/product\/le-bain-de-pied-dartemise-bain-de-plantes\/\" \/>\n<meta property=\"og:locale\" content=\"en_GB\" \/>\n<meta property=\"og:type\" content=\"article\" \/>\n<meta property=\"og:title\" content=\"Le Bain de pied d\u2019Artemise (500\u00a0g) - Ti mamm douar\" \/>\n<meta property=\"og:description\" content=\"Sur le principe de la r\u00e9flexologie plantaire, ce bain de pied aidera \u00e0 relancer la circulation \u00e9nerg\u00e9tique de tout votre corps\" \/>\n<meta property=\"og:url\" content=\"https:\/\/timammdouar.fr\/en\/product\/le-bain-de-pied-dartemise-bain-de-plantes\/\" \/>\n<meta property=\"og:site_name\" content=\"Ti mamm douar\" \/>\n<meta property=\"article:publisher\" content=\"https:\/\/www.facebook.com\/Timammdouar.fermeagroeco\/\" \/>\n<meta property=\"article:modified_time\" content=\"2025-12-22T12:48:45+00:00\" \/>\n<meta property=\"og:image\" content=\"https:\/\/timammdouar.fr\/wp-content\/uploads\/2023\/09\/Le-Bain-de-pied-d\u2019Artemise-scaled.jpg\" \/>\n\t<meta property=\"og:image:width\" content=\"2560\" \/>\n\t<meta property=\"og:image:height\" content=\"1699\" \/>\n\t<meta property=\"og:image:type\" content=\"image\/jpeg\" \/>\n<meta name=\"twitter:card\" content=\"summary_large_image\" \/>\n<meta name=\"twitter:label1\" content=\"Estimated reading time\" \/>\n\t<meta name=\"twitter:data1\" content=\"1 minute\" \/>\n<script type=\"application\/ld+json\" class=\"yoast-schema-graph\">{\"@context\":\"https:\\\/\\\/schema.org\",\"@graph\":[{\"@type\":\"WebPage\",\"@id\":\"https:\\\/\\\/timammdouar.fr\\\/produit\\\/le-bain-de-pied-dartemise-bain-de-plantes\\\/\",\"url\":\"https:\\\/\\\/timammdouar.fr\\\/produit\\\/le-bain-de-pied-dartemise-bain-de-plantes\\\/\",\"name\":\"Le Bain de pied d\u2019Artemise (500\u00a0g) - Ti mamm douar\",\"isPartOf\":{\"@id\":\"https:\\\/\\\/timammdouar.fr\\\/#website\"},\"primaryImageOfPage\":{\"@id\":\"https:\\\/\\\/timammdouar.fr\\\/produit\\\/le-bain-de-pied-dartemise-bain-de-plantes\\\/#primaryimage\"},\"image\":{\"@id\":\"https:\\\/\\\/timammdouar.fr\\\/produit\\\/le-bain-de-pied-dartemise-bain-de-plantes\\\/#primaryimage\"},\"thumbnailUrl\":\"https:\\\/\\\/timammdouar.fr\\\/wp-content\\\/uploads\\\/2023\\\/09\\\/Le-Bain-de-pied-d\u2019Artemise-scaled.jpg\",\"datePublished\":\"2023-10-28T23:38:00+00:00\",\"dateModified\":\"2025-12-22T12:48:45+00:00\",\"breadcrumb\":{\"@id\":\"https:\\\/\\\/timammdouar.fr\\\/produit\\\/le-bain-de-pied-dartemise-bain-de-plantes\\\/#breadcrumb\"},\"inLanguage\":\"en-GB\",\"potentialAction\":[{\"@type\":\"ReadAction\",\"target\":[\"https:\\\/\\\/timammdouar.fr\\\/produit\\\/le-bain-de-pied-dartemise-bain-de-plantes\\\/\"]}]},{\"@type\":\"ImageObject\",\"inLanguage\":\"en-GB\",\"@id\":\"https:\\\/\\\/timammdouar.fr\\\/produit\\\/le-bain-de-pied-dartemise-bain-de-plantes\\\/#primaryimage\",\"url\":\"https:\\\/\\\/timammdouar.fr\\\/wp-content\\\/uploads\\\/2023\\\/09\\\/Le-Bain-de-pied-d\u2019Artemise-scaled.jpg\",\"contentUrl\":\"https:\\\/\\\/timammdouar.fr\\\/wp-content\\\/uploads\\\/2023\\\/09\\\/Le-Bain-de-pied-d\u2019Artemise-scaled.jpg\",\"width\":2560,\"height\":1699},{\"@type\":\"BreadcrumbList\",\"@id\":\"https:\\\/\\\/timammdouar.fr\\\/produit\\\/le-bain-de-pied-dartemise-bain-de-plantes\\\/#breadcrumb\",\"itemListElement\":[{\"@type\":\"ListItem\",\"position\":1,\"name\":\"Accueil\",\"item\":\"https:\\\/\\\/timammdouar.fr\\\/\"},{\"@type\":\"ListItem\",\"position\":2,\"name\":\"Produits issus de plantes aromatiques et m\u00e9dicinales\",\"item\":\"https:\\\/\\\/timammdouar.fr\\\/nos-produits\\\/produits-issus-de-plantes-aromatiques-et-medicinales\\\/\"},{\"@type\":\"ListItem\",\"position\":3,\"name\":\"Le Bain de pied d\u2019Artemise (500\u00a0g)\"}]},{\"@type\":\"WebSite\",\"@id\":\"https:\\\/\\\/timammdouar.fr\\\/#website\",\"url\":\"https:\\\/\\\/timammdouar.fr\\\/\",\"name\":\"Ti mamm douar\",\"description\":\"Ferme agro-\u00e9cologique des montagnes noires\",\"publisher\":{\"@id\":\"https:\\\/\\\/timammdouar.fr\\\/#organization\"},\"potentialAction\":[{\"@type\":\"SearchAction\",\"target\":{\"@type\":\"EntryPoint\",\"urlTemplate\":\"https:\\\/\\\/timammdouar.fr\\\/?s={search_term_string}\"},\"query-input\":{\"@type\":\"PropertyValueSpecification\",\"valueRequired\":true,\"valueName\":\"search_term_string\"}}],\"inLanguage\":\"en-GB\"},{\"@type\":\"Organization\",\"@id\":\"https:\\\/\\\/timammdouar.fr\\\/#organization\",\"name\":\"Ti mamm douar\",\"url\":\"https:\\\/\\\/timammdouar.fr\\\/\",\"logo\":{\"@type\":\"ImageObject\",\"inLanguage\":\"en-GB\",\"@id\":\"https:\\\/\\\/timammdouar.fr\\\/#\\\/schema\\\/logo\\\/image\\\/\",\"url\":\"https:\\\/\\\/timammdouar.fr\\\/wp-content\\\/uploads\\\/2020\\\/03\\\/cropped-WEB-Logo-NB_TI-MAMM-DOUAR_2019-e1584807257800-1.png\",\"contentUrl\":\"https:\\\/\\\/timammdouar.fr\\\/wp-content\\\/uploads\\\/2020\\\/03\\\/cropped-WEB-Logo-NB_TI-MAMM-DOUAR_2019-e1584807257800-1.png\",\"width\":225,\"height\":224,\"caption\":\"Ti mamm douar\"},\"image\":{\"@id\":\"https:\\\/\\\/timammdouar.fr\\\/#\\\/schema\\\/logo\\\/image\\\/\"},\"sameAs\":[\"https:\\\/\\\/www.facebook.com\\\/Timammdouar.fermeagroeco\\\/\",\"https:\\\/\\\/www.instagram.com\\\/timammdouar\\\/\"]}]}<\/script>\n<!-- \/ Yoast SEO plugin. -->","yoast_head_json":{"title":"Le Bain de pied d\u2019Artemise (500\u00a0g) - Ti mamm douar","robots":{"index":"index","follow":"follow","max-snippet":"max-snippet:-1","max-image-preview":"max-image-preview:large","max-video-preview":"max-video-preview:-1"},"canonical":"https:\/\/timammdouar.fr\/en\/product\/le-bain-de-pied-dartemise-bain-de-plantes\/","og_locale":"en_GB","og_type":"article","og_title":"Le Bain de pied d\u2019Artemise (500\u00a0g) - Ti mamm douar","og_description":"Sur le principe de la r\u00e9flexologie plantaire, ce bain de pied aidera \u00e0 relancer la circulation \u00e9nerg\u00e9tique de tout votre corps","og_url":"https:\/\/timammdouar.fr\/en\/product\/le-bain-de-pied-dartemise-bain-de-plantes\/","og_site_name":"Ti mamm douar","article_publisher":"https:\/\/www.facebook.com\/Timammdouar.fermeagroeco\/","article_modified_time":"2025-12-22T12:48:45+00:00","og_image":[{"width":2560,"height":1699,"url":"https:\/\/timammdouar.fr\/wp-content\/uploads\/2023\/09\/Le-Bain-de-pied-d\u2019Artemise-scaled.jpg","type":"image\/jpeg"}],"twitter_card":"summary_large_image","twitter_misc":{"Estimated reading time":"1 minute"},"schema":{"@context":"https:\/\/schema.org","@graph":[{"@type":"WebPage","@id":"https:\/\/timammdouar.fr\/produit\/le-bain-de-pied-dartemise-bain-de-plantes\/","url":"https:\/\/timammdouar.fr\/produit\/le-bain-de-pied-dartemise-bain-de-plantes\/","name":"Le Bain de pied d\u2019Artemise (500\u00a0g) - Ti mamm douar","isPartOf":{"@id":"https:\/\/timammdouar.fr\/#website"},"primaryImageOfPage":{"@id":"https:\/\/timammdouar.fr\/produit\/le-bain-de-pied-dartemise-bain-de-plantes\/#primaryimage"},"image":{"@id":"https:\/\/timammdouar.fr\/produit\/le-bain-de-pied-dartemise-bain-de-plantes\/#primaryimage"},"thumbnailUrl":"https:\/\/timammdouar.fr\/wp-content\/uploads\/2023\/09\/Le-Bain-de-pied-d\u2019Artemise-scaled.jpg","datePublished":"2023-10-28T23:38:00+00:00","dateModified":"2025-12-22T12:48:45+00:00","breadcrumb":{"@id":"https:\/\/timammdouar.fr\/produit\/le-bain-de-pied-dartemise-bain-de-plantes\/#breadcrumb"},"inLanguage":"en-GB","potentialAction":[{"@type":"ReadAction","target":["https:\/\/timammdouar.fr\/produit\/le-bain-de-pied-dartemise-bain-de-plantes\/"]}]},{"@type":"ImageObject","inLanguage":"en-GB","@id":"https:\/\/timammdouar.fr\/produit\/le-bain-de-pied-dartemise-bain-de-plantes\/#primaryimage","url":"https:\/\/timammdouar.fr\/wp-content\/uploads\/2023\/09\/Le-Bain-de-pied-d\u2019Artemise-scaled.jpg","contentUrl":"https:\/\/timammdouar.fr\/wp-content\/uploads\/2023\/09\/Le-Bain-de-pied-d\u2019Artemise-scaled.jpg","width":2560,"height":1699},{"@type":"BreadcrumbList","@id":"https:\/\/timammdouar.fr\/produit\/le-bain-de-pied-dartemise-bain-de-plantes\/#breadcrumb","itemListElement":[{"@type":"ListItem","position":1,"name":"Accueil","item":"https:\/\/timammdouar.fr\/"},{"@type":"ListItem","position":2,"name":"Produits issus de plantes aromatiques et m\u00e9dicinales","item":"https:\/\/timammdouar.fr\/nos-produits\/produits-issus-de-plantes-aromatiques-et-medicinales\/"},{"@type":"ListItem","position":3,"name":"Le Bain de pied d\u2019Artemise (500\u00a0g)"}]},{"@type":"WebSite","@id":"https:\/\/timammdouar.fr\/#website","url":"https:\/\/timammdouar.fr\/","name":"Ti mamm douar","description":"Ferme agro-\u00e9cologique des montagnes noires","publisher":{"@id":"https:\/\/timammdouar.fr\/#organization"},"potentialAction":[{"@type":"SearchAction","target":{"@type":"EntryPoint","urlTemplate":"https:\/\/timammdouar.fr\/?s={search_term_string}"},"query-input":{"@type":"PropertyValueSpecification","valueRequired":true,"valueName":"search_term_string"}}],"inLanguage":"en-GB"},{"@type":"Organization","@id":"https:\/\/timammdouar.fr\/#organization","name":"Ti mamm douar","url":"https:\/\/timammdouar.fr\/","logo":{"@type":"ImageObject","inLanguage":"en-GB","@id":"https:\/\/timammdouar.fr\/#\/schema\/logo\/image\/","url":"https:\/\/timammdouar.fr\/wp-content\/uploads\/2020\/03\/cropped-WEB-Logo-NB_TI-MAMM-DOUAR_2019-e1584807257800-1.png","contentUrl":"https:\/\/timammdouar.fr\/wp-content\/uploads\/2020\/03\/cropped-WEB-Logo-NB_TI-MAMM-DOUAR_2019-e1584807257800-1.png","width":225,"height":224,"caption":"Ti mamm douar"},"image":{"@id":"https:\/\/timammdouar.fr\/#\/schema\/logo\/image\/"},"sameAs":["https:\/\/www.facebook.com\/Timammdouar.fermeagroeco\/","https:\/\/www.instagram.com\/timammdouar\/"]}]}},"_links":{"self":[{"href":"https:\/\/timammdouar.fr\/en\/wp-json\/wp\/v2\/product\/1618","targetHints":{"allow":["GET"]}}],"collection":[{"href":"https:\/\/timammdouar.fr\/en\/wp-json\/wp\/v2\/product"}],"about":[{"href":"https:\/\/timammdouar.fr\/en\/wp-json\/wp\/v2\/types\/product"}],"replies":[{"embeddable":true,"href":"https:\/\/timammdouar.fr\/en\/wp-json\/wp\/v2\/comments?post=1618"}],"wp:featuredmedia":[{"embeddable":true,"href":"https:\/\/timammdouar.fr\/en\/wp-json\/wp\/v2\/media\/1631"}],"wp:attachment":[{"href":"https:\/\/timammdouar.fr\/en\/wp-json\/wp\/v2\/media?parent=1618"}],"wp:term":[{"taxonomy":"product_brand","embeddable":true,"href":"https:\/\/timammdouar.fr\/en\/wp-json\/wp\/v2\/product_brand?post=1618"},{"taxonomy":"product_cat","embeddable":true,"href":"https:\/\/timammdouar.fr\/en\/wp-json\/wp\/v2\/product_cat?post=1618"},{"taxonomy":"product_tag","embeddable":true,"href":"https:\/\/timammdouar.fr\/en\/wp-json\/wp\/v2\/product_tag?post=1618"}],"curies":[{"name":"wp","href":"https:\/\/api.w.org\/{rel}","templated":true}]}}