{"id":1619,"date":"2023-11-07T11:30:25","date_gmt":"2023-11-07T10:30:25","guid":{"rendered":"https:\/\/timammdouar.fr\/?post_type=product&#038;p=1619"},"modified":"2025-12-22T13:47:52","modified_gmt":"2025-12-22T12:47:52","slug":"le-sublimant","status":"publish","type":"product","link":"https:\/\/timammdouar.fr\/en\/product\/le-sublimant\/","title":{"rendered":"Le Sublimant (10 g)"},"content":{"rendered":"<p>Des m\u00e9langes de plantes s\u00e8ches \u00e0 plonger dans un bol d\u2019eau tr\u00e8s chaude au-dessus duquel vous placez votre visage pour profiter des bienfaits des plantes et pr\u00e9parer ainsi votre peau \u00e0 l\u2019un de nos Masques hots ou \u00e0 un soin gommant avec notre savon Bique y nie.<\/p>","protected":false},"excerpt":{"rendered":"<p>Micro-hammam facial<\/p>\n<p>Id\u00e9al pour les teints charg\u00e9s, en cas d\u2019exc\u00e8s de s\u00e9bum ou les peaux qui bourgeonnent.<\/p>\n<p><em>G\u00e9ranium rosat, achill\u00e9e millefeuille, menthe poivr\u00e9e, lavande sauvage, pens\u00e9e sauvage<\/em><\/p>\n<p>10 g<\/p>","protected":false},"featured_media":1876,"comment_status":"closed","ping_status":"closed","template":"","meta":{"_acf_changed":false},"product_brand":[],"product_cat":[50],"product_tag":[],"class_list":{"0":"post-1619","1":"product","2":"type-product","3":"status-publish","4":"has-post-thumbnail","6":"product_cat-soins-visage-et-corps","7":"product_shipping_class-france-colissimo","9":"first","10":"instock","11":"purchasable","12":"product-type-simple"},"acf":[],"featured_image_urls_v2":{"full":["https:\/\/timammdouar.fr\/wp-content\/uploads\/2023\/11\/20240529_161147.jpg",1000,1333,false],"thumbnail":["https:\/\/timammdouar.fr\/wp-content\/uploads\/2023\/11\/20240529_161147-150x150.jpg",150,150,true],"medium":["https:\/\/timammdouar.fr\/wp-content\/uploads\/2023\/11\/20240529_161147-225x300.jpg",225,300,true],"medium_large":["https:\/\/timammdouar.fr\/wp-content\/uploads\/2023\/11\/20240529_161147-768x1024.jpg",768,1024,true],"large":["https:\/\/timammdouar.fr\/wp-content\/uploads\/2023\/11\/20240529_161147-768x1024.jpg",768,1024,true],"1536x1536":["https:\/\/timammdouar.fr\/wp-content\/uploads\/2023\/11\/20240529_161147.jpg",1000,1333,false],"2048x2048":["https:\/\/timammdouar.fr\/wp-content\/uploads\/2023\/11\/20240529_161147.jpg",1000,1333,false],"trp-custom-language-flag":["https:\/\/timammdouar.fr\/wp-content\/uploads\/2023\/11\/20240529_161147-9x12.jpg",9,12,true],"extension-popular-post":["https:\/\/timammdouar.fr\/wp-content\/uploads\/2023\/11\/20240529_161147-75x75.jpg",75,75,true],"woocommerce_thumbnail":["https:\/\/timammdouar.fr\/wp-content\/uploads\/2023\/11\/20240529_161147-300x300.jpg",300,300,true],"woocommerce_single":["https:\/\/timammdouar.fr\/wp-content\/uploads\/2023\/11\/20240529_161147-600x800.jpg",600,800,true],"woocommerce_gallery_thumbnail":["https:\/\/timammdouar.fr\/wp-content\/uploads\/2023\/11\/20240529_161147-100x100.jpg",100,100,true]},"post_excerpt_stackable_v2":"<p>Micro-hammam facial<\/p>\n<p>Id\u00e9al pour les teints charg\u00e9s, en cas d\u2019exc\u00e8s de s\u00e9bum ou les peaux qui bourgeonnent.<\/p>\n<p><em>G\u00e9ranium rosat, achill\u00e9e millefeuille, menthe poivr\u00e9e, lavande sauvage, pens\u00e9e sauvage<\/em><\/p>\n<p>10 g<\/p>\n","category_list_v2":"","author_info_v2":{"name":"","url":""},"comments_num_v2":"0 comments","yoast_head":"<!-- This site is optimized with the Yoast SEO plugin v27.4 - https:\/\/yoast.com\/product\/yoast-seo-wordpress\/ -->\n<title>Le Sublimant (10 g) - Ti mamm douar<\/title>\n<meta name=\"robots\" content=\"index, follow, max-snippet:-1, max-image-preview:large, max-video-preview:-1\" \/>\n<link rel=\"canonical\" href=\"https:\/\/timammdouar.fr\/en\/product\/le-sublimant\/\" \/>\n<meta property=\"og:locale\" content=\"en_GB\" \/>\n<meta property=\"og:type\" content=\"article\" \/>\n<meta property=\"og:title\" content=\"Le Sublimant (10 g) - Ti mamm douar\" \/>\n<meta property=\"og:description\" content=\"Micro-hammam facial  Id\u00e9al pour les teints charg\u00e9s, en cas d\u2019exc\u00e8s de s\u00e9bum ou les peaux qui bourgeonnent.  G\u00e9ranium rosat, achill\u00e9e millefeuille, menthe poivr\u00e9e, lavande sauvage, pens\u00e9e sauvage  10 g\" \/>\n<meta property=\"og:url\" content=\"https:\/\/timammdouar.fr\/en\/product\/le-sublimant\/\" \/>\n<meta property=\"og:site_name\" content=\"Ti mamm douar\" \/>\n<meta property=\"article:publisher\" content=\"https:\/\/www.facebook.com\/Timammdouar.fermeagroeco\/\" \/>\n<meta property=\"article:modified_time\" content=\"2025-12-22T12:47:52+00:00\" \/>\n<meta property=\"og:image\" content=\"https:\/\/timammdouar.fr\/wp-content\/uploads\/2023\/11\/20240529_161147.jpg\" \/>\n\t<meta property=\"og:image:width\" content=\"1000\" \/>\n\t<meta property=\"og:image:height\" content=\"1333\" \/>\n\t<meta property=\"og:image:type\" content=\"image\/jpeg\" \/>\n<meta name=\"twitter:card\" content=\"summary_large_image\" \/>\n<meta name=\"twitter:label1\" content=\"Estimated reading time\" \/>\n\t<meta name=\"twitter:data1\" content=\"1 minute\" \/>\n<script type=\"application\/ld+json\" class=\"yoast-schema-graph\">{\"@context\":\"https:\\\/\\\/schema.org\",\"@graph\":[{\"@type\":\"WebPage\",\"@id\":\"https:\\\/\\\/timammdouar.fr\\\/produit\\\/le-sublimant\\\/\",\"url\":\"https:\\\/\\\/timammdouar.fr\\\/produit\\\/le-sublimant\\\/\",\"name\":\"Le Sublimant (10 g) - Ti mamm douar\",\"isPartOf\":{\"@id\":\"https:\\\/\\\/timammdouar.fr\\\/#website\"},\"primaryImageOfPage\":{\"@id\":\"https:\\\/\\\/timammdouar.fr\\\/produit\\\/le-sublimant\\\/#primaryimage\"},\"image\":{\"@id\":\"https:\\\/\\\/timammdouar.fr\\\/produit\\\/le-sublimant\\\/#primaryimage\"},\"thumbnailUrl\":\"https:\\\/\\\/timammdouar.fr\\\/wp-content\\\/uploads\\\/2023\\\/11\\\/20240529_161147.jpg\",\"datePublished\":\"2023-11-07T10:30:25+00:00\",\"dateModified\":\"2025-12-22T12:47:52+00:00\",\"breadcrumb\":{\"@id\":\"https:\\\/\\\/timammdouar.fr\\\/produit\\\/le-sublimant\\\/#breadcrumb\"},\"inLanguage\":\"en-GB\",\"potentialAction\":[{\"@type\":\"ReadAction\",\"target\":[\"https:\\\/\\\/timammdouar.fr\\\/produit\\\/le-sublimant\\\/\"]}]},{\"@type\":\"ImageObject\",\"inLanguage\":\"en-GB\",\"@id\":\"https:\\\/\\\/timammdouar.fr\\\/produit\\\/le-sublimant\\\/#primaryimage\",\"url\":\"https:\\\/\\\/timammdouar.fr\\\/wp-content\\\/uploads\\\/2023\\\/11\\\/20240529_161147.jpg\",\"contentUrl\":\"https:\\\/\\\/timammdouar.fr\\\/wp-content\\\/uploads\\\/2023\\\/11\\\/20240529_161147.jpg\",\"width\":1000,\"height\":1333},{\"@type\":\"BreadcrumbList\",\"@id\":\"https:\\\/\\\/timammdouar.fr\\\/produit\\\/le-sublimant\\\/#breadcrumb\",\"itemListElement\":[{\"@type\":\"ListItem\",\"position\":1,\"name\":\"Accueil\",\"item\":\"https:\\\/\\\/timammdouar.fr\\\/\"},{\"@type\":\"ListItem\",\"position\":2,\"name\":\"Produits issus de plantes aromatiques et m\u00e9dicinales\",\"item\":\"https:\\\/\\\/timammdouar.fr\\\/nos-produits\\\/produits-issus-de-plantes-aromatiques-et-medicinales\\\/\"},{\"@type\":\"ListItem\",\"position\":3,\"name\":\"Le Sublimant (10 g)\"}]},{\"@type\":\"WebSite\",\"@id\":\"https:\\\/\\\/timammdouar.fr\\\/#website\",\"url\":\"https:\\\/\\\/timammdouar.fr\\\/\",\"name\":\"Ti mamm douar\",\"description\":\"Ferme agro-\u00e9cologique des montagnes noires\",\"publisher\":{\"@id\":\"https:\\\/\\\/timammdouar.fr\\\/#organization\"},\"potentialAction\":[{\"@type\":\"SearchAction\",\"target\":{\"@type\":\"EntryPoint\",\"urlTemplate\":\"https:\\\/\\\/timammdouar.fr\\\/?s={search_term_string}\"},\"query-input\":{\"@type\":\"PropertyValueSpecification\",\"valueRequired\":true,\"valueName\":\"search_term_string\"}}],\"inLanguage\":\"en-GB\"},{\"@type\":\"Organization\",\"@id\":\"https:\\\/\\\/timammdouar.fr\\\/#organization\",\"name\":\"Ti mamm douar\",\"url\":\"https:\\\/\\\/timammdouar.fr\\\/\",\"logo\":{\"@type\":\"ImageObject\",\"inLanguage\":\"en-GB\",\"@id\":\"https:\\\/\\\/timammdouar.fr\\\/#\\\/schema\\\/logo\\\/image\\\/\",\"url\":\"https:\\\/\\\/timammdouar.fr\\\/wp-content\\\/uploads\\\/2020\\\/03\\\/cropped-WEB-Logo-NB_TI-MAMM-DOUAR_2019-e1584807257800-1.png\",\"contentUrl\":\"https:\\\/\\\/timammdouar.fr\\\/wp-content\\\/uploads\\\/2020\\\/03\\\/cropped-WEB-Logo-NB_TI-MAMM-DOUAR_2019-e1584807257800-1.png\",\"width\":225,\"height\":224,\"caption\":\"Ti mamm douar\"},\"image\":{\"@id\":\"https:\\\/\\\/timammdouar.fr\\\/#\\\/schema\\\/logo\\\/image\\\/\"},\"sameAs\":[\"https:\\\/\\\/www.facebook.com\\\/Timammdouar.fermeagroeco\\\/\",\"https:\\\/\\\/www.instagram.com\\\/timammdouar\\\/\"]}]}<\/script>\n<!-- \/ Yoast SEO plugin. -->","yoast_head_json":{"title":"Le Sublimant (10 g) - Ti mamm douar","robots":{"index":"index","follow":"follow","max-snippet":"max-snippet:-1","max-image-preview":"max-image-preview:large","max-video-preview":"max-video-preview:-1"},"canonical":"https:\/\/timammdouar.fr\/en\/product\/le-sublimant\/","og_locale":"en_GB","og_type":"article","og_title":"Le Sublimant (10 g) - Ti mamm douar","og_description":"Micro-hammam facial  Id\u00e9al pour les teints charg\u00e9s, en cas d\u2019exc\u00e8s de s\u00e9bum ou les peaux qui bourgeonnent.  G\u00e9ranium rosat, achill\u00e9e millefeuille, menthe poivr\u00e9e, lavande sauvage, pens\u00e9e sauvage  10 g","og_url":"https:\/\/timammdouar.fr\/en\/product\/le-sublimant\/","og_site_name":"Ti mamm douar","article_publisher":"https:\/\/www.facebook.com\/Timammdouar.fermeagroeco\/","article_modified_time":"2025-12-22T12:47:52+00:00","og_image":[{"width":1000,"height":1333,"url":"https:\/\/timammdouar.fr\/wp-content\/uploads\/2023\/11\/20240529_161147.jpg","type":"image\/jpeg"}],"twitter_card":"summary_large_image","twitter_misc":{"Estimated reading time":"1 minute"},"schema":{"@context":"https:\/\/schema.org","@graph":[{"@type":"WebPage","@id":"https:\/\/timammdouar.fr\/produit\/le-sublimant\/","url":"https:\/\/timammdouar.fr\/produit\/le-sublimant\/","name":"Le Sublimant (10 g) - Ti mamm douar","isPartOf":{"@id":"https:\/\/timammdouar.fr\/#website"},"primaryImageOfPage":{"@id":"https:\/\/timammdouar.fr\/produit\/le-sublimant\/#primaryimage"},"image":{"@id":"https:\/\/timammdouar.fr\/produit\/le-sublimant\/#primaryimage"},"thumbnailUrl":"https:\/\/timammdouar.fr\/wp-content\/uploads\/2023\/11\/20240529_161147.jpg","datePublished":"2023-11-07T10:30:25+00:00","dateModified":"2025-12-22T12:47:52+00:00","breadcrumb":{"@id":"https:\/\/timammdouar.fr\/produit\/le-sublimant\/#breadcrumb"},"inLanguage":"en-GB","potentialAction":[{"@type":"ReadAction","target":["https:\/\/timammdouar.fr\/produit\/le-sublimant\/"]}]},{"@type":"ImageObject","inLanguage":"en-GB","@id":"https:\/\/timammdouar.fr\/produit\/le-sublimant\/#primaryimage","url":"https:\/\/timammdouar.fr\/wp-content\/uploads\/2023\/11\/20240529_161147.jpg","contentUrl":"https:\/\/timammdouar.fr\/wp-content\/uploads\/2023\/11\/20240529_161147.jpg","width":1000,"height":1333},{"@type":"BreadcrumbList","@id":"https:\/\/timammdouar.fr\/produit\/le-sublimant\/#breadcrumb","itemListElement":[{"@type":"ListItem","position":1,"name":"Accueil","item":"https:\/\/timammdouar.fr\/"},{"@type":"ListItem","position":2,"name":"Produits issus de plantes aromatiques et m\u00e9dicinales","item":"https:\/\/timammdouar.fr\/nos-produits\/produits-issus-de-plantes-aromatiques-et-medicinales\/"},{"@type":"ListItem","position":3,"name":"Le Sublimant (10 g)"}]},{"@type":"WebSite","@id":"https:\/\/timammdouar.fr\/#website","url":"https:\/\/timammdouar.fr\/","name":"Ti mamm douar","description":"Ferme agro-\u00e9cologique des montagnes noires","publisher":{"@id":"https:\/\/timammdouar.fr\/#organization"},"potentialAction":[{"@type":"SearchAction","target":{"@type":"EntryPoint","urlTemplate":"https:\/\/timammdouar.fr\/?s={search_term_string}"},"query-input":{"@type":"PropertyValueSpecification","valueRequired":true,"valueName":"search_term_string"}}],"inLanguage":"en-GB"},{"@type":"Organization","@id":"https:\/\/timammdouar.fr\/#organization","name":"Ti mamm douar","url":"https:\/\/timammdouar.fr\/","logo":{"@type":"ImageObject","inLanguage":"en-GB","@id":"https:\/\/timammdouar.fr\/#\/schema\/logo\/image\/","url":"https:\/\/timammdouar.fr\/wp-content\/uploads\/2020\/03\/cropped-WEB-Logo-NB_TI-MAMM-DOUAR_2019-e1584807257800-1.png","contentUrl":"https:\/\/timammdouar.fr\/wp-content\/uploads\/2020\/03\/cropped-WEB-Logo-NB_TI-MAMM-DOUAR_2019-e1584807257800-1.png","width":225,"height":224,"caption":"Ti mamm douar"},"image":{"@id":"https:\/\/timammdouar.fr\/#\/schema\/logo\/image\/"},"sameAs":["https:\/\/www.facebook.com\/Timammdouar.fermeagroeco\/","https:\/\/www.instagram.com\/timammdouar\/"]}]}},"_links":{"self":[{"href":"https:\/\/timammdouar.fr\/en\/wp-json\/wp\/v2\/product\/1619","targetHints":{"allow":["GET"]}}],"collection":[{"href":"https:\/\/timammdouar.fr\/en\/wp-json\/wp\/v2\/product"}],"about":[{"href":"https:\/\/timammdouar.fr\/en\/wp-json\/wp\/v2\/types\/product"}],"replies":[{"embeddable":true,"href":"https:\/\/timammdouar.fr\/en\/wp-json\/wp\/v2\/comments?post=1619"}],"wp:featuredmedia":[{"embeddable":true,"href":"https:\/\/timammdouar.fr\/en\/wp-json\/wp\/v2\/media\/1876"}],"wp:attachment":[{"href":"https:\/\/timammdouar.fr\/en\/wp-json\/wp\/v2\/media?parent=1619"}],"wp:term":[{"taxonomy":"product_brand","embeddable":true,"href":"https:\/\/timammdouar.fr\/en\/wp-json\/wp\/v2\/product_brand?post=1619"},{"taxonomy":"product_cat","embeddable":true,"href":"https:\/\/timammdouar.fr\/en\/wp-json\/wp\/v2\/product_cat?post=1619"},{"taxonomy":"product_tag","embeddable":true,"href":"https:\/\/timammdouar.fr\/en\/wp-json\/wp\/v2\/product_tag?post=1619"}],"curies":[{"name":"wp","href":"https:\/\/api.w.org\/{rel}","templated":true}]}}