{"id":1773,"date":"2024-02-10T18:10:02","date_gmt":"2024-02-10T17:10:02","guid":{"rendered":"https:\/\/timammdouar.fr\/?post_type=product&#038;p=1773"},"modified":"2025-01-07T11:39:01","modified_gmt":"2025-01-07T10:39:01","slug":"la-bougie-de-massage","status":"publish","type":"product","link":"https:\/\/timammdouar.fr\/en\/product\/la-bougie-de-massage\/","title":{"rendered":"La Petite Bougie de massage"},"content":{"rendered":"<p>Quand une paysanne herboriste rencontre une c\u00e9ramiste<\/p>","protected":false},"excerpt":{"rendered":"<p>Allumez la m\u00e8che, laissez bruler la bougie une dizaine de minutes environ, afin de lui laisser le temps d&rsquo;exhaler ses notes d&rsquo;agrumes fleuries dans la pi\u00e8ces et d&rsquo;instaurer une ambiance douce et voluptueuse. Lorsqu&rsquo;elle devient en partie liquide, versez quelques gouttes sur le dos de la main (afin de tester la chaleur) avant de les verser ensuite sur la partie du corps \u00e0 masser.<\/p>\n<p>Elle peut \u00eatre aussi simplement utilis\u00e9e comme une bougie d&rsquo;ambiance.<\/p>\n<p>Elle est compos\u00e9e d&rsquo;huile de mac\u00e9ration solaire de tulsi, m\u00e9lisse et nigelle de Damas produites par mes soins et de cire d&rsquo;abeilles butinant les fleurs de notre jardin (pas de cire de soja ni d&rsquo;huile \u00e9trang\u00e8re et encore moins exotique!), et d&rsquo;huiles essentielles de lavandin et d&rsquo;orange douce.<\/p>\n<p>Elle est coul\u00e9e dans une tasse de Marion Caux Fouchault, poti\u00e8re \u00e0 Laz. Et oui, en plus des sublimes massages qu&rsquo;elle promet, elle deviendra, une fois vide, une merveilleuse tasse pour d\u00e9guster vos tisanes pr\u00e9f\u00e9r\u00e9es.<\/p>\n<p>Poids net: 70 gr.<\/p>","protected":false},"featured_media":1774,"comment_status":"closed","ping_status":"closed","template":"","meta":{"_acf_changed":false},"product_brand":[],"product_cat":[44],"product_tag":[],"class_list":{"0":"post-1773","1":"product","2":"type-product","3":"status-publish","4":"has-post-thumbnail","6":"product_cat-massages","7":"product_shipping_class-france-colissimo","9":"first","10":"outofstock","11":"taxable","12":"shipping-taxable","13":"purchasable","14":"product-type-simple"},"acf":[],"featured_image_urls_v2":{"full":["https:\/\/timammdouar.fr\/wp-content\/uploads\/2024\/02\/bougie2.jpg",1000,1000,false],"thumbnail":["https:\/\/timammdouar.fr\/wp-content\/uploads\/2024\/02\/bougie2-150x150.jpg",150,150,true],"medium":["https:\/\/timammdouar.fr\/wp-content\/uploads\/2024\/02\/bougie2-300x300.jpg",300,300,true],"medium_large":["https:\/\/timammdouar.fr\/wp-content\/uploads\/2024\/02\/bougie2-768x768.jpg",768,768,true],"large":["https:\/\/timammdouar.fr\/wp-content\/uploads\/2024\/02\/bougie2.jpg",1000,1000,false],"1536x1536":["https:\/\/timammdouar.fr\/wp-content\/uploads\/2024\/02\/bougie2.jpg",1000,1000,false],"2048x2048":["https:\/\/timammdouar.fr\/wp-content\/uploads\/2024\/02\/bougie2.jpg",1000,1000,false],"trp-custom-language-flag":["https:\/\/timammdouar.fr\/wp-content\/uploads\/2024\/02\/bougie2-12x12.jpg",12,12,true],"extension-popular-post":["https:\/\/timammdouar.fr\/wp-content\/uploads\/2024\/02\/bougie2-75x75.jpg",75,75,true],"woocommerce_thumbnail":["https:\/\/timammdouar.fr\/wp-content\/uploads\/2024\/02\/bougie2-300x300.jpg",300,300,true],"woocommerce_single":["https:\/\/timammdouar.fr\/wp-content\/uploads\/2024\/02\/bougie2-600x600.jpg",600,600,true],"woocommerce_gallery_thumbnail":["https:\/\/timammdouar.fr\/wp-content\/uploads\/2024\/02\/bougie2-100x100.jpg",100,100,true]},"post_excerpt_stackable_v2":"<p>Allumez la m\u00e8che, laissez bruler la bougie une dizaine de minutes environ, afin de lui laisser le temps d&rsquo;exhaler ses notes d&rsquo;agrumes fleuries dans la pi\u00e8ces et d&rsquo;instaurer une ambiance douce et voluptueuse. Lorsqu&rsquo;elle devient en partie liquide, versez quelques gouttes sur le dos de la main (afin de tester la chaleur) avant de les verser ensuite sur la partie du corps \u00e0 masser.<\/p>\n<p>Elle peut \u00eatre aussi simplement utilis\u00e9e comme une bougie d&rsquo;ambiance.<\/p>\n<p>Elle est compos\u00e9e d&rsquo;huile de mac\u00e9ration solaire de tulsi, m\u00e9lisse et nigelle de Damas produites par mes soins et de cire d&rsquo;abeilles butinant les fleurs de notre jardin (pas de cire de soja ni d&rsquo;huile \u00e9trang\u00e8re et encore moins exotique!), et d&rsquo;huiles essentielles de lavandin et d&rsquo;orange douce.<\/p>\n<p>Elle est coul\u00e9e dans une tasse de Marion Caux Fouchault, poti\u00e8re \u00e0 Laz. Et oui, en plus des sublimes massages qu&rsquo;elle promet, elle deviendra, une fois vide, une merveilleuse tasse pour d\u00e9guster vos tisanes pr\u00e9f\u00e9r\u00e9es.<\/p>\n<p>Poids net: 70 gr.<\/p>\n","category_list_v2":"","author_info_v2":{"name":"","url":""},"comments_num_v2":"0 comments","yoast_head":"<!-- This site is optimized with the Yoast SEO plugin v27.4 - https:\/\/yoast.com\/product\/yoast-seo-wordpress\/ -->\n<title>La Petite Bougie de massage - Ti mamm douar<\/title>\n<meta name=\"robots\" content=\"index, follow, max-snippet:-1, max-image-preview:large, max-video-preview:-1\" \/>\n<link rel=\"canonical\" href=\"https:\/\/timammdouar.fr\/en\/product\/la-bougie-de-massage\/\" \/>\n<meta property=\"og:locale\" content=\"en_GB\" \/>\n<meta property=\"og:type\" content=\"article\" \/>\n<meta property=\"og:title\" content=\"La Petite Bougie de massage - Ti mamm douar\" \/>\n<meta property=\"og:description\" content=\"Allumez la m\u00e8che, laissez bruler la bougie une dizaine de minutes environ, afin de lui laisser le temps d&#039;exhaler ses notes d&#039;agrumes fleuries dans la pi\u00e8ces et d&#039;instaurer une ambiance douce et voluptueuse. Lorsqu&#039;elle devient en partie liquide, versez quelques gouttes sur le dos de la main (afin de tester la chaleur) avant de les verser ensuite sur la partie du corps \u00e0 masser.  Elle peut \u00eatre aussi simplement utilis\u00e9e comme une bougie d&#039;ambiance.  Elle est compos\u00e9e d&#039;huile de mac\u00e9ration solaire de tulsi, m\u00e9lisse et nigelle de Damas produites par mes soins et de cire d&#039;abeilles butinant les fleurs de notre jardin (pas de cire de soja ni d&#039;huile \u00e9trang\u00e8re et encore moins exotique!), et d&#039;huiles essentielles de lavandin et d&#039;orange douce.  Elle est coul\u00e9e dans une tasse de Marion Caux Fouchault, poti\u00e8re \u00e0 Laz. Et oui, en plus des sublimes massages qu&#039;elle promet, elle deviendra, une fois vide, une merveilleuse tasse pour d\u00e9guster vos tisanes pr\u00e9f\u00e9r\u00e9es.  Poids net: 70 gr.\" \/>\n<meta property=\"og:url\" content=\"https:\/\/timammdouar.fr\/en\/product\/la-bougie-de-massage\/\" \/>\n<meta property=\"og:site_name\" content=\"Ti mamm douar\" \/>\n<meta property=\"article:publisher\" content=\"https:\/\/www.facebook.com\/Timammdouar.fermeagroeco\/\" \/>\n<meta property=\"article:modified_time\" content=\"2025-01-07T10:39:01+00:00\" \/>\n<meta property=\"og:image\" content=\"https:\/\/timammdouar.fr\/wp-content\/uploads\/2024\/02\/bougie2.jpg\" \/>\n\t<meta property=\"og:image:width\" content=\"1000\" \/>\n\t<meta property=\"og:image:height\" content=\"1000\" \/>\n\t<meta property=\"og:image:type\" content=\"image\/jpeg\" \/>\n<meta name=\"twitter:card\" content=\"summary_large_image\" \/>\n<meta name=\"twitter:label1\" content=\"Estimated reading time\" \/>\n\t<meta name=\"twitter:data1\" content=\"1 minute\" \/>\n<script type=\"application\/ld+json\" class=\"yoast-schema-graph\">{\"@context\":\"https:\\\/\\\/schema.org\",\"@graph\":[{\"@type\":\"WebPage\",\"@id\":\"https:\\\/\\\/timammdouar.fr\\\/produit\\\/la-bougie-de-massage\\\/\",\"url\":\"https:\\\/\\\/timammdouar.fr\\\/produit\\\/la-bougie-de-massage\\\/\",\"name\":\"La Petite Bougie de massage - Ti mamm douar\",\"isPartOf\":{\"@id\":\"https:\\\/\\\/timammdouar.fr\\\/#website\"},\"primaryImageOfPage\":{\"@id\":\"https:\\\/\\\/timammdouar.fr\\\/produit\\\/la-bougie-de-massage\\\/#primaryimage\"},\"image\":{\"@id\":\"https:\\\/\\\/timammdouar.fr\\\/produit\\\/la-bougie-de-massage\\\/#primaryimage\"},\"thumbnailUrl\":\"https:\\\/\\\/timammdouar.fr\\\/wp-content\\\/uploads\\\/2024\\\/02\\\/bougie2.jpg\",\"datePublished\":\"2024-02-10T17:10:02+00:00\",\"dateModified\":\"2025-01-07T10:39:01+00:00\",\"breadcrumb\":{\"@id\":\"https:\\\/\\\/timammdouar.fr\\\/produit\\\/la-bougie-de-massage\\\/#breadcrumb\"},\"inLanguage\":\"en-GB\",\"potentialAction\":[{\"@type\":\"ReadAction\",\"target\":[\"https:\\\/\\\/timammdouar.fr\\\/produit\\\/la-bougie-de-massage\\\/\"]}]},{\"@type\":\"ImageObject\",\"inLanguage\":\"en-GB\",\"@id\":\"https:\\\/\\\/timammdouar.fr\\\/produit\\\/la-bougie-de-massage\\\/#primaryimage\",\"url\":\"https:\\\/\\\/timammdouar.fr\\\/wp-content\\\/uploads\\\/2024\\\/02\\\/bougie2.jpg\",\"contentUrl\":\"https:\\\/\\\/timammdouar.fr\\\/wp-content\\\/uploads\\\/2024\\\/02\\\/bougie2.jpg\",\"width\":1000,\"height\":1000},{\"@type\":\"BreadcrumbList\",\"@id\":\"https:\\\/\\\/timammdouar.fr\\\/produit\\\/la-bougie-de-massage\\\/#breadcrumb\",\"itemListElement\":[{\"@type\":\"ListItem\",\"position\":1,\"name\":\"Accueil\",\"item\":\"https:\\\/\\\/timammdouar.fr\\\/\"},{\"@type\":\"ListItem\",\"position\":2,\"name\":\"Produits issus de plantes aromatiques et m\u00e9dicinales\",\"item\":\"https:\\\/\\\/timammdouar.fr\\\/nos-produits\\\/produits-issus-de-plantes-aromatiques-et-medicinales\\\/\"},{\"@type\":\"ListItem\",\"position\":3,\"name\":\"La Petite Bougie de massage\"}]},{\"@type\":\"WebSite\",\"@id\":\"https:\\\/\\\/timammdouar.fr\\\/#website\",\"url\":\"https:\\\/\\\/timammdouar.fr\\\/\",\"name\":\"Ti mamm douar\",\"description\":\"Ferme agro-\u00e9cologique des montagnes noires\",\"publisher\":{\"@id\":\"https:\\\/\\\/timammdouar.fr\\\/#organization\"},\"potentialAction\":[{\"@type\":\"SearchAction\",\"target\":{\"@type\":\"EntryPoint\",\"urlTemplate\":\"https:\\\/\\\/timammdouar.fr\\\/?s={search_term_string}\"},\"query-input\":{\"@type\":\"PropertyValueSpecification\",\"valueRequired\":true,\"valueName\":\"search_term_string\"}}],\"inLanguage\":\"en-GB\"},{\"@type\":\"Organization\",\"@id\":\"https:\\\/\\\/timammdouar.fr\\\/#organization\",\"name\":\"Ti mamm douar\",\"url\":\"https:\\\/\\\/timammdouar.fr\\\/\",\"logo\":{\"@type\":\"ImageObject\",\"inLanguage\":\"en-GB\",\"@id\":\"https:\\\/\\\/timammdouar.fr\\\/#\\\/schema\\\/logo\\\/image\\\/\",\"url\":\"https:\\\/\\\/timammdouar.fr\\\/wp-content\\\/uploads\\\/2020\\\/03\\\/cropped-WEB-Logo-NB_TI-MAMM-DOUAR_2019-e1584807257800-1.png\",\"contentUrl\":\"https:\\\/\\\/timammdouar.fr\\\/wp-content\\\/uploads\\\/2020\\\/03\\\/cropped-WEB-Logo-NB_TI-MAMM-DOUAR_2019-e1584807257800-1.png\",\"width\":225,\"height\":224,\"caption\":\"Ti mamm douar\"},\"image\":{\"@id\":\"https:\\\/\\\/timammdouar.fr\\\/#\\\/schema\\\/logo\\\/image\\\/\"},\"sameAs\":[\"https:\\\/\\\/www.facebook.com\\\/Timammdouar.fermeagroeco\\\/\",\"https:\\\/\\\/www.instagram.com\\\/timammdouar\\\/\"]}]}<\/script>\n<!-- \/ Yoast SEO plugin. -->","yoast_head_json":{"title":"La Petite Bougie de massage - Ti mamm douar","robots":{"index":"index","follow":"follow","max-snippet":"max-snippet:-1","max-image-preview":"max-image-preview:large","max-video-preview":"max-video-preview:-1"},"canonical":"https:\/\/timammdouar.fr\/en\/product\/la-bougie-de-massage\/","og_locale":"en_GB","og_type":"article","og_title":"La Petite Bougie de massage - Ti mamm douar","og_description":"Allumez la m\u00e8che, laissez bruler la bougie une dizaine de minutes environ, afin de lui laisser le temps d'exhaler ses notes d'agrumes fleuries dans la pi\u00e8ces et d'instaurer une ambiance douce et voluptueuse. Lorsqu'elle devient en partie liquide, versez quelques gouttes sur le dos de la main (afin de tester la chaleur) avant de les verser ensuite sur la partie du corps \u00e0 masser.  Elle peut \u00eatre aussi simplement utilis\u00e9e comme une bougie d'ambiance.  Elle est compos\u00e9e d'huile de mac\u00e9ration solaire de tulsi, m\u00e9lisse et nigelle de Damas produites par mes soins et de cire d'abeilles butinant les fleurs de notre jardin (pas de cire de soja ni d'huile \u00e9trang\u00e8re et encore moins exotique!), et d'huiles essentielles de lavandin et d'orange douce.  Elle est coul\u00e9e dans une tasse de Marion Caux Fouchault, poti\u00e8re \u00e0 Laz. Et oui, en plus des sublimes massages qu'elle promet, elle deviendra, une fois vide, une merveilleuse tasse pour d\u00e9guster vos tisanes pr\u00e9f\u00e9r\u00e9es.  Poids net: 70 gr.","og_url":"https:\/\/timammdouar.fr\/en\/product\/la-bougie-de-massage\/","og_site_name":"Ti mamm douar","article_publisher":"https:\/\/www.facebook.com\/Timammdouar.fermeagroeco\/","article_modified_time":"2025-01-07T10:39:01+00:00","og_image":[{"width":1000,"height":1000,"url":"https:\/\/timammdouar.fr\/wp-content\/uploads\/2024\/02\/bougie2.jpg","type":"image\/jpeg"}],"twitter_card":"summary_large_image","twitter_misc":{"Estimated reading time":"1 minute"},"schema":{"@context":"https:\/\/schema.org","@graph":[{"@type":"WebPage","@id":"https:\/\/timammdouar.fr\/produit\/la-bougie-de-massage\/","url":"https:\/\/timammdouar.fr\/produit\/la-bougie-de-massage\/","name":"La Petite Bougie de massage - Ti mamm douar","isPartOf":{"@id":"https:\/\/timammdouar.fr\/#website"},"primaryImageOfPage":{"@id":"https:\/\/timammdouar.fr\/produit\/la-bougie-de-massage\/#primaryimage"},"image":{"@id":"https:\/\/timammdouar.fr\/produit\/la-bougie-de-massage\/#primaryimage"},"thumbnailUrl":"https:\/\/timammdouar.fr\/wp-content\/uploads\/2024\/02\/bougie2.jpg","datePublished":"2024-02-10T17:10:02+00:00","dateModified":"2025-01-07T10:39:01+00:00","breadcrumb":{"@id":"https:\/\/timammdouar.fr\/produit\/la-bougie-de-massage\/#breadcrumb"},"inLanguage":"en-GB","potentialAction":[{"@type":"ReadAction","target":["https:\/\/timammdouar.fr\/produit\/la-bougie-de-massage\/"]}]},{"@type":"ImageObject","inLanguage":"en-GB","@id":"https:\/\/timammdouar.fr\/produit\/la-bougie-de-massage\/#primaryimage","url":"https:\/\/timammdouar.fr\/wp-content\/uploads\/2024\/02\/bougie2.jpg","contentUrl":"https:\/\/timammdouar.fr\/wp-content\/uploads\/2024\/02\/bougie2.jpg","width":1000,"height":1000},{"@type":"BreadcrumbList","@id":"https:\/\/timammdouar.fr\/produit\/la-bougie-de-massage\/#breadcrumb","itemListElement":[{"@type":"ListItem","position":1,"name":"Accueil","item":"https:\/\/timammdouar.fr\/"},{"@type":"ListItem","position":2,"name":"Produits issus de plantes aromatiques et m\u00e9dicinales","item":"https:\/\/timammdouar.fr\/nos-produits\/produits-issus-de-plantes-aromatiques-et-medicinales\/"},{"@type":"ListItem","position":3,"name":"La Petite Bougie de massage"}]},{"@type":"WebSite","@id":"https:\/\/timammdouar.fr\/#website","url":"https:\/\/timammdouar.fr\/","name":"Ti mamm douar","description":"Ferme agro-\u00e9cologique des montagnes noires","publisher":{"@id":"https:\/\/timammdouar.fr\/#organization"},"potentialAction":[{"@type":"SearchAction","target":{"@type":"EntryPoint","urlTemplate":"https:\/\/timammdouar.fr\/?s={search_term_string}"},"query-input":{"@type":"PropertyValueSpecification","valueRequired":true,"valueName":"search_term_string"}}],"inLanguage":"en-GB"},{"@type":"Organization","@id":"https:\/\/timammdouar.fr\/#organization","name":"Ti mamm douar","url":"https:\/\/timammdouar.fr\/","logo":{"@type":"ImageObject","inLanguage":"en-GB","@id":"https:\/\/timammdouar.fr\/#\/schema\/logo\/image\/","url":"https:\/\/timammdouar.fr\/wp-content\/uploads\/2020\/03\/cropped-WEB-Logo-NB_TI-MAMM-DOUAR_2019-e1584807257800-1.png","contentUrl":"https:\/\/timammdouar.fr\/wp-content\/uploads\/2020\/03\/cropped-WEB-Logo-NB_TI-MAMM-DOUAR_2019-e1584807257800-1.png","width":225,"height":224,"caption":"Ti mamm douar"},"image":{"@id":"https:\/\/timammdouar.fr\/#\/schema\/logo\/image\/"},"sameAs":["https:\/\/www.facebook.com\/Timammdouar.fermeagroeco\/","https:\/\/www.instagram.com\/timammdouar\/"]}]}},"_links":{"self":[{"href":"https:\/\/timammdouar.fr\/en\/wp-json\/wp\/v2\/product\/1773","targetHints":{"allow":["GET"]}}],"collection":[{"href":"https:\/\/timammdouar.fr\/en\/wp-json\/wp\/v2\/product"}],"about":[{"href":"https:\/\/timammdouar.fr\/en\/wp-json\/wp\/v2\/types\/product"}],"replies":[{"embeddable":true,"href":"https:\/\/timammdouar.fr\/en\/wp-json\/wp\/v2\/comments?post=1773"}],"wp:featuredmedia":[{"embeddable":true,"href":"https:\/\/timammdouar.fr\/en\/wp-json\/wp\/v2\/media\/1774"}],"wp:attachment":[{"href":"https:\/\/timammdouar.fr\/en\/wp-json\/wp\/v2\/media?parent=1773"}],"wp:term":[{"taxonomy":"product_brand","embeddable":true,"href":"https:\/\/timammdouar.fr\/en\/wp-json\/wp\/v2\/product_brand?post=1773"},{"taxonomy":"product_cat","embeddable":true,"href":"https:\/\/timammdouar.fr\/en\/wp-json\/wp\/v2\/product_cat?post=1773"},{"taxonomy":"product_tag","embeddable":true,"href":"https:\/\/timammdouar.fr\/en\/wp-json\/wp\/v2\/product_tag?post=1773"}],"curies":[{"name":"wp","href":"https:\/\/api.w.org\/{rel}","templated":true}]}}