{"id":1777,"date":"2024-02-10T18:33:55","date_gmt":"2024-02-10T17:33:55","guid":{"rendered":"https:\/\/timammdouar.fr\/?post_type=product&#038;p=1777"},"modified":"2024-11-25T10:40:42","modified_gmt":"2024-11-25T09:40:42","slug":"la-grande-bougie-de-massage-blanche-et-bleue","status":"publish","type":"product","link":"https:\/\/timammdouar.fr\/en\/product\/la-grande-bougie-de-massage-blanche-et-bleue\/","title":{"rendered":"La Grande Bougie de massage blanche et bleue"},"content":{"rendered":"<p>Quand une paysanne herboriste rencontre une c\u00e9ramiste<\/p>","protected":false},"excerpt":{"rendered":"<p>Allumez la m\u00e8che, laissez bruler la bougie une dizaine de minutes environ, afin de lui laisser le temps d&rsquo;exhaler ses notes d&rsquo;agrumes fleuries dans la pi\u00e8ces et d&rsquo;instaurer une ambiance douce et voluptueuse. Lorsqu&rsquo;elle devient en partie liquide, versez quelques gouttes sur le dos de la main (afin de tester la chaleur) avant de les verser ensuite sur la partie du corps \u00e0 masser.<\/p>\n<p>Elle peut \u00eatre aussi simplement utilis\u00e9e comme une bougie d&rsquo;ambiance.<\/p>\n<p>Elle est compos\u00e9e d&rsquo;huile de mac\u00e9ration solaire de tulsi, m\u00e9lisse et nigelle de Damas produites par mes soins et de cire d&rsquo;abeilles butinant les fleurs de notre jardin (pas de cire de soja ni d&rsquo;huile \u00e9trang\u00e8re et encore moins exotique!), et d&rsquo;huiles essentielles de lavandin et d&rsquo;orange douce.<\/p>\n<p>Elle est coul\u00e9e dans une tasse de Julie, c\u00e9ramiste de l&rsquo;atelier Petrichor \u00e0 Chateauneuf du Faou. Et oui, en plus des sublimes massages qu&rsquo;elle promet, elle deviendra, une fois vide, une merveilleuse tasse pour d\u00e9guster vos tisanes pr\u00e9f\u00e9r\u00e9es.<\/p>\n<p>Poids net: 120 gr.<\/p>","protected":false},"featured_media":1786,"comment_status":"closed","ping_status":"closed","template":"","meta":{"_acf_changed":false},"product_cat":[44],"product_tag":[],"acf":[],"featured_image_urls_v2":{"full":["https:\/\/timammdouar.fr\/wp-content\/uploads\/2024\/02\/IMG_7281.jpg",1000,1333,false],"thumbnail":["https:\/\/timammdouar.fr\/wp-content\/uploads\/2024\/02\/IMG_7281-150x150.jpg",150,150,true],"medium":["https:\/\/timammdouar.fr\/wp-content\/uploads\/2024\/02\/IMG_7281-225x300.jpg",225,300,true],"medium_large":["https:\/\/timammdouar.fr\/wp-content\/uploads\/2024\/02\/IMG_7281-768x1024.jpg",768,1024,true],"large":["https:\/\/timammdouar.fr\/wp-content\/uploads\/2024\/02\/IMG_7281-768x1024.jpg",768,1024,true],"1536x1536":["https:\/\/timammdouar.fr\/wp-content\/uploads\/2024\/02\/IMG_7281.jpg",1000,1333,false],"2048x2048":["https:\/\/timammdouar.fr\/wp-content\/uploads\/2024\/02\/IMG_7281.jpg",1000,1333,false],"trp-custom-language-flag":["https:\/\/timammdouar.fr\/wp-content\/uploads\/2024\/02\/IMG_7281-9x12.jpg",9,12,true],"extension-popular-post":["https:\/\/timammdouar.fr\/wp-content\/uploads\/2024\/02\/IMG_7281-75x75.jpg",75,75,true],"woocommerce_thumbnail":["https:\/\/timammdouar.fr\/wp-content\/uploads\/2024\/02\/IMG_7281-300x300.jpg",300,300,true],"woocommerce_single":["https:\/\/timammdouar.fr\/wp-content\/uploads\/2024\/02\/IMG_7281-600x800.jpg",600,800,true],"woocommerce_gallery_thumbnail":["https:\/\/timammdouar.fr\/wp-content\/uploads\/2024\/02\/IMG_7281-100x100.jpg",100,100,true]},"post_excerpt_stackable_v2":"<p>Allumez la m\u00e8che, laissez bruler la bougie une dizaine de minutes environ, afin de lui laisser le temps d&rsquo;exhaler ses notes d&rsquo;agrumes fleuries dans la pi\u00e8ces et d&rsquo;instaurer une ambiance douce et voluptueuse. Lorsqu&rsquo;elle devient en partie liquide, versez quelques gouttes sur le dos de la main (afin de tester la chaleur) avant de les verser ensuite sur la partie du corps \u00e0 masser.<\/p>\n<p>Elle peut \u00eatre aussi simplement utilis\u00e9e comme une bougie d&rsquo;ambiance.<\/p>\n<p>Elle est compos\u00e9e d&rsquo;huile de mac\u00e9ration solaire de tulsi, m\u00e9lisse et nigelle de Damas produites par mes soins et de cire d&rsquo;abeilles butinant les fleurs de notre jardin (pas de cire de soja ni d&rsquo;huile \u00e9trang\u00e8re et encore moins exotique!), et d&rsquo;huiles essentielles de lavandin et d&rsquo;orange douce.<\/p>\n<p>Elle est coul\u00e9e dans une tasse de Julie, c\u00e9ramiste de l&rsquo;atelier Petrichor \u00e0 Chateauneuf du Faou. Et oui, en plus des sublimes massages qu&rsquo;elle promet, elle deviendra, une fois vide, une merveilleuse tasse pour d\u00e9guster vos tisanes pr\u00e9f\u00e9r\u00e9es.<\/p>\n<p>Poids net: 120 gr.<\/p>\n","category_list_v2":"","author_info_v2":{"name":"","url":""},"comments_num_v2":"0 comments","yoast_head":"<!-- This site is optimized with the Yoast SEO plugin v23.5 - https:\/\/yoast.com\/wordpress\/plugins\/seo\/ -->\n<title>La Grande Bougie de massage blanche et bleue - Ti mamm douar<\/title>\n<meta name=\"robots\" content=\"index, follow, max-snippet:-1, max-image-preview:large, max-video-preview:-1\" \/>\n<link rel=\"canonical\" href=\"https:\/\/timammdouar.fr\/en\/product\/la-grande-bougie-de-massage-blanche-et-bleue\/\" \/>\n<meta property=\"og:locale\" content=\"en_GB\" \/>\n<meta property=\"og:type\" content=\"article\" \/>\n<meta property=\"og:title\" content=\"La Grande Bougie de massage blanche et bleue - Ti mamm douar\" \/>\n<meta property=\"og:description\" content=\"Allumez la m\u00e8che, laissez bruler la bougie une dizaine de minutes environ, afin de lui laisser le temps d&#039;exhaler ses notes d&#039;agrumes fleuries dans la pi\u00e8ces et d&#039;instaurer une ambiance douce et voluptueuse. Lorsqu&#039;elle devient en partie liquide, versez quelques gouttes sur le dos de la main (afin de tester la chaleur) avant de les verser ensuite sur la partie du corps \u00e0 masser.  Elle peut \u00eatre aussi simplement utilis\u00e9e comme une bougie d&#039;ambiance.  Elle est compos\u00e9e d&#039;huile de mac\u00e9ration solaire de tulsi, m\u00e9lisse et nigelle de Damas produites par mes soins et de cire d&#039;abeilles butinant les fleurs de notre jardin (pas de cire de soja ni d&#039;huile \u00e9trang\u00e8re et encore moins exotique!), et d&#039;huiles essentielles de lavandin et d&#039;orange douce.  Elle est coul\u00e9e dans une tasse de Julie, c\u00e9ramiste de l&#039;atelier Petrichor \u00e0 Chateauneuf du Faou. Et oui, en plus des sublimes massages qu&#039;elle promet, elle deviendra, une fois vide, une merveilleuse tasse pour d\u00e9guster vos tisanes pr\u00e9f\u00e9r\u00e9es.  Poids net: 120 gr.\" \/>\n<meta property=\"og:url\" content=\"https:\/\/timammdouar.fr\/en\/product\/la-grande-bougie-de-massage-blanche-et-bleue\/\" \/>\n<meta property=\"og:site_name\" content=\"Ti mamm douar\" \/>\n<meta property=\"article:publisher\" content=\"https:\/\/www.facebook.com\/Timammdouar.fermeagroeco\/\" \/>\n<meta property=\"article:modified_time\" content=\"2024-11-25T09:40:42+00:00\" \/>\n<meta property=\"og:image\" content=\"https:\/\/timammdouar.fr\/wp-content\/uploads\/2024\/02\/IMG_7281.jpg\" \/>\n\t<meta property=\"og:image:width\" content=\"1000\" \/>\n\t<meta property=\"og:image:height\" content=\"1333\" \/>\n\t<meta property=\"og:image:type\" content=\"image\/jpeg\" \/>\n<meta name=\"twitter:card\" content=\"summary_large_image\" \/>\n<meta name=\"twitter:label1\" content=\"Estimated reading time\" \/>\n\t<meta name=\"twitter:data1\" content=\"1 minute\" \/>\n<script type=\"application\/ld+json\" class=\"yoast-schema-graph\">{\"@context\":\"https:\/\/schema.org\",\"@graph\":[{\"@type\":\"WebPage\",\"@id\":\"https:\/\/timammdouar.fr\/produit\/la-grande-bougie-de-massage-blanche-et-bleue\/\",\"url\":\"https:\/\/timammdouar.fr\/produit\/la-grande-bougie-de-massage-blanche-et-bleue\/\",\"name\":\"La Grande Bougie de massage blanche et bleue - Ti mamm douar\",\"isPartOf\":{\"@id\":\"https:\/\/timammdouar.fr\/#website\"},\"primaryImageOfPage\":{\"@id\":\"https:\/\/timammdouar.fr\/produit\/la-grande-bougie-de-massage-blanche-et-bleue\/#primaryimage\"},\"image\":{\"@id\":\"https:\/\/timammdouar.fr\/produit\/la-grande-bougie-de-massage-blanche-et-bleue\/#primaryimage\"},\"thumbnailUrl\":\"https:\/\/timammdouar.fr\/wp-content\/uploads\/2024\/02\/IMG_7281.jpg\",\"datePublished\":\"2024-02-10T17:33:55+00:00\",\"dateModified\":\"2024-11-25T09:40:42+00:00\",\"breadcrumb\":{\"@id\":\"https:\/\/timammdouar.fr\/produit\/la-grande-bougie-de-massage-blanche-et-bleue\/#breadcrumb\"},\"inLanguage\":\"en-GB\",\"potentialAction\":[{\"@type\":\"ReadAction\",\"target\":[\"https:\/\/timammdouar.fr\/produit\/la-grande-bougie-de-massage-blanche-et-bleue\/\"]}]},{\"@type\":\"ImageObject\",\"inLanguage\":\"en-GB\",\"@id\":\"https:\/\/timammdouar.fr\/produit\/la-grande-bougie-de-massage-blanche-et-bleue\/#primaryimage\",\"url\":\"https:\/\/timammdouar.fr\/wp-content\/uploads\/2024\/02\/IMG_7281.jpg\",\"contentUrl\":\"https:\/\/timammdouar.fr\/wp-content\/uploads\/2024\/02\/IMG_7281.jpg\",\"width\":1000,\"height\":1333},{\"@type\":\"BreadcrumbList\",\"@id\":\"https:\/\/timammdouar.fr\/produit\/la-grande-bougie-de-massage-blanche-et-bleue\/#breadcrumb\",\"itemListElement\":[{\"@type\":\"ListItem\",\"position\":1,\"name\":\"Accueil\",\"item\":\"https:\/\/timammdouar.fr\/\"},{\"@type\":\"ListItem\",\"position\":2,\"name\":\"Produits issus de plantes aromatiques et m\u00e9dicinales\",\"item\":\"https:\/\/timammdouar.fr\/nos-produits\/produits-issus-de-plantes-aromatiques-et-medicinales\/\"},{\"@type\":\"ListItem\",\"position\":3,\"name\":\"La Grande Bougie de massage blanche et bleue\"}]},{\"@type\":\"WebSite\",\"@id\":\"https:\/\/timammdouar.fr\/#website\",\"url\":\"https:\/\/timammdouar.fr\/\",\"name\":\"Ti mamm douar\",\"description\":\"Ferme agro-\u00e9cologique des montagnes noires\",\"publisher\":{\"@id\":\"https:\/\/timammdouar.fr\/#organization\"},\"potentialAction\":[{\"@type\":\"SearchAction\",\"target\":{\"@type\":\"EntryPoint\",\"urlTemplate\":\"https:\/\/timammdouar.fr\/?s={search_term_string}\"},\"query-input\":{\"@type\":\"PropertyValueSpecification\",\"valueRequired\":true,\"valueName\":\"search_term_string\"}}],\"inLanguage\":\"en-GB\"},{\"@type\":\"Organization\",\"@id\":\"https:\/\/timammdouar.fr\/#organization\",\"name\":\"Ti mamm douar\",\"url\":\"https:\/\/timammdouar.fr\/\",\"logo\":{\"@type\":\"ImageObject\",\"inLanguage\":\"en-GB\",\"@id\":\"https:\/\/timammdouar.fr\/#\/schema\/logo\/image\/\",\"url\":\"https:\/\/timammdouar.fr\/wp-content\/uploads\/2020\/03\/cropped-WEB-Logo-NB_TI-MAMM-DOUAR_2019-e1584807257800-1.png\",\"contentUrl\":\"https:\/\/timammdouar.fr\/wp-content\/uploads\/2020\/03\/cropped-WEB-Logo-NB_TI-MAMM-DOUAR_2019-e1584807257800-1.png\",\"width\":225,\"height\":224,\"caption\":\"Ti mamm douar\"},\"image\":{\"@id\":\"https:\/\/timammdouar.fr\/#\/schema\/logo\/image\/\"},\"sameAs\":[\"https:\/\/www.facebook.com\/Timammdouar.fermeagroeco\/\",\"https:\/\/www.instagram.com\/timammdouar\/\"]}]}<\/script>\n<!-- \/ Yoast SEO plugin. -->","yoast_head_json":{"title":"La Grande Bougie de massage blanche et bleue - Ti mamm douar","robots":{"index":"index","follow":"follow","max-snippet":"max-snippet:-1","max-image-preview":"max-image-preview:large","max-video-preview":"max-video-preview:-1"},"canonical":"https:\/\/timammdouar.fr\/en\/product\/la-grande-bougie-de-massage-blanche-et-bleue\/","og_locale":"en_GB","og_type":"article","og_title":"La Grande Bougie de massage blanche et bleue - Ti mamm douar","og_description":"Allumez la m\u00e8che, laissez bruler la bougie une dizaine de minutes environ, afin de lui laisser le temps d'exhaler ses notes d'agrumes fleuries dans la pi\u00e8ces et d'instaurer une ambiance douce et voluptueuse. Lorsqu'elle devient en partie liquide, versez quelques gouttes sur le dos de la main (afin de tester la chaleur) avant de les verser ensuite sur la partie du corps \u00e0 masser.  Elle peut \u00eatre aussi simplement utilis\u00e9e comme une bougie d'ambiance.  Elle est compos\u00e9e d'huile de mac\u00e9ration solaire de tulsi, m\u00e9lisse et nigelle de Damas produites par mes soins et de cire d'abeilles butinant les fleurs de notre jardin (pas de cire de soja ni d'huile \u00e9trang\u00e8re et encore moins exotique!), et d'huiles essentielles de lavandin et d'orange douce.  Elle est coul\u00e9e dans une tasse de Julie, c\u00e9ramiste de l'atelier Petrichor \u00e0 Chateauneuf du Faou. Et oui, en plus des sublimes massages qu'elle promet, elle deviendra, une fois vide, une merveilleuse tasse pour d\u00e9guster vos tisanes pr\u00e9f\u00e9r\u00e9es.  Poids net: 120 gr.","og_url":"https:\/\/timammdouar.fr\/en\/product\/la-grande-bougie-de-massage-blanche-et-bleue\/","og_site_name":"Ti mamm douar","article_publisher":"https:\/\/www.facebook.com\/Timammdouar.fermeagroeco\/","article_modified_time":"2024-11-25T09:40:42+00:00","og_image":[{"width":1000,"height":1333,"url":"https:\/\/timammdouar.fr\/wp-content\/uploads\/2024\/02\/IMG_7281.jpg","type":"image\/jpeg"}],"twitter_card":"summary_large_image","twitter_misc":{"Estimated reading time":"1 minute"},"schema":{"@context":"https:\/\/schema.org","@graph":[{"@type":"WebPage","@id":"https:\/\/timammdouar.fr\/produit\/la-grande-bougie-de-massage-blanche-et-bleue\/","url":"https:\/\/timammdouar.fr\/produit\/la-grande-bougie-de-massage-blanche-et-bleue\/","name":"La Grande Bougie de massage blanche et bleue - Ti mamm douar","isPartOf":{"@id":"https:\/\/timammdouar.fr\/#website"},"primaryImageOfPage":{"@id":"https:\/\/timammdouar.fr\/produit\/la-grande-bougie-de-massage-blanche-et-bleue\/#primaryimage"},"image":{"@id":"https:\/\/timammdouar.fr\/produit\/la-grande-bougie-de-massage-blanche-et-bleue\/#primaryimage"},"thumbnailUrl":"https:\/\/timammdouar.fr\/wp-content\/uploads\/2024\/02\/IMG_7281.jpg","datePublished":"2024-02-10T17:33:55+00:00","dateModified":"2024-11-25T09:40:42+00:00","breadcrumb":{"@id":"https:\/\/timammdouar.fr\/produit\/la-grande-bougie-de-massage-blanche-et-bleue\/#breadcrumb"},"inLanguage":"en-GB","potentialAction":[{"@type":"ReadAction","target":["https:\/\/timammdouar.fr\/produit\/la-grande-bougie-de-massage-blanche-et-bleue\/"]}]},{"@type":"ImageObject","inLanguage":"en-GB","@id":"https:\/\/timammdouar.fr\/produit\/la-grande-bougie-de-massage-blanche-et-bleue\/#primaryimage","url":"https:\/\/timammdouar.fr\/wp-content\/uploads\/2024\/02\/IMG_7281.jpg","contentUrl":"https:\/\/timammdouar.fr\/wp-content\/uploads\/2024\/02\/IMG_7281.jpg","width":1000,"height":1333},{"@type":"BreadcrumbList","@id":"https:\/\/timammdouar.fr\/produit\/la-grande-bougie-de-massage-blanche-et-bleue\/#breadcrumb","itemListElement":[{"@type":"ListItem","position":1,"name":"Accueil","item":"https:\/\/timammdouar.fr\/"},{"@type":"ListItem","position":2,"name":"Produits issus de plantes aromatiques et m\u00e9dicinales","item":"https:\/\/timammdouar.fr\/nos-produits\/produits-issus-de-plantes-aromatiques-et-medicinales\/"},{"@type":"ListItem","position":3,"name":"La Grande Bougie de massage blanche et bleue"}]},{"@type":"WebSite","@id":"https:\/\/timammdouar.fr\/#website","url":"https:\/\/timammdouar.fr\/","name":"Ti mamm douar","description":"Ferme agro-\u00e9cologique des montagnes noires","publisher":{"@id":"https:\/\/timammdouar.fr\/#organization"},"potentialAction":[{"@type":"SearchAction","target":{"@type":"EntryPoint","urlTemplate":"https:\/\/timammdouar.fr\/?s={search_term_string}"},"query-input":{"@type":"PropertyValueSpecification","valueRequired":true,"valueName":"search_term_string"}}],"inLanguage":"en-GB"},{"@type":"Organization","@id":"https:\/\/timammdouar.fr\/#organization","name":"Ti mamm douar","url":"https:\/\/timammdouar.fr\/","logo":{"@type":"ImageObject","inLanguage":"en-GB","@id":"https:\/\/timammdouar.fr\/#\/schema\/logo\/image\/","url":"https:\/\/timammdouar.fr\/wp-content\/uploads\/2020\/03\/cropped-WEB-Logo-NB_TI-MAMM-DOUAR_2019-e1584807257800-1.png","contentUrl":"https:\/\/timammdouar.fr\/wp-content\/uploads\/2020\/03\/cropped-WEB-Logo-NB_TI-MAMM-DOUAR_2019-e1584807257800-1.png","width":225,"height":224,"caption":"Ti mamm douar"},"image":{"@id":"https:\/\/timammdouar.fr\/#\/schema\/logo\/image\/"},"sameAs":["https:\/\/www.facebook.com\/Timammdouar.fermeagroeco\/","https:\/\/www.instagram.com\/timammdouar\/"]}]}},"_links":{"self":[{"href":"https:\/\/timammdouar.fr\/en\/wp-json\/wp\/v2\/product\/1777"}],"collection":[{"href":"https:\/\/timammdouar.fr\/en\/wp-json\/wp\/v2\/product"}],"about":[{"href":"https:\/\/timammdouar.fr\/en\/wp-json\/wp\/v2\/types\/product"}],"replies":[{"embeddable":true,"href":"https:\/\/timammdouar.fr\/en\/wp-json\/wp\/v2\/comments?post=1777"}],"wp:featuredmedia":[{"embeddable":true,"href":"https:\/\/timammdouar.fr\/en\/wp-json\/wp\/v2\/media\/1786"}],"wp:attachment":[{"href":"https:\/\/timammdouar.fr\/en\/wp-json\/wp\/v2\/media?parent=1777"}],"wp:term":[{"taxonomy":"product_cat","embeddable":true,"href":"https:\/\/timammdouar.fr\/en\/wp-json\/wp\/v2\/product_cat?post=1777"},{"taxonomy":"product_tag","embeddable":true,"href":"https:\/\/timammdouar.fr\/en\/wp-json\/wp\/v2\/product_tag?post=1777"}],"curies":[{"name":"wp","href":"https:\/\/api.w.org\/{rel}","templated":true}]}}