{"id":1835,"date":"2024-05-04T17:44:09","date_gmt":"2024-05-04T15:44:09","guid":{"rendered":"https:\/\/timammdouar.fr\/?post_type=product&#038;p=1835"},"modified":"2025-12-23T12:32:09","modified_gmt":"2025-12-23T11:32:09","slug":"creme-de-la-yoni","status":"publish","type":"product","link":"https:\/\/timammdouar.fr\/en\/product\/creme-de-la-yoni\/","title":{"rendered":"Cr\u00e8me de la Yoni"},"content":{"rendered":"<p>Une cr\u00e8me de massage pour (re)connecter avec son espace sacr\u00e9 dans l&rsquo;Amour, la bienveillance et l&rsquo;auto-compasssion et y apporter du soin.<\/p>\n<p>Liniment \u00e0 base d&rsquo;huile de mac\u00e9ration solaire de calendula pour offrir \u00e0 votre espace sacr\u00e9 de la douceur, de millepertuis pour soigner les blessures au corps et \u00e0 l&rsquo;\u00e2me et (re)faire briller le soleil, de rose pour l&rsquo;Amour, de matricaire pour prendre soin de la m\u00e8re qui est en nous (matri-care, que l&rsquo;on soit maman ou non), de p\u00e2querette autrement connue comme \u00e9tant l&rsquo;arnica de l&rsquo;ut\u00e9rus, de sauge sclar\u00e9e pour le calme, et de sureau et de consoude pour assouplir les cicatrices de tout ordre.<\/p>\n<p>Convient \u00e0 toutes les femmes et \u00e0 toutes les \u00e9tapes de leur vie. Cette cr\u00e8me facilitera \u00e9galement les rapports intimes notamment en cas de s\u00e9cheresse. Elle conviendra aussi aux sages-femmes qui souhaitent adoucir leurs auscultations conduites dans la bienveillance, le respect et la douceur.<\/p>\n<p>Poids net: 30 g<\/p>\n<p>INCI: CALCIUM HYDROXYDE, HELIANTHUS ANNUUS SEED OIL \/ CALENDULA OFFICINALIS EXTRACT, HELIANTHUS ANNUUS SEED OIL \/ HYPERICUM PERFORATUM FLOWER EXTRACT, HELIANTHUS ANNUUS SEED OIL \/ ROSA DAMASCENA FLOWER EXTRACT, HELIANTHUS ANNUUS SEED OIL \/ MATRICARIA RECUTITA FLOWER EXTRACT, HELIANTHUS ANNUUS SEED OIL \/ BELLIS PERENNIS FLOWER EXTRACT, HELIANTHUS ANNUUS SEED OIL \/ SALVIA SCLAREA FLOWER EXTRACT, HELIANTHUS ANNUUS SEED OIL \/ SAMBUCUS NIGRA LEAF EXTRACT, HELIANTHUS ANNUUS SEED OIL \/ SYMPHYTUM OFFICINALE ROOT EXTRACT, LAVANDULA ANGUSTIFOLIA OIL, linalool (naturellement pr\u00e9sent dans les huiles essentielles).<\/p>","protected":false},"excerpt":{"rendered":"<p>Cr\u00e8me de massage de l&rsquo;espace sacr\u00e9: yoni, p\u00e9rin\u00e9e, r\u00e9gion anale, etc.<\/p>\n<p>&nbsp;<\/p>","protected":false},"featured_media":1830,"comment_status":"closed","ping_status":"closed","template":"","meta":{"_acf_changed":false},"product_brand":[],"product_cat":[43],"product_tag":[],"class_list":{"0":"post-1835","1":"product","2":"type-product","3":"status-publish","4":"has-post-thumbnail","6":"product_cat-feminin-sacre-intimite","7":"product_shipping_class-france-colissimo","9":"first","10":"instock","11":"purchasable","12":"product-type-simple"},"acf":[],"featured_image_urls_v2":{"full":["https:\/\/timammdouar.fr\/wp-content\/uploads\/2024\/05\/oKhUQQ4xT7Kx90WpogrkCQ_thumb_30dc.jpg",879,1024,false],"thumbnail":["https:\/\/timammdouar.fr\/wp-content\/uploads\/2024\/05\/oKhUQQ4xT7Kx90WpogrkCQ_thumb_30dc-150x150.jpg",150,150,true],"medium":["https:\/\/timammdouar.fr\/wp-content\/uploads\/2024\/05\/oKhUQQ4xT7Kx90WpogrkCQ_thumb_30dc-258x300.jpg",258,300,true],"medium_large":["https:\/\/timammdouar.fr\/wp-content\/uploads\/2024\/05\/oKhUQQ4xT7Kx90WpogrkCQ_thumb_30dc-768x895.jpg",768,895,true],"large":["https:\/\/timammdouar.fr\/wp-content\/uploads\/2024\/05\/oKhUQQ4xT7Kx90WpogrkCQ_thumb_30dc.jpg",879,1024,false],"1536x1536":["https:\/\/timammdouar.fr\/wp-content\/uploads\/2024\/05\/oKhUQQ4xT7Kx90WpogrkCQ_thumb_30dc.jpg",879,1024,false],"2048x2048":["https:\/\/timammdouar.fr\/wp-content\/uploads\/2024\/05\/oKhUQQ4xT7Kx90WpogrkCQ_thumb_30dc.jpg",879,1024,false],"trp-custom-language-flag":["https:\/\/timammdouar.fr\/wp-content\/uploads\/2024\/05\/oKhUQQ4xT7Kx90WpogrkCQ_thumb_30dc-10x12.jpg",10,12,true],"extension-popular-post":["https:\/\/timammdouar.fr\/wp-content\/uploads\/2024\/05\/oKhUQQ4xT7Kx90WpogrkCQ_thumb_30dc-75x75.jpg",75,75,true],"woocommerce_thumbnail":["https:\/\/timammdouar.fr\/wp-content\/uploads\/2024\/05\/oKhUQQ4xT7Kx90WpogrkCQ_thumb_30dc-300x300.jpg",300,300,true],"woocommerce_single":["https:\/\/timammdouar.fr\/wp-content\/uploads\/2024\/05\/oKhUQQ4xT7Kx90WpogrkCQ_thumb_30dc-600x699.jpg",600,699,true],"woocommerce_gallery_thumbnail":["https:\/\/timammdouar.fr\/wp-content\/uploads\/2024\/05\/oKhUQQ4xT7Kx90WpogrkCQ_thumb_30dc-100x100.jpg",100,100,true]},"post_excerpt_stackable_v2":"<p>Cr\u00e8me de massage de l&rsquo;espace sacr\u00e9: yoni, p\u00e9rin\u00e9e, r\u00e9gion anale, etc.<\/p>\n<p>&nbsp;<\/p>\n","category_list_v2":"","author_info_v2":{"name":"","url":""},"comments_num_v2":"0 comments","yoast_head":"<!-- This site is optimized with the Yoast SEO plugin v27.4 - https:\/\/yoast.com\/product\/yoast-seo-wordpress\/ -->\n<title>Cr\u00e8me de la Yoni - Ti mamm douar<\/title>\n<meta name=\"robots\" content=\"index, follow, max-snippet:-1, max-image-preview:large, max-video-preview:-1\" \/>\n<link rel=\"canonical\" href=\"https:\/\/timammdouar.fr\/en\/product\/creme-de-la-yoni\/\" \/>\n<meta property=\"og:locale\" content=\"en_GB\" \/>\n<meta property=\"og:type\" content=\"article\" \/>\n<meta property=\"og:title\" content=\"Cr\u00e8me de la Yoni - Ti mamm douar\" \/>\n<meta property=\"og:description\" content=\"Cr\u00e8me de massage de l&#039;espace sacr\u00e9: yoni, p\u00e9rin\u00e9e, r\u00e9gion anale, etc.  &nbsp;\" \/>\n<meta property=\"og:url\" content=\"https:\/\/timammdouar.fr\/en\/product\/creme-de-la-yoni\/\" \/>\n<meta property=\"og:site_name\" content=\"Ti mamm douar\" \/>\n<meta property=\"article:publisher\" content=\"https:\/\/www.facebook.com\/Timammdouar.fermeagroeco\/\" \/>\n<meta property=\"article:modified_time\" content=\"2025-12-23T11:32:09+00:00\" \/>\n<meta property=\"og:image\" content=\"https:\/\/timammdouar.fr\/wp-content\/uploads\/2024\/05\/oKhUQQ4xT7Kx90WpogrkCQ_thumb_30dc.jpg\" \/>\n\t<meta property=\"og:image:width\" content=\"879\" \/>\n\t<meta property=\"og:image:height\" content=\"1024\" \/>\n\t<meta property=\"og:image:type\" content=\"image\/jpeg\" \/>\n<meta name=\"twitter:card\" content=\"summary_large_image\" \/>\n<meta name=\"twitter:label1\" content=\"Estimated reading time\" \/>\n\t<meta name=\"twitter:data1\" content=\"2 minutes\" \/>\n<script type=\"application\/ld+json\" class=\"yoast-schema-graph\">{\"@context\":\"https:\\\/\\\/schema.org\",\"@graph\":[{\"@type\":\"WebPage\",\"@id\":\"https:\\\/\\\/timammdouar.fr\\\/produit\\\/creme-de-la-yoni\\\/\",\"url\":\"https:\\\/\\\/timammdouar.fr\\\/produit\\\/creme-de-la-yoni\\\/\",\"name\":\"Cr\u00e8me de la Yoni - Ti mamm douar\",\"isPartOf\":{\"@id\":\"https:\\\/\\\/timammdouar.fr\\\/#website\"},\"primaryImageOfPage\":{\"@id\":\"https:\\\/\\\/timammdouar.fr\\\/produit\\\/creme-de-la-yoni\\\/#primaryimage\"},\"image\":{\"@id\":\"https:\\\/\\\/timammdouar.fr\\\/produit\\\/creme-de-la-yoni\\\/#primaryimage\"},\"thumbnailUrl\":\"https:\\\/\\\/timammdouar.fr\\\/wp-content\\\/uploads\\\/2024\\\/05\\\/oKhUQQ4xT7Kx90WpogrkCQ_thumb_30dc.jpg\",\"datePublished\":\"2024-05-04T15:44:09+00:00\",\"dateModified\":\"2025-12-23T11:32:09+00:00\",\"breadcrumb\":{\"@id\":\"https:\\\/\\\/timammdouar.fr\\\/produit\\\/creme-de-la-yoni\\\/#breadcrumb\"},\"inLanguage\":\"en-GB\",\"potentialAction\":[{\"@type\":\"ReadAction\",\"target\":[\"https:\\\/\\\/timammdouar.fr\\\/produit\\\/creme-de-la-yoni\\\/\"]}]},{\"@type\":\"ImageObject\",\"inLanguage\":\"en-GB\",\"@id\":\"https:\\\/\\\/timammdouar.fr\\\/produit\\\/creme-de-la-yoni\\\/#primaryimage\",\"url\":\"https:\\\/\\\/timammdouar.fr\\\/wp-content\\\/uploads\\\/2024\\\/05\\\/oKhUQQ4xT7Kx90WpogrkCQ_thumb_30dc.jpg\",\"contentUrl\":\"https:\\\/\\\/timammdouar.fr\\\/wp-content\\\/uploads\\\/2024\\\/05\\\/oKhUQQ4xT7Kx90WpogrkCQ_thumb_30dc.jpg\",\"width\":879,\"height\":1024},{\"@type\":\"BreadcrumbList\",\"@id\":\"https:\\\/\\\/timammdouar.fr\\\/produit\\\/creme-de-la-yoni\\\/#breadcrumb\",\"itemListElement\":[{\"@type\":\"ListItem\",\"position\":1,\"name\":\"Accueil\",\"item\":\"https:\\\/\\\/timammdouar.fr\\\/\"},{\"@type\":\"ListItem\",\"position\":2,\"name\":\"Produits issus de plantes aromatiques et m\u00e9dicinales\",\"item\":\"https:\\\/\\\/timammdouar.fr\\\/nos-produits\\\/produits-issus-de-plantes-aromatiques-et-medicinales\\\/\"},{\"@type\":\"ListItem\",\"position\":3,\"name\":\"Cr\u00e8me de la Yoni\"}]},{\"@type\":\"WebSite\",\"@id\":\"https:\\\/\\\/timammdouar.fr\\\/#website\",\"url\":\"https:\\\/\\\/timammdouar.fr\\\/\",\"name\":\"Ti mamm douar\",\"description\":\"Ferme agro-\u00e9cologique des montagnes noires\",\"publisher\":{\"@id\":\"https:\\\/\\\/timammdouar.fr\\\/#organization\"},\"potentialAction\":[{\"@type\":\"SearchAction\",\"target\":{\"@type\":\"EntryPoint\",\"urlTemplate\":\"https:\\\/\\\/timammdouar.fr\\\/?s={search_term_string}\"},\"query-input\":{\"@type\":\"PropertyValueSpecification\",\"valueRequired\":true,\"valueName\":\"search_term_string\"}}],\"inLanguage\":\"en-GB\"},{\"@type\":\"Organization\",\"@id\":\"https:\\\/\\\/timammdouar.fr\\\/#organization\",\"name\":\"Ti mamm douar\",\"url\":\"https:\\\/\\\/timammdouar.fr\\\/\",\"logo\":{\"@type\":\"ImageObject\",\"inLanguage\":\"en-GB\",\"@id\":\"https:\\\/\\\/timammdouar.fr\\\/#\\\/schema\\\/logo\\\/image\\\/\",\"url\":\"https:\\\/\\\/timammdouar.fr\\\/wp-content\\\/uploads\\\/2020\\\/03\\\/cropped-WEB-Logo-NB_TI-MAMM-DOUAR_2019-e1584807257800-1.png\",\"contentUrl\":\"https:\\\/\\\/timammdouar.fr\\\/wp-content\\\/uploads\\\/2020\\\/03\\\/cropped-WEB-Logo-NB_TI-MAMM-DOUAR_2019-e1584807257800-1.png\",\"width\":225,\"height\":224,\"caption\":\"Ti mamm douar\"},\"image\":{\"@id\":\"https:\\\/\\\/timammdouar.fr\\\/#\\\/schema\\\/logo\\\/image\\\/\"},\"sameAs\":[\"https:\\\/\\\/www.facebook.com\\\/Timammdouar.fermeagroeco\\\/\",\"https:\\\/\\\/www.instagram.com\\\/timammdouar\\\/\"]}]}<\/script>\n<!-- \/ Yoast SEO plugin. -->","yoast_head_json":{"title":"Cr\u00e8me de la Yoni - Ti mamm douar","robots":{"index":"index","follow":"follow","max-snippet":"max-snippet:-1","max-image-preview":"max-image-preview:large","max-video-preview":"max-video-preview:-1"},"canonical":"https:\/\/timammdouar.fr\/en\/product\/creme-de-la-yoni\/","og_locale":"en_GB","og_type":"article","og_title":"Cr\u00e8me de la Yoni - Ti mamm douar","og_description":"Cr\u00e8me de massage de l'espace sacr\u00e9: yoni, p\u00e9rin\u00e9e, r\u00e9gion anale, etc.  &nbsp;","og_url":"https:\/\/timammdouar.fr\/en\/product\/creme-de-la-yoni\/","og_site_name":"Ti mamm douar","article_publisher":"https:\/\/www.facebook.com\/Timammdouar.fermeagroeco\/","article_modified_time":"2025-12-23T11:32:09+00:00","og_image":[{"width":879,"height":1024,"url":"https:\/\/timammdouar.fr\/wp-content\/uploads\/2024\/05\/oKhUQQ4xT7Kx90WpogrkCQ_thumb_30dc.jpg","type":"image\/jpeg"}],"twitter_card":"summary_large_image","twitter_misc":{"Estimated reading time":"2 minutes"},"schema":{"@context":"https:\/\/schema.org","@graph":[{"@type":"WebPage","@id":"https:\/\/timammdouar.fr\/produit\/creme-de-la-yoni\/","url":"https:\/\/timammdouar.fr\/produit\/creme-de-la-yoni\/","name":"Cr\u00e8me de la Yoni - Ti mamm douar","isPartOf":{"@id":"https:\/\/timammdouar.fr\/#website"},"primaryImageOfPage":{"@id":"https:\/\/timammdouar.fr\/produit\/creme-de-la-yoni\/#primaryimage"},"image":{"@id":"https:\/\/timammdouar.fr\/produit\/creme-de-la-yoni\/#primaryimage"},"thumbnailUrl":"https:\/\/timammdouar.fr\/wp-content\/uploads\/2024\/05\/oKhUQQ4xT7Kx90WpogrkCQ_thumb_30dc.jpg","datePublished":"2024-05-04T15:44:09+00:00","dateModified":"2025-12-23T11:32:09+00:00","breadcrumb":{"@id":"https:\/\/timammdouar.fr\/produit\/creme-de-la-yoni\/#breadcrumb"},"inLanguage":"en-GB","potentialAction":[{"@type":"ReadAction","target":["https:\/\/timammdouar.fr\/produit\/creme-de-la-yoni\/"]}]},{"@type":"ImageObject","inLanguage":"en-GB","@id":"https:\/\/timammdouar.fr\/produit\/creme-de-la-yoni\/#primaryimage","url":"https:\/\/timammdouar.fr\/wp-content\/uploads\/2024\/05\/oKhUQQ4xT7Kx90WpogrkCQ_thumb_30dc.jpg","contentUrl":"https:\/\/timammdouar.fr\/wp-content\/uploads\/2024\/05\/oKhUQQ4xT7Kx90WpogrkCQ_thumb_30dc.jpg","width":879,"height":1024},{"@type":"BreadcrumbList","@id":"https:\/\/timammdouar.fr\/produit\/creme-de-la-yoni\/#breadcrumb","itemListElement":[{"@type":"ListItem","position":1,"name":"Accueil","item":"https:\/\/timammdouar.fr\/"},{"@type":"ListItem","position":2,"name":"Produits issus de plantes aromatiques et m\u00e9dicinales","item":"https:\/\/timammdouar.fr\/nos-produits\/produits-issus-de-plantes-aromatiques-et-medicinales\/"},{"@type":"ListItem","position":3,"name":"Cr\u00e8me de la Yoni"}]},{"@type":"WebSite","@id":"https:\/\/timammdouar.fr\/#website","url":"https:\/\/timammdouar.fr\/","name":"Ti mamm douar","description":"Ferme agro-\u00e9cologique des montagnes noires","publisher":{"@id":"https:\/\/timammdouar.fr\/#organization"},"potentialAction":[{"@type":"SearchAction","target":{"@type":"EntryPoint","urlTemplate":"https:\/\/timammdouar.fr\/?s={search_term_string}"},"query-input":{"@type":"PropertyValueSpecification","valueRequired":true,"valueName":"search_term_string"}}],"inLanguage":"en-GB"},{"@type":"Organization","@id":"https:\/\/timammdouar.fr\/#organization","name":"Ti mamm douar","url":"https:\/\/timammdouar.fr\/","logo":{"@type":"ImageObject","inLanguage":"en-GB","@id":"https:\/\/timammdouar.fr\/#\/schema\/logo\/image\/","url":"https:\/\/timammdouar.fr\/wp-content\/uploads\/2020\/03\/cropped-WEB-Logo-NB_TI-MAMM-DOUAR_2019-e1584807257800-1.png","contentUrl":"https:\/\/timammdouar.fr\/wp-content\/uploads\/2020\/03\/cropped-WEB-Logo-NB_TI-MAMM-DOUAR_2019-e1584807257800-1.png","width":225,"height":224,"caption":"Ti mamm douar"},"image":{"@id":"https:\/\/timammdouar.fr\/#\/schema\/logo\/image\/"},"sameAs":["https:\/\/www.facebook.com\/Timammdouar.fermeagroeco\/","https:\/\/www.instagram.com\/timammdouar\/"]}]}},"_links":{"self":[{"href":"https:\/\/timammdouar.fr\/en\/wp-json\/wp\/v2\/product\/1835","targetHints":{"allow":["GET"]}}],"collection":[{"href":"https:\/\/timammdouar.fr\/en\/wp-json\/wp\/v2\/product"}],"about":[{"href":"https:\/\/timammdouar.fr\/en\/wp-json\/wp\/v2\/types\/product"}],"replies":[{"embeddable":true,"href":"https:\/\/timammdouar.fr\/en\/wp-json\/wp\/v2\/comments?post=1835"}],"wp:featuredmedia":[{"embeddable":true,"href":"https:\/\/timammdouar.fr\/en\/wp-json\/wp\/v2\/media\/1830"}],"wp:attachment":[{"href":"https:\/\/timammdouar.fr\/en\/wp-json\/wp\/v2\/media?parent=1835"}],"wp:term":[{"taxonomy":"product_brand","embeddable":true,"href":"https:\/\/timammdouar.fr\/en\/wp-json\/wp\/v2\/product_brand?post=1835"},{"taxonomy":"product_cat","embeddable":true,"href":"https:\/\/timammdouar.fr\/en\/wp-json\/wp\/v2\/product_cat?post=1835"},{"taxonomy":"product_tag","embeddable":true,"href":"https:\/\/timammdouar.fr\/en\/wp-json\/wp\/v2\/product_tag?post=1835"}],"curies":[{"name":"wp","href":"https:\/\/api.w.org\/{rel}","templated":true}]}}