{"id":1840,"date":"2024-05-04T18:03:12","date_gmt":"2024-05-04T16:03:12","guid":{"rendered":"https:\/\/timammdouar.fr\/?post_type=product&#038;p=1840"},"modified":"2025-12-23T12:31:53","modified_gmt":"2025-12-23T11:31:53","slug":"creme-sauvage-30-g","status":"publish","type":"product","link":"https:\/\/timammdouar.fr\/en\/product\/creme-sauvage-30-g\/","title":{"rendered":"Cr\u00e8me Sauvage (30 g)"},"content":{"rendered":"<p>\u00c0 base d&rsquo;huiles de mac\u00e9ration solaire de camomille, g\u00e9ranium rosat, calendula, sureau et d&rsquo;huile essentielle de lavande sauvage<\/p>\n<p>Poids net: 30 g<\/p>\n<p>INCI: CALCIUM HYDROXYDE, HELIANTHUS ANNUUS SEED OIL \/ MATRICARIA RECUTITA FLOWER EXTRACT, HELIANTHUS ANNUUS SEED OIL \/ CALENDULA OFFICINALIS FLOWER EXTRACT, HELIANTHUS ANNUUS SEED OIL \/ PELARGONIUM ROSEUM LEAF EXTRACT, HELIANTHUS ANNUUS SEED OIL \/ SAMBUCUS NIGRA FLOWER EXTRACT, LAVANDULA ANGUSTIFOLIA OIL, linalool (naturellement pr\u00e9sent dans les huiles essentielles).<\/p>","protected":false},"excerpt":{"rendered":"<p>Cr\u00e8me d\u00e9salt\u00e9rante pour peaux tr\u00e8s s\u00e8ches, ab\u00eem\u00e9es ou gerc\u00e9es<\/p>","protected":false},"featured_media":2064,"comment_status":"closed","ping_status":"closed","template":"","meta":{"_acf_changed":false},"product_cat":[50],"product_tag":[],"acf":[],"featured_image_urls_v2":{"full":["https:\/\/timammdouar.fr\/wp-content\/uploads\/2024\/05\/creme-sauvage.jpg",1000,1333,false],"thumbnail":["https:\/\/timammdouar.fr\/wp-content\/uploads\/2024\/05\/creme-sauvage-150x150.jpg",150,150,true],"medium":["https:\/\/timammdouar.fr\/wp-content\/uploads\/2024\/05\/creme-sauvage-225x300.jpg",225,300,true],"medium_large":["https:\/\/timammdouar.fr\/wp-content\/uploads\/2024\/05\/creme-sauvage-768x1024.jpg",768,1024,true],"large":["https:\/\/timammdouar.fr\/wp-content\/uploads\/2024\/05\/creme-sauvage-768x1024.jpg",768,1024,true],"1536x1536":["https:\/\/timammdouar.fr\/wp-content\/uploads\/2024\/05\/creme-sauvage.jpg",1000,1333,false],"2048x2048":["https:\/\/timammdouar.fr\/wp-content\/uploads\/2024\/05\/creme-sauvage.jpg",1000,1333,false],"trp-custom-language-flag":["https:\/\/timammdouar.fr\/wp-content\/uploads\/2024\/05\/creme-sauvage-9x12.jpg",9,12,true],"extension-popular-post":["https:\/\/timammdouar.fr\/wp-content\/uploads\/2024\/05\/creme-sauvage-75x75.jpg",75,75,true],"woocommerce_thumbnail":["https:\/\/timammdouar.fr\/wp-content\/uploads\/2024\/05\/creme-sauvage-300x300.jpg",300,300,true],"woocommerce_single":["https:\/\/timammdouar.fr\/wp-content\/uploads\/2024\/05\/creme-sauvage-600x800.jpg",600,800,true],"woocommerce_gallery_thumbnail":["https:\/\/timammdouar.fr\/wp-content\/uploads\/2024\/05\/creme-sauvage-100x100.jpg",100,100,true]},"post_excerpt_stackable_v2":"<p>Cr\u00e8me d\u00e9salt\u00e9rante pour peaux tr\u00e8s s\u00e8ches, ab\u00eem\u00e9es ou gerc\u00e9es<\/p>\n","category_list_v2":"","author_info_v2":{"name":"","url":""},"comments_num_v2":"0 comments","yoast_head":"<!-- This site is optimized with the Yoast SEO plugin v23.5 - https:\/\/yoast.com\/wordpress\/plugins\/seo\/ -->\n<title>Cr\u00e8me Sauvage (30 g) - Ti mamm douar<\/title>\n<meta name=\"robots\" content=\"index, follow, max-snippet:-1, max-image-preview:large, max-video-preview:-1\" \/>\n<link rel=\"canonical\" href=\"https:\/\/timammdouar.fr\/en\/product\/creme-sauvage-30-g\/\" \/>\n<meta property=\"og:locale\" content=\"en_GB\" \/>\n<meta property=\"og:type\" content=\"article\" \/>\n<meta property=\"og:title\" content=\"Cr\u00e8me Sauvage (30 g) - Ti mamm douar\" \/>\n<meta property=\"og:description\" content=\"Cr\u00e8me d\u00e9salt\u00e9rante pour peaux tr\u00e8s s\u00e8ches, ab\u00eem\u00e9es ou gerc\u00e9es\" \/>\n<meta property=\"og:url\" content=\"https:\/\/timammdouar.fr\/en\/product\/creme-sauvage-30-g\/\" \/>\n<meta property=\"og:site_name\" content=\"Ti mamm douar\" \/>\n<meta property=\"article:publisher\" content=\"https:\/\/www.facebook.com\/Timammdouar.fermeagroeco\/\" \/>\n<meta property=\"article:modified_time\" content=\"2025-12-23T11:31:53+00:00\" \/>\n<meta property=\"og:image\" content=\"https:\/\/timammdouar.fr\/wp-content\/uploads\/2024\/05\/creme-sauvage.jpg\" \/>\n\t<meta property=\"og:image:width\" content=\"1000\" \/>\n\t<meta property=\"og:image:height\" content=\"1333\" \/>\n\t<meta property=\"og:image:type\" content=\"image\/jpeg\" \/>\n<meta name=\"twitter:card\" content=\"summary_large_image\" \/>\n<meta name=\"twitter:label1\" content=\"Estimated reading time\" \/>\n\t<meta name=\"twitter:data1\" content=\"1 minute\" \/>\n<script type=\"application\/ld+json\" class=\"yoast-schema-graph\">{\"@context\":\"https:\/\/schema.org\",\"@graph\":[{\"@type\":\"WebPage\",\"@id\":\"https:\/\/timammdouar.fr\/produit\/creme-sauvage-30-g\/\",\"url\":\"https:\/\/timammdouar.fr\/produit\/creme-sauvage-30-g\/\",\"name\":\"Cr\u00e8me Sauvage (30 g) - Ti mamm douar\",\"isPartOf\":{\"@id\":\"https:\/\/timammdouar.fr\/#website\"},\"primaryImageOfPage\":{\"@id\":\"https:\/\/timammdouar.fr\/produit\/creme-sauvage-30-g\/#primaryimage\"},\"image\":{\"@id\":\"https:\/\/timammdouar.fr\/produit\/creme-sauvage-30-g\/#primaryimage\"},\"thumbnailUrl\":\"https:\/\/timammdouar.fr\/wp-content\/uploads\/2024\/05\/creme-sauvage.jpg\",\"datePublished\":\"2024-05-04T16:03:12+00:00\",\"dateModified\":\"2025-12-23T11:31:53+00:00\",\"breadcrumb\":{\"@id\":\"https:\/\/timammdouar.fr\/produit\/creme-sauvage-30-g\/#breadcrumb\"},\"inLanguage\":\"en-GB\",\"potentialAction\":[{\"@type\":\"ReadAction\",\"target\":[\"https:\/\/timammdouar.fr\/produit\/creme-sauvage-30-g\/\"]}]},{\"@type\":\"ImageObject\",\"inLanguage\":\"en-GB\",\"@id\":\"https:\/\/timammdouar.fr\/produit\/creme-sauvage-30-g\/#primaryimage\",\"url\":\"https:\/\/timammdouar.fr\/wp-content\/uploads\/2024\/05\/creme-sauvage.jpg\",\"contentUrl\":\"https:\/\/timammdouar.fr\/wp-content\/uploads\/2024\/05\/creme-sauvage.jpg\",\"width\":1000,\"height\":1333},{\"@type\":\"BreadcrumbList\",\"@id\":\"https:\/\/timammdouar.fr\/produit\/creme-sauvage-30-g\/#breadcrumb\",\"itemListElement\":[{\"@type\":\"ListItem\",\"position\":1,\"name\":\"Accueil\",\"item\":\"https:\/\/timammdouar.fr\/\"},{\"@type\":\"ListItem\",\"position\":2,\"name\":\"Produits issus de plantes aromatiques et m\u00e9dicinales\",\"item\":\"https:\/\/timammdouar.fr\/nos-produits\/produits-issus-de-plantes-aromatiques-et-medicinales\/\"},{\"@type\":\"ListItem\",\"position\":3,\"name\":\"Cr\u00e8me Sauvage (30 g)\"}]},{\"@type\":\"WebSite\",\"@id\":\"https:\/\/timammdouar.fr\/#website\",\"url\":\"https:\/\/timammdouar.fr\/\",\"name\":\"Ti mamm douar\",\"description\":\"Ferme agro-\u00e9cologique des montagnes noires\",\"publisher\":{\"@id\":\"https:\/\/timammdouar.fr\/#organization\"},\"potentialAction\":[{\"@type\":\"SearchAction\",\"target\":{\"@type\":\"EntryPoint\",\"urlTemplate\":\"https:\/\/timammdouar.fr\/?s={search_term_string}\"},\"query-input\":{\"@type\":\"PropertyValueSpecification\",\"valueRequired\":true,\"valueName\":\"search_term_string\"}}],\"inLanguage\":\"en-GB\"},{\"@type\":\"Organization\",\"@id\":\"https:\/\/timammdouar.fr\/#organization\",\"name\":\"Ti mamm douar\",\"url\":\"https:\/\/timammdouar.fr\/\",\"logo\":{\"@type\":\"ImageObject\",\"inLanguage\":\"en-GB\",\"@id\":\"https:\/\/timammdouar.fr\/#\/schema\/logo\/image\/\",\"url\":\"https:\/\/timammdouar.fr\/wp-content\/uploads\/2020\/03\/cropped-WEB-Logo-NB_TI-MAMM-DOUAR_2019-e1584807257800-1.png\",\"contentUrl\":\"https:\/\/timammdouar.fr\/wp-content\/uploads\/2020\/03\/cropped-WEB-Logo-NB_TI-MAMM-DOUAR_2019-e1584807257800-1.png\",\"width\":225,\"height\":224,\"caption\":\"Ti mamm douar\"},\"image\":{\"@id\":\"https:\/\/timammdouar.fr\/#\/schema\/logo\/image\/\"},\"sameAs\":[\"https:\/\/www.facebook.com\/Timammdouar.fermeagroeco\/\",\"https:\/\/www.instagram.com\/timammdouar\/\"]}]}<\/script>\n<!-- \/ Yoast SEO plugin. -->","yoast_head_json":{"title":"Cr\u00e8me Sauvage (30 g) - Ti mamm douar","robots":{"index":"index","follow":"follow","max-snippet":"max-snippet:-1","max-image-preview":"max-image-preview:large","max-video-preview":"max-video-preview:-1"},"canonical":"https:\/\/timammdouar.fr\/en\/product\/creme-sauvage-30-g\/","og_locale":"en_GB","og_type":"article","og_title":"Cr\u00e8me Sauvage (30 g) - Ti mamm douar","og_description":"Cr\u00e8me d\u00e9salt\u00e9rante pour peaux tr\u00e8s s\u00e8ches, ab\u00eem\u00e9es ou gerc\u00e9es","og_url":"https:\/\/timammdouar.fr\/en\/product\/creme-sauvage-30-g\/","og_site_name":"Ti mamm douar","article_publisher":"https:\/\/www.facebook.com\/Timammdouar.fermeagroeco\/","article_modified_time":"2025-12-23T11:31:53+00:00","og_image":[{"width":1000,"height":1333,"url":"https:\/\/timammdouar.fr\/wp-content\/uploads\/2024\/05\/creme-sauvage.jpg","type":"image\/jpeg"}],"twitter_card":"summary_large_image","twitter_misc":{"Estimated reading time":"1 minute"},"schema":{"@context":"https:\/\/schema.org","@graph":[{"@type":"WebPage","@id":"https:\/\/timammdouar.fr\/produit\/creme-sauvage-30-g\/","url":"https:\/\/timammdouar.fr\/produit\/creme-sauvage-30-g\/","name":"Cr\u00e8me Sauvage (30 g) - Ti mamm douar","isPartOf":{"@id":"https:\/\/timammdouar.fr\/#website"},"primaryImageOfPage":{"@id":"https:\/\/timammdouar.fr\/produit\/creme-sauvage-30-g\/#primaryimage"},"image":{"@id":"https:\/\/timammdouar.fr\/produit\/creme-sauvage-30-g\/#primaryimage"},"thumbnailUrl":"https:\/\/timammdouar.fr\/wp-content\/uploads\/2024\/05\/creme-sauvage.jpg","datePublished":"2024-05-04T16:03:12+00:00","dateModified":"2025-12-23T11:31:53+00:00","breadcrumb":{"@id":"https:\/\/timammdouar.fr\/produit\/creme-sauvage-30-g\/#breadcrumb"},"inLanguage":"en-GB","potentialAction":[{"@type":"ReadAction","target":["https:\/\/timammdouar.fr\/produit\/creme-sauvage-30-g\/"]}]},{"@type":"ImageObject","inLanguage":"en-GB","@id":"https:\/\/timammdouar.fr\/produit\/creme-sauvage-30-g\/#primaryimage","url":"https:\/\/timammdouar.fr\/wp-content\/uploads\/2024\/05\/creme-sauvage.jpg","contentUrl":"https:\/\/timammdouar.fr\/wp-content\/uploads\/2024\/05\/creme-sauvage.jpg","width":1000,"height":1333},{"@type":"BreadcrumbList","@id":"https:\/\/timammdouar.fr\/produit\/creme-sauvage-30-g\/#breadcrumb","itemListElement":[{"@type":"ListItem","position":1,"name":"Accueil","item":"https:\/\/timammdouar.fr\/"},{"@type":"ListItem","position":2,"name":"Produits issus de plantes aromatiques et m\u00e9dicinales","item":"https:\/\/timammdouar.fr\/nos-produits\/produits-issus-de-plantes-aromatiques-et-medicinales\/"},{"@type":"ListItem","position":3,"name":"Cr\u00e8me Sauvage (30 g)"}]},{"@type":"WebSite","@id":"https:\/\/timammdouar.fr\/#website","url":"https:\/\/timammdouar.fr\/","name":"Ti mamm douar","description":"Ferme agro-\u00e9cologique des montagnes noires","publisher":{"@id":"https:\/\/timammdouar.fr\/#organization"},"potentialAction":[{"@type":"SearchAction","target":{"@type":"EntryPoint","urlTemplate":"https:\/\/timammdouar.fr\/?s={search_term_string}"},"query-input":{"@type":"PropertyValueSpecification","valueRequired":true,"valueName":"search_term_string"}}],"inLanguage":"en-GB"},{"@type":"Organization","@id":"https:\/\/timammdouar.fr\/#organization","name":"Ti mamm douar","url":"https:\/\/timammdouar.fr\/","logo":{"@type":"ImageObject","inLanguage":"en-GB","@id":"https:\/\/timammdouar.fr\/#\/schema\/logo\/image\/","url":"https:\/\/timammdouar.fr\/wp-content\/uploads\/2020\/03\/cropped-WEB-Logo-NB_TI-MAMM-DOUAR_2019-e1584807257800-1.png","contentUrl":"https:\/\/timammdouar.fr\/wp-content\/uploads\/2020\/03\/cropped-WEB-Logo-NB_TI-MAMM-DOUAR_2019-e1584807257800-1.png","width":225,"height":224,"caption":"Ti mamm douar"},"image":{"@id":"https:\/\/timammdouar.fr\/#\/schema\/logo\/image\/"},"sameAs":["https:\/\/www.facebook.com\/Timammdouar.fermeagroeco\/","https:\/\/www.instagram.com\/timammdouar\/"]}]}},"_links":{"self":[{"href":"https:\/\/timammdouar.fr\/en\/wp-json\/wp\/v2\/product\/1840"}],"collection":[{"href":"https:\/\/timammdouar.fr\/en\/wp-json\/wp\/v2\/product"}],"about":[{"href":"https:\/\/timammdouar.fr\/en\/wp-json\/wp\/v2\/types\/product"}],"replies":[{"embeddable":true,"href":"https:\/\/timammdouar.fr\/en\/wp-json\/wp\/v2\/comments?post=1840"}],"wp:featuredmedia":[{"embeddable":true,"href":"https:\/\/timammdouar.fr\/en\/wp-json\/wp\/v2\/media\/2064"}],"wp:attachment":[{"href":"https:\/\/timammdouar.fr\/en\/wp-json\/wp\/v2\/media?parent=1840"}],"wp:term":[{"taxonomy":"product_cat","embeddable":true,"href":"https:\/\/timammdouar.fr\/en\/wp-json\/wp\/v2\/product_cat?post=1840"},{"taxonomy":"product_tag","embeddable":true,"href":"https:\/\/timammdouar.fr\/en\/wp-json\/wp\/v2\/product_tag?post=1840"}],"curies":[{"name":"wp","href":"https:\/\/api.w.org\/{rel}","templated":true}]}}