{"id":2185,"date":"2025-12-22T14:07:21","date_gmt":"2025-12-22T13:07:21","guid":{"rendered":"https:\/\/timammdouar.fr\/?post_type=product&#038;p=2185"},"modified":"2025-12-24T14:45:26","modified_gmt":"2025-12-24T13:45:26","slug":"cheque-cadeau-20-e","status":"publish","type":"product","link":"https:\/\/timammdouar.fr\/en\/product\/cheque-cadeau-20-e\/","title":{"rendered":"Ch\u00e8que cadeau 20 \u20ac"},"content":{"rendered":"<p>Je peux vous l&rsquo;envoyer en support papier ou en version num\u00e9rique, n&rsquo;h\u00e9sitez pas \u00e0 me faire savoir vos pr\u00e9f\u00e9rences en message attach\u00e9 \u00e0 votre commande!<\/p>","protected":false},"excerpt":{"rendered":"<p>Ch\u00e8que cadeau \u00e0 valoir sur l&rsquo;ensemble de la gamme.<\/p>","protected":false},"featured_media":2208,"comment_status":"closed","ping_status":"closed","template":"","meta":{"_acf_changed":false},"product_cat":[51,53],"product_tag":[],"acf":[],"featured_image_urls_v2":{"full":["https:\/\/timammdouar.fr\/wp-content\/uploads\/2025\/12\/Cheque-cadeau-e-boutique-20e-Ti-Mamm-Douar.jpg",826,1169,false],"thumbnail":["https:\/\/timammdouar.fr\/wp-content\/uploads\/2025\/12\/Cheque-cadeau-e-boutique-20e-Ti-Mamm-Douar-150x150.jpg",150,150,true],"medium":["https:\/\/timammdouar.fr\/wp-content\/uploads\/2025\/12\/Cheque-cadeau-e-boutique-20e-Ti-Mamm-Douar-212x300.jpg",212,300,true],"medium_large":["https:\/\/timammdouar.fr\/wp-content\/uploads\/2025\/12\/Cheque-cadeau-e-boutique-20e-Ti-Mamm-Douar-768x1087.jpg",768,1087,true],"large":["https:\/\/timammdouar.fr\/wp-content\/uploads\/2025\/12\/Cheque-cadeau-e-boutique-20e-Ti-Mamm-Douar-724x1024.jpg",724,1024,true],"1536x1536":["https:\/\/timammdouar.fr\/wp-content\/uploads\/2025\/12\/Cheque-cadeau-e-boutique-20e-Ti-Mamm-Douar.jpg",826,1169,false],"2048x2048":["https:\/\/timammdouar.fr\/wp-content\/uploads\/2025\/12\/Cheque-cadeau-e-boutique-20e-Ti-Mamm-Douar.jpg",826,1169,false],"trp-custom-language-flag":["https:\/\/timammdouar.fr\/wp-content\/uploads\/2025\/12\/Cheque-cadeau-e-boutique-20e-Ti-Mamm-Douar-8x12.jpg",8,12,true],"extension-popular-post":["https:\/\/timammdouar.fr\/wp-content\/uploads\/2025\/12\/Cheque-cadeau-e-boutique-20e-Ti-Mamm-Douar-75x75.jpg",75,75,true],"woocommerce_thumbnail":["https:\/\/timammdouar.fr\/wp-content\/uploads\/2025\/12\/Cheque-cadeau-e-boutique-20e-Ti-Mamm-Douar-300x300.jpg",300,300,true],"woocommerce_single":["https:\/\/timammdouar.fr\/wp-content\/uploads\/2025\/12\/Cheque-cadeau-e-boutique-20e-Ti-Mamm-Douar-600x849.jpg",600,849,true],"woocommerce_gallery_thumbnail":["https:\/\/timammdouar.fr\/wp-content\/uploads\/2025\/12\/Cheque-cadeau-e-boutique-20e-Ti-Mamm-Douar-100x100.jpg",100,100,true]},"post_excerpt_stackable_v2":"<p>Ch\u00e8que cadeau \u00e0 valoir sur l&rsquo;ensemble de la gamme.<\/p>\n","category_list_v2":"","author_info_v2":{"name":"","url":""},"comments_num_v2":"0 comments","yoast_head":"<!-- This site is optimized with the Yoast SEO plugin v23.5 - https:\/\/yoast.com\/wordpress\/plugins\/seo\/ -->\n<title>Ch\u00e8que cadeau 20 \u20ac - Ti mamm douar<\/title>\n<meta name=\"robots\" content=\"index, follow, max-snippet:-1, max-image-preview:large, max-video-preview:-1\" \/>\n<link rel=\"canonical\" href=\"https:\/\/timammdouar.fr\/en\/product\/cheque-cadeau-20-e\/\" \/>\n<meta property=\"og:locale\" content=\"en_GB\" \/>\n<meta property=\"og:type\" content=\"article\" \/>\n<meta property=\"og:title\" content=\"Ch\u00e8que cadeau 20 \u20ac - Ti mamm douar\" \/>\n<meta property=\"og:description\" content=\"Ch\u00e8que cadeau \u00e0 valoir sur l&#039;ensemble de la gamme.\" \/>\n<meta property=\"og:url\" content=\"https:\/\/timammdouar.fr\/en\/product\/cheque-cadeau-20-e\/\" \/>\n<meta property=\"og:site_name\" content=\"Ti mamm douar\" \/>\n<meta property=\"article:publisher\" content=\"https:\/\/www.facebook.com\/Timammdouar.fermeagroeco\/\" \/>\n<meta property=\"article:modified_time\" content=\"2025-12-24T13:45:26+00:00\" \/>\n<meta property=\"og:image\" content=\"https:\/\/timammdouar.fr\/wp-content\/uploads\/2025\/12\/Cheque-cadeau-e-boutique-20e-Ti-Mamm-Douar.jpg\" \/>\n\t<meta property=\"og:image:width\" content=\"826\" \/>\n\t<meta property=\"og:image:height\" content=\"1169\" \/>\n\t<meta property=\"og:image:type\" content=\"image\/jpeg\" \/>\n<meta name=\"twitter:card\" content=\"summary_large_image\" \/>\n<meta name=\"twitter:label1\" content=\"Estimated reading time\" \/>\n\t<meta name=\"twitter:data1\" content=\"1 minute\" \/>\n<script type=\"application\/ld+json\" class=\"yoast-schema-graph\">{\"@context\":\"https:\/\/schema.org\",\"@graph\":[{\"@type\":\"WebPage\",\"@id\":\"https:\/\/timammdouar.fr\/produit\/cheque-cadeau-20-e\/\",\"url\":\"https:\/\/timammdouar.fr\/produit\/cheque-cadeau-20-e\/\",\"name\":\"Ch\u00e8que cadeau 20 \u20ac - Ti mamm douar\",\"isPartOf\":{\"@id\":\"https:\/\/timammdouar.fr\/#website\"},\"primaryImageOfPage\":{\"@id\":\"https:\/\/timammdouar.fr\/produit\/cheque-cadeau-20-e\/#primaryimage\"},\"image\":{\"@id\":\"https:\/\/timammdouar.fr\/produit\/cheque-cadeau-20-e\/#primaryimage\"},\"thumbnailUrl\":\"https:\/\/timammdouar.fr\/wp-content\/uploads\/2025\/12\/Cheque-cadeau-e-boutique-20e-Ti-Mamm-Douar.jpg\",\"datePublished\":\"2025-12-22T13:07:21+00:00\",\"dateModified\":\"2025-12-24T13:45:26+00:00\",\"breadcrumb\":{\"@id\":\"https:\/\/timammdouar.fr\/produit\/cheque-cadeau-20-e\/#breadcrumb\"},\"inLanguage\":\"en-GB\",\"potentialAction\":[{\"@type\":\"ReadAction\",\"target\":[\"https:\/\/timammdouar.fr\/produit\/cheque-cadeau-20-e\/\"]}]},{\"@type\":\"ImageObject\",\"inLanguage\":\"en-GB\",\"@id\":\"https:\/\/timammdouar.fr\/produit\/cheque-cadeau-20-e\/#primaryimage\",\"url\":\"https:\/\/timammdouar.fr\/wp-content\/uploads\/2025\/12\/Cheque-cadeau-e-boutique-20e-Ti-Mamm-Douar.jpg\",\"contentUrl\":\"https:\/\/timammdouar.fr\/wp-content\/uploads\/2025\/12\/Cheque-cadeau-e-boutique-20e-Ti-Mamm-Douar.jpg\",\"width\":826,\"height\":1169},{\"@type\":\"BreadcrumbList\",\"@id\":\"https:\/\/timammdouar.fr\/produit\/cheque-cadeau-20-e\/#breadcrumb\",\"itemListElement\":[{\"@type\":\"ListItem\",\"position\":1,\"name\":\"Accueil\",\"item\":\"https:\/\/timammdouar.fr\/\"},{\"@type\":\"ListItem\",\"position\":2,\"name\":\"Produits issus de plantes aromatiques et m\u00e9dicinales\",\"item\":\"https:\/\/timammdouar.fr\/nos-produits\/produits-issus-de-plantes-aromatiques-et-medicinales\/\"},{\"@type\":\"ListItem\",\"position\":3,\"name\":\"Ch\u00e8que cadeau 20 \u20ac\"}]},{\"@type\":\"WebSite\",\"@id\":\"https:\/\/timammdouar.fr\/#website\",\"url\":\"https:\/\/timammdouar.fr\/\",\"name\":\"Ti mamm douar\",\"description\":\"Ferme agro-\u00e9cologique des montagnes noires\",\"publisher\":{\"@id\":\"https:\/\/timammdouar.fr\/#organization\"},\"potentialAction\":[{\"@type\":\"SearchAction\",\"target\":{\"@type\":\"EntryPoint\",\"urlTemplate\":\"https:\/\/timammdouar.fr\/?s={search_term_string}\"},\"query-input\":{\"@type\":\"PropertyValueSpecification\",\"valueRequired\":true,\"valueName\":\"search_term_string\"}}],\"inLanguage\":\"en-GB\"},{\"@type\":\"Organization\",\"@id\":\"https:\/\/timammdouar.fr\/#organization\",\"name\":\"Ti mamm douar\",\"url\":\"https:\/\/timammdouar.fr\/\",\"logo\":{\"@type\":\"ImageObject\",\"inLanguage\":\"en-GB\",\"@id\":\"https:\/\/timammdouar.fr\/#\/schema\/logo\/image\/\",\"url\":\"https:\/\/timammdouar.fr\/wp-content\/uploads\/2020\/03\/cropped-WEB-Logo-NB_TI-MAMM-DOUAR_2019-e1584807257800-1.png\",\"contentUrl\":\"https:\/\/timammdouar.fr\/wp-content\/uploads\/2020\/03\/cropped-WEB-Logo-NB_TI-MAMM-DOUAR_2019-e1584807257800-1.png\",\"width\":225,\"height\":224,\"caption\":\"Ti mamm douar\"},\"image\":{\"@id\":\"https:\/\/timammdouar.fr\/#\/schema\/logo\/image\/\"},\"sameAs\":[\"https:\/\/www.facebook.com\/Timammdouar.fermeagroeco\/\",\"https:\/\/www.instagram.com\/timammdouar\/\"]}]}<\/script>\n<!-- \/ Yoast SEO plugin. -->","yoast_head_json":{"title":"Ch\u00e8que cadeau 20 \u20ac - Ti mamm douar","robots":{"index":"index","follow":"follow","max-snippet":"max-snippet:-1","max-image-preview":"max-image-preview:large","max-video-preview":"max-video-preview:-1"},"canonical":"https:\/\/timammdouar.fr\/en\/product\/cheque-cadeau-20-e\/","og_locale":"en_GB","og_type":"article","og_title":"Ch\u00e8que cadeau 20 \u20ac - Ti mamm douar","og_description":"Ch\u00e8que cadeau \u00e0 valoir sur l'ensemble de la gamme.","og_url":"https:\/\/timammdouar.fr\/en\/product\/cheque-cadeau-20-e\/","og_site_name":"Ti mamm douar","article_publisher":"https:\/\/www.facebook.com\/Timammdouar.fermeagroeco\/","article_modified_time":"2025-12-24T13:45:26+00:00","og_image":[{"width":826,"height":1169,"url":"https:\/\/timammdouar.fr\/wp-content\/uploads\/2025\/12\/Cheque-cadeau-e-boutique-20e-Ti-Mamm-Douar.jpg","type":"image\/jpeg"}],"twitter_card":"summary_large_image","twitter_misc":{"Estimated reading time":"1 minute"},"schema":{"@context":"https:\/\/schema.org","@graph":[{"@type":"WebPage","@id":"https:\/\/timammdouar.fr\/produit\/cheque-cadeau-20-e\/","url":"https:\/\/timammdouar.fr\/produit\/cheque-cadeau-20-e\/","name":"Ch\u00e8que cadeau 20 \u20ac - Ti mamm douar","isPartOf":{"@id":"https:\/\/timammdouar.fr\/#website"},"primaryImageOfPage":{"@id":"https:\/\/timammdouar.fr\/produit\/cheque-cadeau-20-e\/#primaryimage"},"image":{"@id":"https:\/\/timammdouar.fr\/produit\/cheque-cadeau-20-e\/#primaryimage"},"thumbnailUrl":"https:\/\/timammdouar.fr\/wp-content\/uploads\/2025\/12\/Cheque-cadeau-e-boutique-20e-Ti-Mamm-Douar.jpg","datePublished":"2025-12-22T13:07:21+00:00","dateModified":"2025-12-24T13:45:26+00:00","breadcrumb":{"@id":"https:\/\/timammdouar.fr\/produit\/cheque-cadeau-20-e\/#breadcrumb"},"inLanguage":"en-GB","potentialAction":[{"@type":"ReadAction","target":["https:\/\/timammdouar.fr\/produit\/cheque-cadeau-20-e\/"]}]},{"@type":"ImageObject","inLanguage":"en-GB","@id":"https:\/\/timammdouar.fr\/produit\/cheque-cadeau-20-e\/#primaryimage","url":"https:\/\/timammdouar.fr\/wp-content\/uploads\/2025\/12\/Cheque-cadeau-e-boutique-20e-Ti-Mamm-Douar.jpg","contentUrl":"https:\/\/timammdouar.fr\/wp-content\/uploads\/2025\/12\/Cheque-cadeau-e-boutique-20e-Ti-Mamm-Douar.jpg","width":826,"height":1169},{"@type":"BreadcrumbList","@id":"https:\/\/timammdouar.fr\/produit\/cheque-cadeau-20-e\/#breadcrumb","itemListElement":[{"@type":"ListItem","position":1,"name":"Accueil","item":"https:\/\/timammdouar.fr\/"},{"@type":"ListItem","position":2,"name":"Produits issus de plantes aromatiques et m\u00e9dicinales","item":"https:\/\/timammdouar.fr\/nos-produits\/produits-issus-de-plantes-aromatiques-et-medicinales\/"},{"@type":"ListItem","position":3,"name":"Ch\u00e8que cadeau 20 \u20ac"}]},{"@type":"WebSite","@id":"https:\/\/timammdouar.fr\/#website","url":"https:\/\/timammdouar.fr\/","name":"Ti mamm douar","description":"Ferme agro-\u00e9cologique des montagnes noires","publisher":{"@id":"https:\/\/timammdouar.fr\/#organization"},"potentialAction":[{"@type":"SearchAction","target":{"@type":"EntryPoint","urlTemplate":"https:\/\/timammdouar.fr\/?s={search_term_string}"},"query-input":{"@type":"PropertyValueSpecification","valueRequired":true,"valueName":"search_term_string"}}],"inLanguage":"en-GB"},{"@type":"Organization","@id":"https:\/\/timammdouar.fr\/#organization","name":"Ti mamm douar","url":"https:\/\/timammdouar.fr\/","logo":{"@type":"ImageObject","inLanguage":"en-GB","@id":"https:\/\/timammdouar.fr\/#\/schema\/logo\/image\/","url":"https:\/\/timammdouar.fr\/wp-content\/uploads\/2020\/03\/cropped-WEB-Logo-NB_TI-MAMM-DOUAR_2019-e1584807257800-1.png","contentUrl":"https:\/\/timammdouar.fr\/wp-content\/uploads\/2020\/03\/cropped-WEB-Logo-NB_TI-MAMM-DOUAR_2019-e1584807257800-1.png","width":225,"height":224,"caption":"Ti mamm douar"},"image":{"@id":"https:\/\/timammdouar.fr\/#\/schema\/logo\/image\/"},"sameAs":["https:\/\/www.facebook.com\/Timammdouar.fermeagroeco\/","https:\/\/www.instagram.com\/timammdouar\/"]}]}},"_links":{"self":[{"href":"https:\/\/timammdouar.fr\/en\/wp-json\/wp\/v2\/product\/2185"}],"collection":[{"href":"https:\/\/timammdouar.fr\/en\/wp-json\/wp\/v2\/product"}],"about":[{"href":"https:\/\/timammdouar.fr\/en\/wp-json\/wp\/v2\/types\/product"}],"replies":[{"embeddable":true,"href":"https:\/\/timammdouar.fr\/en\/wp-json\/wp\/v2\/comments?post=2185"}],"wp:featuredmedia":[{"embeddable":true,"href":"https:\/\/timammdouar.fr\/en\/wp-json\/wp\/v2\/media\/2208"}],"wp:attachment":[{"href":"https:\/\/timammdouar.fr\/en\/wp-json\/wp\/v2\/media?parent=2185"}],"wp:term":[{"taxonomy":"product_cat","embeddable":true,"href":"https:\/\/timammdouar.fr\/en\/wp-json\/wp\/v2\/product_cat?post=2185"},{"taxonomy":"product_tag","embeddable":true,"href":"https:\/\/timammdouar.fr\/en\/wp-json\/wp\/v2\/product_tag?post=2185"}],"curies":[{"name":"wp","href":"https:\/\/api.w.org\/{rel}","templated":true}]}}