{"id":501,"date":"2023-10-29T01:38:59","date_gmt":"2023-10-28T23:38:59","guid":{"rendered":"https:\/\/timammdouar.fr\/?post_type=product&#038;p=501"},"modified":"2025-12-23T12:33:26","modified_gmt":"2025-12-23T11:33:26","slug":"test-plante-2","status":"publish","type":"product","link":"https:\/\/timammdouar.fr\/en\/product\/test-plante-2\/","title":{"rendered":"La Vestale &#8211; S\u00e9rum purifiant (30\u00a0ml)"},"content":{"rendered":"<p>\u00c0 base d&rsquo;huile de mac\u00e9ration solaire de pens\u00e9e sauvage, menthe poivr\u00e9e, bourrache, g\u00e9ranium rosat et d&rsquo;huile essentielle de lavande sauvage<\/p>\n<p>Poids net: 30 ml<\/p>\n<p>INCI: HELIANTHUS ANNUUS SEED OIL \/ VIOLA TRICOLOR EXTRACT, HELIANTHUS ANNUUS SEED OIL \/ PELARGONIUM ROSEUM LEAF EXTRACT, HELIANTHUS ANNUUS SEED OIL \/ BORAGO OFFICINALIS LEAF EXTRACT, HELIANTHUS ANNUUS SEED OIL \/ MENTHA PIPERITA LEAF EXTRACT, LAVANDULA ANGUSTIFOLIA OIL, linalool (naturellement pr\u00e9sent dans les huiles essentielles)<\/p>","protected":false},"excerpt":{"rendered":"<p>R\u00e9gule et apaise les peaux qui bourgeonnent (acn\u00e9, ecz\u00e9ma, psoriasis, etc.), id\u00e9ale aussi lors des Lunes ou de besoin de vivacit\u00e9<\/p>","protected":false},"featured_media":2075,"comment_status":"closed","ping_status":"closed","template":"","meta":{"_acf_changed":false},"product_cat":[50],"product_tag":[],"acf":[],"featured_image_urls_v2":{"full":["https:\/\/timammdouar.fr\/wp-content\/uploads\/2023\/10\/serum-vestale.jpg",747,1600,false],"thumbnail":["https:\/\/timammdouar.fr\/wp-content\/uploads\/2023\/10\/serum-vestale-150x150.jpg",150,150,true],"medium":["https:\/\/timammdouar.fr\/wp-content\/uploads\/2023\/10\/serum-vestale-140x300.jpg",140,300,true],"medium_large":["https:\/\/timammdouar.fr\/wp-content\/uploads\/2023\/10\/serum-vestale.jpg",747,1600,false],"large":["https:\/\/timammdouar.fr\/wp-content\/uploads\/2023\/10\/serum-vestale-478x1024.jpg",478,1024,true],"1536x1536":["https:\/\/timammdouar.fr\/wp-content\/uploads\/2023\/10\/serum-vestale-717x1536.jpg",717,1536,true],"2048x2048":["https:\/\/timammdouar.fr\/wp-content\/uploads\/2023\/10\/serum-vestale.jpg",747,1600,false],"trp-custom-language-flag":["https:\/\/timammdouar.fr\/wp-content\/uploads\/2023\/10\/serum-vestale-6x12.jpg",6,12,true],"extension-popular-post":["https:\/\/timammdouar.fr\/wp-content\/uploads\/2023\/10\/serum-vestale-75x75.jpg",75,75,true],"woocommerce_thumbnail":["https:\/\/timammdouar.fr\/wp-content\/uploads\/2023\/10\/serum-vestale-300x300.jpg",300,300,true],"woocommerce_single":["https:\/\/timammdouar.fr\/wp-content\/uploads\/2023\/10\/serum-vestale-600x1285.jpg",600,1285,true],"woocommerce_gallery_thumbnail":["https:\/\/timammdouar.fr\/wp-content\/uploads\/2023\/10\/serum-vestale-100x100.jpg",100,100,true]},"post_excerpt_stackable_v2":"<p>R\u00e9gule et apaise les peaux qui bourgeonnent (acn\u00e9, ecz\u00e9ma, psoriasis, etc.), id\u00e9ale aussi lors des Lunes ou de besoin de vivacit\u00e9<\/p>\n","category_list_v2":"","author_info_v2":{"name":"","url":""},"comments_num_v2":"0 comments","yoast_head":"<!-- This site is optimized with the Yoast SEO plugin v23.5 - https:\/\/yoast.com\/wordpress\/plugins\/seo\/ -->\n<title>La Vestale - S\u00e9rum purifiant (30\u00a0ml) - Ti mamm douar<\/title>\n<meta name=\"robots\" content=\"index, follow, max-snippet:-1, max-image-preview:large, max-video-preview:-1\" \/>\n<link rel=\"canonical\" href=\"https:\/\/timammdouar.fr\/en\/product\/test-plante-2\/\" \/>\n<meta property=\"og:locale\" content=\"en_GB\" \/>\n<meta property=\"og:type\" content=\"article\" \/>\n<meta property=\"og:title\" content=\"La Vestale - S\u00e9rum purifiant (30\u00a0ml) - Ti mamm douar\" \/>\n<meta property=\"og:description\" content=\"R\u00e9gule et apaise les peaux qui bourgeonnent (acn\u00e9, ecz\u00e9ma, psoriasis, etc.), id\u00e9ale aussi lors des Lunes ou de besoin de vivacit\u00e9\" \/>\n<meta property=\"og:url\" content=\"https:\/\/timammdouar.fr\/en\/product\/test-plante-2\/\" \/>\n<meta property=\"og:site_name\" content=\"Ti mamm douar\" \/>\n<meta property=\"article:publisher\" content=\"https:\/\/www.facebook.com\/Timammdouar.fermeagroeco\/\" \/>\n<meta property=\"article:modified_time\" content=\"2025-12-23T11:33:26+00:00\" \/>\n<meta property=\"og:image\" content=\"https:\/\/timammdouar.fr\/wp-content\/uploads\/2023\/10\/serum-vestale.jpg\" \/>\n\t<meta property=\"og:image:width\" content=\"747\" \/>\n\t<meta property=\"og:image:height\" content=\"1600\" \/>\n\t<meta property=\"og:image:type\" content=\"image\/jpeg\" \/>\n<meta name=\"twitter:card\" content=\"summary_large_image\" \/>\n<meta name=\"twitter:label1\" content=\"Estimated reading time\" \/>\n\t<meta name=\"twitter:data1\" content=\"1 minute\" \/>\n<script type=\"application\/ld+json\" class=\"yoast-schema-graph\">{\"@context\":\"https:\/\/schema.org\",\"@graph\":[{\"@type\":\"WebPage\",\"@id\":\"https:\/\/timammdouar.fr\/produit\/test-plante-2\/\",\"url\":\"https:\/\/timammdouar.fr\/produit\/test-plante-2\/\",\"name\":\"La Vestale - S\u00e9rum purifiant (30\u00a0ml) - Ti mamm douar\",\"isPartOf\":{\"@id\":\"https:\/\/timammdouar.fr\/#website\"},\"primaryImageOfPage\":{\"@id\":\"https:\/\/timammdouar.fr\/produit\/test-plante-2\/#primaryimage\"},\"image\":{\"@id\":\"https:\/\/timammdouar.fr\/produit\/test-plante-2\/#primaryimage\"},\"thumbnailUrl\":\"https:\/\/timammdouar.fr\/wp-content\/uploads\/2023\/10\/serum-vestale.jpg\",\"datePublished\":\"2023-10-28T23:38:59+00:00\",\"dateModified\":\"2025-12-23T11:33:26+00:00\",\"breadcrumb\":{\"@id\":\"https:\/\/timammdouar.fr\/produit\/test-plante-2\/#breadcrumb\"},\"inLanguage\":\"en-GB\",\"potentialAction\":[{\"@type\":\"ReadAction\",\"target\":[\"https:\/\/timammdouar.fr\/produit\/test-plante-2\/\"]}]},{\"@type\":\"ImageObject\",\"inLanguage\":\"en-GB\",\"@id\":\"https:\/\/timammdouar.fr\/produit\/test-plante-2\/#primaryimage\",\"url\":\"https:\/\/timammdouar.fr\/wp-content\/uploads\/2023\/10\/serum-vestale.jpg\",\"contentUrl\":\"https:\/\/timammdouar.fr\/wp-content\/uploads\/2023\/10\/serum-vestale.jpg\",\"width\":747,\"height\":1600},{\"@type\":\"BreadcrumbList\",\"@id\":\"https:\/\/timammdouar.fr\/produit\/test-plante-2\/#breadcrumb\",\"itemListElement\":[{\"@type\":\"ListItem\",\"position\":1,\"name\":\"Accueil\",\"item\":\"https:\/\/timammdouar.fr\/\"},{\"@type\":\"ListItem\",\"position\":2,\"name\":\"Produits issus de plantes aromatiques et m\u00e9dicinales\",\"item\":\"https:\/\/timammdouar.fr\/nos-produits\/produits-issus-de-plantes-aromatiques-et-medicinales\/\"},{\"@type\":\"ListItem\",\"position\":3,\"name\":\"La Vestale &#8211; S\u00e9rum purifiant (30\u00a0ml)\"}]},{\"@type\":\"WebSite\",\"@id\":\"https:\/\/timammdouar.fr\/#website\",\"url\":\"https:\/\/timammdouar.fr\/\",\"name\":\"Ti mamm douar\",\"description\":\"Ferme agro-\u00e9cologique des montagnes noires\",\"publisher\":{\"@id\":\"https:\/\/timammdouar.fr\/#organization\"},\"potentialAction\":[{\"@type\":\"SearchAction\",\"target\":{\"@type\":\"EntryPoint\",\"urlTemplate\":\"https:\/\/timammdouar.fr\/?s={search_term_string}\"},\"query-input\":{\"@type\":\"PropertyValueSpecification\",\"valueRequired\":true,\"valueName\":\"search_term_string\"}}],\"inLanguage\":\"en-GB\"},{\"@type\":\"Organization\",\"@id\":\"https:\/\/timammdouar.fr\/#organization\",\"name\":\"Ti mamm douar\",\"url\":\"https:\/\/timammdouar.fr\/\",\"logo\":{\"@type\":\"ImageObject\",\"inLanguage\":\"en-GB\",\"@id\":\"https:\/\/timammdouar.fr\/#\/schema\/logo\/image\/\",\"url\":\"https:\/\/timammdouar.fr\/wp-content\/uploads\/2020\/03\/cropped-WEB-Logo-NB_TI-MAMM-DOUAR_2019-e1584807257800-1.png\",\"contentUrl\":\"https:\/\/timammdouar.fr\/wp-content\/uploads\/2020\/03\/cropped-WEB-Logo-NB_TI-MAMM-DOUAR_2019-e1584807257800-1.png\",\"width\":225,\"height\":224,\"caption\":\"Ti mamm douar\"},\"image\":{\"@id\":\"https:\/\/timammdouar.fr\/#\/schema\/logo\/image\/\"},\"sameAs\":[\"https:\/\/www.facebook.com\/Timammdouar.fermeagroeco\/\",\"https:\/\/www.instagram.com\/timammdouar\/\"]}]}<\/script>\n<!-- \/ Yoast SEO plugin. -->","yoast_head_json":{"title":"La Vestale - S\u00e9rum purifiant (30\u00a0ml) - Ti mamm douar","robots":{"index":"index","follow":"follow","max-snippet":"max-snippet:-1","max-image-preview":"max-image-preview:large","max-video-preview":"max-video-preview:-1"},"canonical":"https:\/\/timammdouar.fr\/en\/product\/test-plante-2\/","og_locale":"en_GB","og_type":"article","og_title":"La Vestale - S\u00e9rum purifiant (30\u00a0ml) - Ti mamm douar","og_description":"R\u00e9gule et apaise les peaux qui bourgeonnent (acn\u00e9, ecz\u00e9ma, psoriasis, etc.), id\u00e9ale aussi lors des Lunes ou de besoin de vivacit\u00e9","og_url":"https:\/\/timammdouar.fr\/en\/product\/test-plante-2\/","og_site_name":"Ti mamm douar","article_publisher":"https:\/\/www.facebook.com\/Timammdouar.fermeagroeco\/","article_modified_time":"2025-12-23T11:33:26+00:00","og_image":[{"width":747,"height":1600,"url":"https:\/\/timammdouar.fr\/wp-content\/uploads\/2023\/10\/serum-vestale.jpg","type":"image\/jpeg"}],"twitter_card":"summary_large_image","twitter_misc":{"Estimated reading time":"1 minute"},"schema":{"@context":"https:\/\/schema.org","@graph":[{"@type":"WebPage","@id":"https:\/\/timammdouar.fr\/produit\/test-plante-2\/","url":"https:\/\/timammdouar.fr\/produit\/test-plante-2\/","name":"La Vestale - S\u00e9rum purifiant (30\u00a0ml) - Ti mamm douar","isPartOf":{"@id":"https:\/\/timammdouar.fr\/#website"},"primaryImageOfPage":{"@id":"https:\/\/timammdouar.fr\/produit\/test-plante-2\/#primaryimage"},"image":{"@id":"https:\/\/timammdouar.fr\/produit\/test-plante-2\/#primaryimage"},"thumbnailUrl":"https:\/\/timammdouar.fr\/wp-content\/uploads\/2023\/10\/serum-vestale.jpg","datePublished":"2023-10-28T23:38:59+00:00","dateModified":"2025-12-23T11:33:26+00:00","breadcrumb":{"@id":"https:\/\/timammdouar.fr\/produit\/test-plante-2\/#breadcrumb"},"inLanguage":"en-GB","potentialAction":[{"@type":"ReadAction","target":["https:\/\/timammdouar.fr\/produit\/test-plante-2\/"]}]},{"@type":"ImageObject","inLanguage":"en-GB","@id":"https:\/\/timammdouar.fr\/produit\/test-plante-2\/#primaryimage","url":"https:\/\/timammdouar.fr\/wp-content\/uploads\/2023\/10\/serum-vestale.jpg","contentUrl":"https:\/\/timammdouar.fr\/wp-content\/uploads\/2023\/10\/serum-vestale.jpg","width":747,"height":1600},{"@type":"BreadcrumbList","@id":"https:\/\/timammdouar.fr\/produit\/test-plante-2\/#breadcrumb","itemListElement":[{"@type":"ListItem","position":1,"name":"Accueil","item":"https:\/\/timammdouar.fr\/"},{"@type":"ListItem","position":2,"name":"Produits issus de plantes aromatiques et m\u00e9dicinales","item":"https:\/\/timammdouar.fr\/nos-produits\/produits-issus-de-plantes-aromatiques-et-medicinales\/"},{"@type":"ListItem","position":3,"name":"La Vestale &#8211; S\u00e9rum purifiant (30\u00a0ml)"}]},{"@type":"WebSite","@id":"https:\/\/timammdouar.fr\/#website","url":"https:\/\/timammdouar.fr\/","name":"Ti mamm douar","description":"Ferme agro-\u00e9cologique des montagnes noires","publisher":{"@id":"https:\/\/timammdouar.fr\/#organization"},"potentialAction":[{"@type":"SearchAction","target":{"@type":"EntryPoint","urlTemplate":"https:\/\/timammdouar.fr\/?s={search_term_string}"},"query-input":{"@type":"PropertyValueSpecification","valueRequired":true,"valueName":"search_term_string"}}],"inLanguage":"en-GB"},{"@type":"Organization","@id":"https:\/\/timammdouar.fr\/#organization","name":"Ti mamm douar","url":"https:\/\/timammdouar.fr\/","logo":{"@type":"ImageObject","inLanguage":"en-GB","@id":"https:\/\/timammdouar.fr\/#\/schema\/logo\/image\/","url":"https:\/\/timammdouar.fr\/wp-content\/uploads\/2020\/03\/cropped-WEB-Logo-NB_TI-MAMM-DOUAR_2019-e1584807257800-1.png","contentUrl":"https:\/\/timammdouar.fr\/wp-content\/uploads\/2020\/03\/cropped-WEB-Logo-NB_TI-MAMM-DOUAR_2019-e1584807257800-1.png","width":225,"height":224,"caption":"Ti mamm douar"},"image":{"@id":"https:\/\/timammdouar.fr\/#\/schema\/logo\/image\/"},"sameAs":["https:\/\/www.facebook.com\/Timammdouar.fermeagroeco\/","https:\/\/www.instagram.com\/timammdouar\/"]}]}},"_links":{"self":[{"href":"https:\/\/timammdouar.fr\/en\/wp-json\/wp\/v2\/product\/501"}],"collection":[{"href":"https:\/\/timammdouar.fr\/en\/wp-json\/wp\/v2\/product"}],"about":[{"href":"https:\/\/timammdouar.fr\/en\/wp-json\/wp\/v2\/types\/product"}],"replies":[{"embeddable":true,"href":"https:\/\/timammdouar.fr\/en\/wp-json\/wp\/v2\/comments?post=501"}],"wp:featuredmedia":[{"embeddable":true,"href":"https:\/\/timammdouar.fr\/en\/wp-json\/wp\/v2\/media\/2075"}],"wp:attachment":[{"href":"https:\/\/timammdouar.fr\/en\/wp-json\/wp\/v2\/media?parent=501"}],"wp:term":[{"taxonomy":"product_cat","embeddable":true,"href":"https:\/\/timammdouar.fr\/en\/wp-json\/wp\/v2\/product_cat?post=501"},{"taxonomy":"product_tag","embeddable":true,"href":"https:\/\/timammdouar.fr\/en\/wp-json\/wp\/v2\/product_tag?post=501"}],"curies":[{"name":"wp","href":"https:\/\/api.w.org\/{rel}","templated":true}]}}