{"id":503,"date":"2020-03-26T23:56:19","date_gmt":"2020-03-26T22:56:19","guid":{"rendered":"https:\/\/timammdouar.fr\/?post_type=product&#038;p=503"},"modified":"2023-11-05T18:59:17","modified_gmt":"2023-11-05T17:59:17","slug":"melange-de-plantes","status":"publish","type":"product","link":"https:\/\/timammdouar.fr\/en\/product\/melange-de-plantes\/","title":{"rendered":"M\u00e9lange de plantes(NE PAS TOUCHER)"},"content":{"rendered":"","protected":false},"excerpt":{"rendered":"<p>Nous proposons de simples m\u00e9langes de plantes fra\u00eeches ou s\u00e8ches sur demande. pour voir le d\u00e9tail et commander, veuillez revenir sur la page\u00a0de cat\u00e9gorie de <a href=\"https:\/\/timammdouar.fr\/en\/product-category\/simples-ou-melanges-de-plantes-fraiches-ou-seches-sur-demande\/\">simple ou m\u00e9lange de plantes fra\u00eeches ou s\u00e8ches sur demande<\/a><\/p>","protected":false},"featured_media":511,"comment_status":"closed","ping_status":"closed","template":"","meta":{"_acf_changed":false},"product_brand":[],"product_cat":[24],"product_tag":[],"class_list":{"0":"post-503","1":"product","2":"type-product","3":"status-publish","4":"has-post-thumbnail","6":"product_cat-simples-ou-melanges-de-plantes-fraiches-ou-seches-sur-demande","7":"product_shipping_class-france-colissimo","9":"first","10":"instock","11":"taxable","12":"shipping-taxable","13":"product-type-simple"},"acf":[],"featured_image_urls_v2":{"full":["https:\/\/timammdouar.fr\/wp-content\/uploads\/2020\/03\/melangeplantes.jpg",600,600,false],"thumbnail":["https:\/\/timammdouar.fr\/wp-content\/uploads\/2020\/03\/melangeplantes-150x150.jpg",150,150,true],"medium":["https:\/\/timammdouar.fr\/wp-content\/uploads\/2020\/03\/melangeplantes-300x300.jpg",300,300,true],"medium_large":["https:\/\/timammdouar.fr\/wp-content\/uploads\/2020\/03\/melangeplantes.jpg",600,600,false],"large":["https:\/\/timammdouar.fr\/wp-content\/uploads\/2020\/03\/melangeplantes.jpg",600,600,false],"1536x1536":["https:\/\/timammdouar.fr\/wp-content\/uploads\/2020\/03\/melangeplantes.jpg",600,600,false],"2048x2048":["https:\/\/timammdouar.fr\/wp-content\/uploads\/2020\/03\/melangeplantes.jpg",600,600,false],"trp-custom-language-flag":["https:\/\/timammdouar.fr\/wp-content\/uploads\/2020\/03\/melangeplantes.jpg",12,12,false],"extension-popular-post":["https:\/\/timammdouar.fr\/wp-content\/uploads\/2020\/03\/melangeplantes-75x75.jpg",75,75,true],"woocommerce_thumbnail":["https:\/\/timammdouar.fr\/wp-content\/uploads\/2020\/03\/melangeplantes-300x300.jpg",300,300,true],"woocommerce_single":["https:\/\/timammdouar.fr\/wp-content\/uploads\/2020\/03\/melangeplantes.jpg",600,600,false],"woocommerce_gallery_thumbnail":["https:\/\/timammdouar.fr\/wp-content\/uploads\/2020\/03\/melangeplantes-100x100.jpg",100,100,true]},"post_excerpt_stackable_v2":"<p>Nous proposons de simples m\u00e9langes de plantes fra\u00eeches ou s\u00e8ches sur demande. pour voir le d\u00e9tail et commander, veuillez revenir sur la page\u00a0de cat\u00e9gorie de <a href=\"https:\/\/timammdouar.fr\/categorie-produit\/simples-ou-melanges-de-plantes-fraiches-ou-seches-sur-demande\/\">simple ou m\u00e9lange de plantes fra\u00eeches ou s\u00e8ches sur demande<\/a><\/p>\n","category_list_v2":"","author_info_v2":{"name":"","url":""},"comments_num_v2":"0 comments","yoast_head":"<!-- This site is optimized with the Yoast SEO plugin v27.5 - https:\/\/yoast.com\/product\/yoast-seo-wordpress\/ -->\n<title>M\u00e9lange de plantes(NE PAS TOUCHER) - Ti mamm douar<\/title>\n<meta name=\"robots\" content=\"index, follow, max-snippet:-1, max-image-preview:large, max-video-preview:-1\" \/>\n<link rel=\"canonical\" href=\"https:\/\/timammdouar.fr\/en\/product\/melange-de-plantes\/\" \/>\n<meta property=\"og:locale\" content=\"en_GB\" \/>\n<meta property=\"og:type\" content=\"article\" \/>\n<meta property=\"og:title\" content=\"M\u00e9lange de plantes(NE PAS TOUCHER) - Ti mamm douar\" \/>\n<meta property=\"og:description\" content=\"Nous proposons de simples m\u00e9langes de plantes fra\u00eeches ou s\u00e8ches sur demande. pour voir le d\u00e9tail et commander, veuillez revenir sur la page\u00a0de cat\u00e9gorie de simple ou m\u00e9lange de plantes fra\u00eeches ou s\u00e8ches sur demande\" \/>\n<meta property=\"og:url\" content=\"https:\/\/timammdouar.fr\/en\/product\/melange-de-plantes\/\" \/>\n<meta property=\"og:site_name\" content=\"Ti mamm douar\" \/>\n<meta property=\"article:publisher\" content=\"https:\/\/www.facebook.com\/Timammdouar.fermeagroeco\/\" \/>\n<meta property=\"article:modified_time\" content=\"2023-11-05T17:59:17+00:00\" \/>\n<meta property=\"og:image\" content=\"https:\/\/timammdouar.fr\/wp-content\/uploads\/2020\/03\/melangeplantes.jpg\" \/>\n\t<meta property=\"og:image:width\" content=\"600\" \/>\n\t<meta property=\"og:image:height\" content=\"600\" \/>\n\t<meta property=\"og:image:type\" content=\"image\/jpeg\" \/>\n<meta name=\"twitter:card\" content=\"summary_large_image\" \/>\n<script type=\"application\/ld+json\" class=\"yoast-schema-graph\">{\"@context\":\"https:\\\/\\\/schema.org\",\"@graph\":[{\"@type\":\"WebPage\",\"@id\":\"https:\\\/\\\/timammdouar.fr\\\/produit\\\/melange-de-plantes\\\/\",\"url\":\"https:\\\/\\\/timammdouar.fr\\\/produit\\\/melange-de-plantes\\\/\",\"name\":\"M\u00e9lange de plantes(NE PAS TOUCHER) - Ti mamm douar\",\"isPartOf\":{\"@id\":\"https:\\\/\\\/timammdouar.fr\\\/#website\"},\"primaryImageOfPage\":{\"@id\":\"https:\\\/\\\/timammdouar.fr\\\/produit\\\/melange-de-plantes\\\/#primaryimage\"},\"image\":{\"@id\":\"https:\\\/\\\/timammdouar.fr\\\/produit\\\/melange-de-plantes\\\/#primaryimage\"},\"thumbnailUrl\":\"https:\\\/\\\/timammdouar.fr\\\/wp-content\\\/uploads\\\/2020\\\/03\\\/melangeplantes.jpg\",\"datePublished\":\"2020-03-26T22:56:19+00:00\",\"dateModified\":\"2023-11-05T17:59:17+00:00\",\"breadcrumb\":{\"@id\":\"https:\\\/\\\/timammdouar.fr\\\/produit\\\/melange-de-plantes\\\/#breadcrumb\"},\"inLanguage\":\"en-GB\",\"potentialAction\":[{\"@type\":\"ReadAction\",\"target\":[\"https:\\\/\\\/timammdouar.fr\\\/produit\\\/melange-de-plantes\\\/\"]}]},{\"@type\":\"ImageObject\",\"inLanguage\":\"en-GB\",\"@id\":\"https:\\\/\\\/timammdouar.fr\\\/produit\\\/melange-de-plantes\\\/#primaryimage\",\"url\":\"https:\\\/\\\/timammdouar.fr\\\/wp-content\\\/uploads\\\/2020\\\/03\\\/melangeplantes.jpg\",\"contentUrl\":\"https:\\\/\\\/timammdouar.fr\\\/wp-content\\\/uploads\\\/2020\\\/03\\\/melangeplantes.jpg\",\"width\":600,\"height\":600,\"caption\":\"m\u00e9lange de plantes\"},{\"@type\":\"BreadcrumbList\",\"@id\":\"https:\\\/\\\/timammdouar.fr\\\/produit\\\/melange-de-plantes\\\/#breadcrumb\",\"itemListElement\":[{\"@type\":\"ListItem\",\"position\":1,\"name\":\"Accueil\",\"item\":\"https:\\\/\\\/timammdouar.fr\\\/\"},{\"@type\":\"ListItem\",\"position\":2,\"name\":\"Produits issus de plantes aromatiques et m\u00e9dicinales\",\"item\":\"https:\\\/\\\/timammdouar.fr\\\/nos-produits\\\/produits-issus-de-plantes-aromatiques-et-medicinales\\\/\"},{\"@type\":\"ListItem\",\"position\":3,\"name\":\"M\u00e9lange de plantes(NE PAS TOUCHER)\"}]},{\"@type\":\"WebSite\",\"@id\":\"https:\\\/\\\/timammdouar.fr\\\/#website\",\"url\":\"https:\\\/\\\/timammdouar.fr\\\/\",\"name\":\"Ti mamm douar\",\"description\":\"Ferme agro-\u00e9cologique des montagnes noires\",\"publisher\":{\"@id\":\"https:\\\/\\\/timammdouar.fr\\\/#organization\"},\"potentialAction\":[{\"@type\":\"SearchAction\",\"target\":{\"@type\":\"EntryPoint\",\"urlTemplate\":\"https:\\\/\\\/timammdouar.fr\\\/?s={search_term_string}\"},\"query-input\":{\"@type\":\"PropertyValueSpecification\",\"valueRequired\":true,\"valueName\":\"search_term_string\"}}],\"inLanguage\":\"en-GB\"},{\"@type\":\"Organization\",\"@id\":\"https:\\\/\\\/timammdouar.fr\\\/#organization\",\"name\":\"Ti mamm douar\",\"url\":\"https:\\\/\\\/timammdouar.fr\\\/\",\"logo\":{\"@type\":\"ImageObject\",\"inLanguage\":\"en-GB\",\"@id\":\"https:\\\/\\\/timammdouar.fr\\\/#\\\/schema\\\/logo\\\/image\\\/\",\"url\":\"https:\\\/\\\/timammdouar.fr\\\/wp-content\\\/uploads\\\/2020\\\/03\\\/cropped-WEB-Logo-NB_TI-MAMM-DOUAR_2019-e1584807257800-1.png\",\"contentUrl\":\"https:\\\/\\\/timammdouar.fr\\\/wp-content\\\/uploads\\\/2020\\\/03\\\/cropped-WEB-Logo-NB_TI-MAMM-DOUAR_2019-e1584807257800-1.png\",\"width\":225,\"height\":224,\"caption\":\"Ti mamm douar\"},\"image\":{\"@id\":\"https:\\\/\\\/timammdouar.fr\\\/#\\\/schema\\\/logo\\\/image\\\/\"},\"sameAs\":[\"https:\\\/\\\/www.facebook.com\\\/Timammdouar.fermeagroeco\\\/\",\"https:\\\/\\\/www.instagram.com\\\/timammdouar\\\/\"]}]}<\/script>\n<!-- \/ Yoast SEO plugin. -->","yoast_head_json":{"title":"M\u00e9lange de plantes(NE PAS TOUCHER) - Ti mamm douar","robots":{"index":"index","follow":"follow","max-snippet":"max-snippet:-1","max-image-preview":"max-image-preview:large","max-video-preview":"max-video-preview:-1"},"canonical":"https:\/\/timammdouar.fr\/en\/product\/melange-de-plantes\/","og_locale":"en_GB","og_type":"article","og_title":"M\u00e9lange de plantes(NE PAS TOUCHER) - Ti mamm douar","og_description":"Nous proposons de simples m\u00e9langes de plantes fra\u00eeches ou s\u00e8ches sur demande. pour voir le d\u00e9tail et commander, veuillez revenir sur la page\u00a0de cat\u00e9gorie de simple ou m\u00e9lange de plantes fra\u00eeches ou s\u00e8ches sur demande","og_url":"https:\/\/timammdouar.fr\/en\/product\/melange-de-plantes\/","og_site_name":"Ti mamm douar","article_publisher":"https:\/\/www.facebook.com\/Timammdouar.fermeagroeco\/","article_modified_time":"2023-11-05T17:59:17+00:00","og_image":[{"width":600,"height":600,"url":"https:\/\/timammdouar.fr\/wp-content\/uploads\/2020\/03\/melangeplantes.jpg","type":"image\/jpeg"}],"twitter_card":"summary_large_image","schema":{"@context":"https:\/\/schema.org","@graph":[{"@type":"WebPage","@id":"https:\/\/timammdouar.fr\/produit\/melange-de-plantes\/","url":"https:\/\/timammdouar.fr\/produit\/melange-de-plantes\/","name":"M\u00e9lange de plantes(NE PAS TOUCHER) - Ti mamm douar","isPartOf":{"@id":"https:\/\/timammdouar.fr\/#website"},"primaryImageOfPage":{"@id":"https:\/\/timammdouar.fr\/produit\/melange-de-plantes\/#primaryimage"},"image":{"@id":"https:\/\/timammdouar.fr\/produit\/melange-de-plantes\/#primaryimage"},"thumbnailUrl":"https:\/\/timammdouar.fr\/wp-content\/uploads\/2020\/03\/melangeplantes.jpg","datePublished":"2020-03-26T22:56:19+00:00","dateModified":"2023-11-05T17:59:17+00:00","breadcrumb":{"@id":"https:\/\/timammdouar.fr\/produit\/melange-de-plantes\/#breadcrumb"},"inLanguage":"en-GB","potentialAction":[{"@type":"ReadAction","target":["https:\/\/timammdouar.fr\/produit\/melange-de-plantes\/"]}]},{"@type":"ImageObject","inLanguage":"en-GB","@id":"https:\/\/timammdouar.fr\/produit\/melange-de-plantes\/#primaryimage","url":"https:\/\/timammdouar.fr\/wp-content\/uploads\/2020\/03\/melangeplantes.jpg","contentUrl":"https:\/\/timammdouar.fr\/wp-content\/uploads\/2020\/03\/melangeplantes.jpg","width":600,"height":600,"caption":"m\u00e9lange de plantes"},{"@type":"BreadcrumbList","@id":"https:\/\/timammdouar.fr\/produit\/melange-de-plantes\/#breadcrumb","itemListElement":[{"@type":"ListItem","position":1,"name":"Accueil","item":"https:\/\/timammdouar.fr\/"},{"@type":"ListItem","position":2,"name":"Produits issus de plantes aromatiques et m\u00e9dicinales","item":"https:\/\/timammdouar.fr\/nos-produits\/produits-issus-de-plantes-aromatiques-et-medicinales\/"},{"@type":"ListItem","position":3,"name":"M\u00e9lange de plantes(NE PAS TOUCHER)"}]},{"@type":"WebSite","@id":"https:\/\/timammdouar.fr\/#website","url":"https:\/\/timammdouar.fr\/","name":"Ti mamm douar","description":"Ferme agro-\u00e9cologique des montagnes noires","publisher":{"@id":"https:\/\/timammdouar.fr\/#organization"},"potentialAction":[{"@type":"SearchAction","target":{"@type":"EntryPoint","urlTemplate":"https:\/\/timammdouar.fr\/?s={search_term_string}"},"query-input":{"@type":"PropertyValueSpecification","valueRequired":true,"valueName":"search_term_string"}}],"inLanguage":"en-GB"},{"@type":"Organization","@id":"https:\/\/timammdouar.fr\/#organization","name":"Ti mamm douar","url":"https:\/\/timammdouar.fr\/","logo":{"@type":"ImageObject","inLanguage":"en-GB","@id":"https:\/\/timammdouar.fr\/#\/schema\/logo\/image\/","url":"https:\/\/timammdouar.fr\/wp-content\/uploads\/2020\/03\/cropped-WEB-Logo-NB_TI-MAMM-DOUAR_2019-e1584807257800-1.png","contentUrl":"https:\/\/timammdouar.fr\/wp-content\/uploads\/2020\/03\/cropped-WEB-Logo-NB_TI-MAMM-DOUAR_2019-e1584807257800-1.png","width":225,"height":224,"caption":"Ti mamm douar"},"image":{"@id":"https:\/\/timammdouar.fr\/#\/schema\/logo\/image\/"},"sameAs":["https:\/\/www.facebook.com\/Timammdouar.fermeagroeco\/","https:\/\/www.instagram.com\/timammdouar\/"]}]}},"_links":{"self":[{"href":"https:\/\/timammdouar.fr\/en\/wp-json\/wp\/v2\/product\/503","targetHints":{"allow":["GET"]}}],"collection":[{"href":"https:\/\/timammdouar.fr\/en\/wp-json\/wp\/v2\/product"}],"about":[{"href":"https:\/\/timammdouar.fr\/en\/wp-json\/wp\/v2\/types\/product"}],"replies":[{"embeddable":true,"href":"https:\/\/timammdouar.fr\/en\/wp-json\/wp\/v2\/comments?post=503"}],"wp:featuredmedia":[{"embeddable":true,"href":"https:\/\/timammdouar.fr\/en\/wp-json\/wp\/v2\/media\/511"}],"wp:attachment":[{"href":"https:\/\/timammdouar.fr\/en\/wp-json\/wp\/v2\/media?parent=503"}],"wp:term":[{"taxonomy":"product_brand","embeddable":true,"href":"https:\/\/timammdouar.fr\/en\/wp-json\/wp\/v2\/product_brand?post=503"},{"taxonomy":"product_cat","embeddable":true,"href":"https:\/\/timammdouar.fr\/en\/wp-json\/wp\/v2\/product_cat?post=503"},{"taxonomy":"product_tag","embeddable":true,"href":"https:\/\/timammdouar.fr\/en\/wp-json\/wp\/v2\/product_tag?post=503"}],"curies":[{"name":"wp","href":"https:\/\/api.w.org\/{rel}","templated":true}]}}